{"id":1079,"date":"2017-11-07T11:36:54","date_gmt":"2017-11-07T10:36:54","guid":{"rendered":"https:\/\/www.zellerhof-lunz.at\/wp2017\/?page_id=1079"},"modified":"2021-07-27T12:55:03","modified_gmt":"2021-07-27T10:55:03","slug":"schneeschuhwandern","status":"publish","type":"page","link":"https:\/\/www.zellerhof-lunz.at\/en\/ausflug\/winter\/schneeschuhwandern\/","title":{"rendered":"SNOWSHOEING"},"content":{"rendered":"<div data-elementor-type=\"wp-post\" data-elementor-id=\"1079\" class=\"elementor elementor-1079\" data-elementor-post-type=\"page\">\n\t\t\t\t\t\t<section class=\"elementor-section elementor-top-section elementor-element elementor-element-94az0u0 elementor-section-boxed elementor-section-height-default elementor-section-height-default\" data-id=\"94az0u0\" data-element_type=\"section\">\n\t\t\t\t\t\t<div class=\"elementor-container elementor-column-gap-default\">\n\t\t\t\t\t<div class=\"elementor-column elementor-col-100 elementor-top-column elementor-element elementor-element-bepshez\" data-id=\"bepshez\" data-element_type=\"column\">\n\t\t\t<div class=\"elementor-widget-wrap elementor-element-populated\">\n\t\t\t\t\t\t<div class=\"elementor-element elementor-element-6p8a1dj elementor-widget elementor-widget-heading\" data-id=\"6p8a1dj\" data-element_type=\"widget\" data-widget_type=\"heading.default\">\n\t\t\t\t<div class=\"elementor-widget-container\">\n\t\t\t\t\t<h1 class=\"elementor-heading-title elementor-size-default\">SNOWSHOEING<\/h1>\t\t\t\t<\/div>\n\t\t\t\t<\/div>\n\t\t\t\t<div class=\"elementor-element elementor-element-8gq3pxc elementor-widget elementor-widget-heading\" data-id=\"8gq3pxc\" data-element_type=\"widget\" data-widget_type=\"heading.default\">\n\t\t\t\t<div class=\"elementor-widget-container\">\n\t\t\t\t\t<h2 class=\"elementor-heading-title elementor-size-default\">In the Lunz am See mountaineering village and its surroundings<\/h2>\t\t\t\t<\/div>\n\t\t\t\t<\/div>\n\t\t\t\t<div class=\"elementor-element elementor-element-hxlyeiy elementor-widget elementor-widget-text-editor\" data-id=\"hxlyeiy\" data-element_type=\"widget\" data-widget_type=\"text-editor.default\">\n\t\t\t\t<div class=\"elementor-widget-container\">\n\t\t\t\t\t\t\t\t\t<p>The Lunz am See mountaineering village and its surroundings isn\u2019t just one of the most beautiful places for hiking and excursions in summer \u2013 it is in winter too! Snowshoeing can be enjoyed any day or night, and by people of all ages.\u00a0<\/p><p>Plod through the snow and enjoy the winter landscape \u2013 and ask us for tips for your winter hike! Snowshoes, hiking poles and sledges can be rented directly from the hotel reception or at the rental shop in the village. We can also organise a guided tour upon request.<\/p>\t\t\t\t\t\t\t\t<\/div>\n\t\t\t\t<\/div>\n\t\t\t\t\t<\/div>\n\t\t<\/div>\n\t\t\t\t\t<\/div>\n\t\t<\/section>\n\t\t\t\t<section class=\"elementor-section elementor-top-section elementor-element elementor-element-fc0697c elementor-section-boxed elementor-section-height-default elementor-section-height-default\" data-id=\"fc0697c\" data-element_type=\"section\">\n\t\t\t\t\t\t<div class=\"elementor-container elementor-column-gap-default\">\n\t\t\t\t\t<div class=\"elementor-column elementor-col-100 elementor-top-column elementor-element elementor-element-42be813\" data-id=\"42be813\" data-element_type=\"column\">\n\t\t\t<div class=\"elementor-widget-wrap elementor-element-populated\">\n\t\t\t\t\t\t<div class=\"elementor-element elementor-element-nkam7ut elementor-arrows-position-inside elementor-widget elementor-widget-image-carousel\" data-id=\"nkam7ut\" data-element_type=\"widget\" data-settings=\"{&quot;slides_to_scroll&quot;:&quot;1&quot;,&quot;navigation&quot;:&quot;arrows&quot;,&quot;image_spacing_custom&quot;:{&quot;unit&quot;:&quot;px&quot;,&quot;size&quot;:5,&quot;sizes&quot;:[]},&quot;autoplay&quot;:&quot;yes&quot;,&quot;pause_on_hover&quot;:&quot;yes&quot;,&quot;pause_on_interaction&quot;:&quot;yes&quot;,&quot;autoplay_speed&quot;:5000,&quot;infinite&quot;:&quot;yes&quot;,&quot;speed&quot;:500,&quot;image_spacing_custom_tablet&quot;:{&quot;unit&quot;:&quot;px&quot;,&quot;size&quot;:&quot;&quot;,&quot;sizes&quot;:[]},&quot;image_spacing_custom_mobile&quot;:{&quot;unit&quot;:&quot;px&quot;,&quot;size&quot;:&quot;&quot;,&quot;sizes&quot;:[]}}\" data-widget_type=\"image-carousel.default\">\n\t\t\t\t<div class=\"elementor-widget-container\">\n\t\t\t\t\t\t\t<div class=\"elementor-image-carousel-wrapper swiper\" role=\"region\" aria-roledescription=\"carousel\" aria-label=\"Image Carousel\" dir=\"ltr\">\n\t\t\t<div class=\"elementor-image-carousel swiper-wrapper\" aria-live=\"off\">\n\t\t\t\t\t\t\t\t<div class=\"swiper-slide\" role=\"group\" aria-roledescription=\"slide\" aria-label=\"1 of 4\"><a data-elementor-open-lightbox=\"yes\" data-elementor-lightbox-slideshow=\"nkam7ut\" data-e-action-hash=\"#elementor-action%3Aaction%3Dlightbox%26settings%3DeyJpZCI6OTA3LCJ1cmwiOiJodHRwczpcL1wvd3d3LnplbGxlcmhvZi1sdW56LmF0XC93cDIwMTdcL3dwLWNvbnRlbnRcL3VwbG9hZHNcLzIwMTdcLzExXC9zY2huZWVzY2h1aHdhbmRlcm4taW4tbGFja2VuaG9mX3dmMTI2NjczLTE0LmpwZyIsInNsaWRlc2hvdyI6Im5rYW03dXQifQ%3D%3D\" href=\"https:\/\/www.zellerhof-lunz.at\/wp2017\/wp-content\/uploads\/2017\/11\/schneeschuhwandern-in-lackenhof_wf126673-14.jpg\"><figure class=\"swiper-slide-inner\"><img decoding=\"async\" class=\"swiper-slide-image\" src=\"https:\/\/www.zellerhof-lunz.at\/wp2017\/wp-content\/uploads\/elementor\/thumbs\/schneeschuhwandern-in-lackenhof_wf126673-14-ngva6jzbuca542tzhdjj73kuynuidiusz67vto4iow.jpg\" alt=\"\" \/><\/figure><\/a><\/div><div class=\"swiper-slide\" role=\"group\" aria-roledescription=\"slide\" aria-label=\"2 of 4\"><a data-elementor-open-lightbox=\"yes\" data-elementor-lightbox-slideshow=\"nkam7ut\" data-elementor-lightbox-title=\"Lackenhof\" data-e-action-hash=\"#elementor-action%3Aaction%3Dlightbox%26settings%3DeyJpZCI6ODk5LCJ1cmwiOiJodHRwczpcL1wvd3d3LnplbGxlcmhvZi1sdW56LmF0XC93cDIwMTdcL3dwLWNvbnRlbnRcL3VwbG9hZHNcLzIwMTdcLzExXC9zY2huZWVzY2h1aHdhbmRlcm4taW4tbGFja2VuaG9mX3MtazIwMTUtMV8xMC0xLmpwZyIsInNsaWRlc2hvdyI6Im5rYW03dXQifQ%3D%3D\" href=\"https:\/\/www.zellerhof-lunz.at\/wp2017\/wp-content\/uploads\/2017\/11\/schneeschuhwandern-in-lackenhof_s-k2015-1_10-1.jpg\"><figure class=\"swiper-slide-inner\"><img decoding=\"async\" class=\"swiper-slide-image\" src=\"https:\/\/www.zellerhof-lunz.at\/wp2017\/wp-content\/uploads\/elementor\/thumbs\/schneeschuhwandern-in-lackenhof_s-k2015-1_10-1-ngva3ahi41tastknjgr61f88phxmncwcv0o6u2yqao.jpg\" alt=\"Lackenhof\" \/><\/figure><\/a><\/div><div class=\"swiper-slide\" role=\"group\" aria-roledescription=\"slide\" aria-label=\"3 of 4\"><a data-elementor-open-lightbox=\"yes\" data-elementor-lightbox-slideshow=\"nkam7ut\" data-e-action-hash=\"#elementor-action%3Aaction%3Dlightbox%26settings%3DeyJpZCI6ODk4LCJ1cmwiOiJodHRwczpcL1wvd3d3LnplbGxlcmhvZi1sdW56LmF0XC93cDIwMTdcL3dwLWNvbnRlbnRcL3VwbG9hZHNcLzIwMTdcLzExXC9zY2huZWVzY2h1aHdhbmRlcm4tYW0tbWFpc3ppbmtlbl9za18xNTExXzEwLTUuanBnIiwic2xpZGVzaG93IjoibmthbTd1dCJ9\" href=\"https:\/\/www.zellerhof-lunz.at\/wp2017\/wp-content\/uploads\/2017\/11\/schneeschuhwandern-am-maiszinken_sk_1511_10-5.jpg\"><figure class=\"swiper-slide-inner\"><img decoding=\"async\" class=\"swiper-slide-image\" src=\"https:\/\/www.zellerhof-lunz.at\/wp2017\/wp-content\/uploads\/elementor\/thumbs\/schneeschuhwandern-am-maiszinken_sk_1511_10-5-ngva35sb5vmv6rrhawq16yexqkkskvdp6derfp5p5s.jpg\" alt=\"\" \/><\/figure><\/a><\/div><div class=\"swiper-slide\" role=\"group\" aria-roledescription=\"slide\" aria-label=\"4 of 4\"><a data-elementor-open-lightbox=\"yes\" data-elementor-lightbox-slideshow=\"nkam7ut\" data-e-action-hash=\"#elementor-action%3Aaction%3Dlightbox%26settings%3DeyJpZCI6ODk3LCJ1cmwiOiJodHRwczpcL1wvd3d3LnplbGxlcmhvZi1sdW56LmF0XC93cDIwMTdcL3dwLWNvbnRlbnRcL3VwbG9hZHNcLzIwMTdcLzExXC9zY2huZWVzY2h1aHdhbmRlcm4tYW0tbWFpc3ppbmtlbl9za18xNTExXzItNC5qcGciLCJzbGlkZXNob3ciOiJua2FtN3V0In0%3D\" href=\"https:\/\/www.zellerhof-lunz.at\/wp2017\/wp-content\/uploads\/2017\/11\/schneeschuhwandern-am-maiszinken_sk_1511_2-4.jpg\"><figure class=\"swiper-slide-inner\"><img decoding=\"async\" class=\"swiper-slide-image\" src=\"https:\/\/www.zellerhof-lunz.at\/wp2017\/wp-content\/uploads\/elementor\/thumbs\/schneeschuhwandern-am-maiszinken_sk_1511_2-4-ngva320yejhpwbwxwv3iwzd3d13bq2yrtustilb9uo.jpg\" alt=\"\" \/><\/figure><\/a><\/div>\t\t\t<\/div>\n\t\t\t\t\t\t\t\t\t\t\t\t<div class=\"elementor-swiper-button elementor-swiper-button-prev\" role=\"button\" tabindex=\"0\">\n\t\t\t\t\t\t<i aria-hidden=\"true\" class=\"eicon-chevron-left\"><\/i>\t\t\t\t\t<\/div>\n\t\t\t\t\t<div class=\"elementor-swiper-button elementor-swiper-button-next\" role=\"button\" tabindex=\"0\">\n\t\t\t\t\t\t<i aria-hidden=\"true\" class=\"eicon-chevron-right\"><\/i>\t\t\t\t\t<\/div>\n\t\t\t\t\n\t\t\t\t\t\t\t\t\t<\/div>\n\t\t\t\t\t\t<\/div>\n\t\t\t\t<\/div>\n\t\t\t\t\t<\/div>\n\t\t<\/div>\n\t\t\t\t\t<\/div>\n\t\t<\/section>\n\t\t\t\t<section class=\"elementor-section elementor-top-section elementor-element elementor-element-f760812 elementor-section-boxed elementor-section-height-default elementor-section-height-default\" data-id=\"f760812\" data-element_type=\"section\">\n\t\t\t\t\t\t<div class=\"elementor-container elementor-column-gap-default\">\n\t\t\t\t\t<div class=\"elementor-column elementor-col-100 elementor-top-column elementor-element elementor-element-396cedd\" data-id=\"396cedd\" data-element_type=\"column\">\n\t\t\t<div class=\"elementor-widget-wrap elementor-element-populated\">\n\t\t\t\t\t\t<section class=\"elementor-section elementor-inner-section elementor-element elementor-element-af2740v elementor-section-boxed elementor-section-height-default elementor-section-height-default\" data-id=\"af2740v\" data-element_type=\"section\">\n\t\t\t\t\t\t<div class=\"elementor-container elementor-column-gap-default\">\n\t\t\t\t\t<div class=\"elementor-column elementor-col-50 elementor-inner-column elementor-element elementor-element-h5ojmns\" data-id=\"h5ojmns\" data-element_type=\"column\">\n\t\t\t<div class=\"elementor-widget-wrap elementor-element-populated\">\n\t\t\t\t\t\t<div class=\"elementor-element elementor-element-io6jnns elementor-widget elementor-widget-text-editor\" data-id=\"io6jnns\" data-element_type=\"widget\" data-widget_type=\"text-editor.default\">\n\t\t\t\t<div class=\"elementor-widget-container\">\n\t\t\t\t\t\t\t\t\t<p><strong>Snowshoeing in Lunz am See<\/strong><\/p><ul><li>Lunz Mountain Tour<\/li><li>Rehberg Tour<\/li><li>Maiszinken Tour<\/li><li>3 Lakes Tour<\/li><\/ul>\t\t\t\t\t\t\t\t<\/div>\n\t\t\t\t<\/div>\n\t\t\t\t\t<\/div>\n\t\t<\/div>\n\t\t\t\t<div class=\"elementor-column elementor-col-50 elementor-inner-column elementor-element elementor-element-jn9f57z\" data-id=\"jn9f57z\" data-element_type=\"column\">\n\t\t\t<div class=\"elementor-widget-wrap elementor-element-populated\">\n\t\t\t\t\t\t<div class=\"elementor-element elementor-element-c48fyks elementor-widget elementor-widget-text-editor\" data-id=\"c48fyks\" data-element_type=\"widget\" data-widget_type=\"text-editor.default\">\n\t\t\t\t<div class=\"elementor-widget-container\">\n\t\t\t\t\t\t\t\t\t<p><strong>Snowshoeing in the area<\/strong><\/p><p>Outside Lunz am See, guided tours are also offered in Lackenhof am \u00d6tscher and G\u00f6stling an der Ybbs when there is sufficient snow.<\/p><p><a href=\"https:\/\/www.ybbstaler-alpen.at\/schneeschuhwandern\" target=\"_blank\" rel=\"noopener\">More information<\/a><\/p>\t\t\t\t\t\t\t\t<\/div>\n\t\t\t\t<\/div>\n\t\t\t\t\t<\/div>\n\t\t<\/div>\n\t\t\t\t\t<\/div>\n\t\t<\/section>\n\t\t\t\t\t<\/div>\n\t\t<\/div>\n\t\t\t\t\t<\/div>\n\t\t<\/section>\n\t\t\t\t<\/div>","protected":false},"excerpt":{"rendered":"<p>Schneeschuhwandern Im Bergsteigerdorf Lunz und Umgebung Nicht nur im Sommer ist das Bergsteigerdorf Lunz am See und die Umgebung einer der sch\u00f6nsten Orte f\u00fcr Wanderungen und Ausfl\u00fcge \u2013 Auch im Winter.\u00a0Schneeschuhwandern ist ein Erlebnis bei Tag und Nacht, f\u00fcr Gro\u00df und Klein.\u00a0 Stapfen Sie durch den Schnee und genie\u00dfen Sie die Winterlandschaft \u2013 wir haben [&hellip;]<\/p>\n","protected":false},"author":1,"featured_media":0,"parent":36,"menu_order":0,"comment_status":"closed","ping_status":"closed","template":"","meta":{"_acf_changed":false,"footnotes":""},"class_list":["post-1079","page","type-page","status-publish","hentry"],"acf":[],"yoast_head":"<!-- This site is optimized with the Yoast SEO plugin v26.8 - https:\/\/yoast.com\/product\/yoast-seo-wordpress\/ -->\n<title>Schneeschuhwandern &#8211; Zellerhof Lunz<\/title>\n<meta name=\"robots\" content=\"index, follow, max-snippet:-1, max-image-preview:large, max-video-preview:-1\" \/>\n<link rel=\"canonical\" href=\"https:\/\/www.zellerhof-lunz.at\/en\/ausflug\/winter\/schneeschuhwandern\/\" \/>\n<meta property=\"og:locale\" content=\"en_US\" \/>\n<meta property=\"og:type\" content=\"article\" \/>\n<meta property=\"og:title\" content=\"Schneeschuhwandern &#8211; Zellerhof Lunz\" \/>\n<meta property=\"og:description\" content=\"Schneeschuhwandern Im Bergsteigerdorf Lunz und Umgebung Nicht nur im Sommer ist das Bergsteigerdorf Lunz am See und die Umgebung einer der sch\u00f6nsten Orte f\u00fcr Wanderungen und Ausfl\u00fcge \u2013 Auch im Winter.\u00a0Schneeschuhwandern ist ein Erlebnis bei Tag und Nacht, f\u00fcr Gro\u00df und Klein.\u00a0 Stapfen Sie durch den Schnee und genie\u00dfen Sie die Winterlandschaft \u2013 wir haben [&hellip;]\" \/>\n<meta property=\"og:url\" content=\"https:\/\/www.zellerhof-lunz.at\/en\/ausflug\/winter\/schneeschuhwandern\/\" \/>\n<meta property=\"og:site_name\" content=\"Zellerhof Lunz\" \/>\n<meta property=\"article:modified_time\" content=\"2021-07-27T10:55:03+00:00\" \/>\n<meta property=\"og:image\" content=\"https:\/\/www.zellerhof-lunz.at\/wp2017\/wp-content\/uploads\/elementor\/thumbs\/schneeschuhwandern-in-lackenhof_wf126673-14-ngva6jzbuca542tzhdjj73kuynuidiusz67vto4iow.jpg\" \/>\n<meta name=\"twitter:card\" content=\"summary_large_image\" \/>\n<meta name=\"twitter:label1\" content=\"Est. reading time\" \/>\n\t<meta name=\"twitter:data1\" content=\"3 minutes\" \/>\n<script type=\"application\/ld+json\" class=\"yoast-schema-graph\">{\"@context\":\"https:\/\/schema.org\",\"@graph\":[{\"@type\":\"WebPage\",\"@id\":\"https:\/\/www.zellerhof-lunz.at\/ausflug\/winter\/schneeschuhwandern\/\",\"url\":\"https:\/\/www.zellerhof-lunz.at\/ausflug\/winter\/schneeschuhwandern\/\",\"name\":\"Schneeschuhwandern &#8211; Zellerhof Lunz\",\"isPartOf\":{\"@id\":\"https:\/\/www.zellerhof-lunz.at\/#website\"},\"primaryImageOfPage\":{\"@id\":\"https:\/\/www.zellerhof-lunz.at\/ausflug\/winter\/schneeschuhwandern\/#primaryimage\"},\"image\":{\"@id\":\"https:\/\/www.zellerhof-lunz.at\/ausflug\/winter\/schneeschuhwandern\/#primaryimage\"},\"thumbnailUrl\":\"https:\/\/www.zellerhof-lunz.at\/wp2017\/wp-content\/uploads\/elementor\/thumbs\/schneeschuhwandern-in-lackenhof_wf126673-14-ngva6jzbuca542tzhdjj73kuynuidiusz67vto4iow.jpg\",\"datePublished\":\"2017-11-07T10:36:54+00:00\",\"dateModified\":\"2021-07-27T10:55:03+00:00\",\"breadcrumb\":{\"@id\":\"https:\/\/www.zellerhof-lunz.at\/ausflug\/winter\/schneeschuhwandern\/#breadcrumb\"},\"inLanguage\":\"en-US\",\"potentialAction\":[{\"@type\":\"ReadAction\",\"target\":[\"https:\/\/www.zellerhof-lunz.at\/ausflug\/winter\/schneeschuhwandern\/\"]}]},{\"@type\":\"ImageObject\",\"inLanguage\":\"en-US\",\"@id\":\"https:\/\/www.zellerhof-lunz.at\/ausflug\/winter\/schneeschuhwandern\/#primaryimage\",\"url\":\"https:\/\/www.zellerhof-lunz.at\/wp2017\/wp-content\/uploads\/elementor\/thumbs\/schneeschuhwandern-in-lackenhof_wf126673-14-ngva6jzbuca542tzhdjj73kuynuidiusz67vto4iow.jpg\",\"contentUrl\":\"https:\/\/www.zellerhof-lunz.at\/wp2017\/wp-content\/uploads\/elementor\/thumbs\/schneeschuhwandern-in-lackenhof_wf126673-14-ngva6jzbuca542tzhdjj73kuynuidiusz67vto4iow.jpg\"},{\"@type\":\"BreadcrumbList\",\"@id\":\"https:\/\/www.zellerhof-lunz.at\/ausflug\/winter\/schneeschuhwandern\/#breadcrumb\",\"itemListElement\":[{\"@type\":\"ListItem\",\"position\":1,\"name\":\"Startseite\",\"item\":\"https:\/\/www.zellerhof-lunz.at\/\"},{\"@type\":\"ListItem\",\"position\":2,\"name\":\"Ausflug\",\"item\":\"https:\/\/www.zellerhof-lunz.at\/ausflug\/\"},{\"@type\":\"ListItem\",\"position\":3,\"name\":\"Winter\",\"item\":\"https:\/\/www.zellerhof-lunz.at\/ausflug\/winter\/\"},{\"@type\":\"ListItem\",\"position\":4,\"name\":\"Schneeschuhwandern\"}]},{\"@type\":\"WebSite\",\"@id\":\"https:\/\/www.zellerhof-lunz.at\/#website\",\"url\":\"https:\/\/www.zellerhof-lunz.at\/\",\"name\":\"Zellerhof Lunz\",\"description\":\"Landhotel, Restaurant und Apartments in Lunz am See\",\"publisher\":{\"@id\":\"https:\/\/www.zellerhof-lunz.at\/#organization\"},\"potentialAction\":[{\"@type\":\"SearchAction\",\"target\":{\"@type\":\"EntryPoint\",\"urlTemplate\":\"https:\/\/www.zellerhof-lunz.at\/?s={search_term_string}\"},\"query-input\":{\"@type\":\"PropertyValueSpecification\",\"valueRequired\":true,\"valueName\":\"search_term_string\"}}],\"inLanguage\":\"en-US\"},{\"@type\":\"Organization\",\"@id\":\"https:\/\/www.zellerhof-lunz.at\/#organization\",\"name\":\"Zellerhof Lunz\",\"url\":\"https:\/\/www.zellerhof-lunz.at\/\",\"logo\":{\"@type\":\"ImageObject\",\"inLanguage\":\"en-US\",\"@id\":\"https:\/\/www.zellerhof-lunz.at\/#\/schema\/logo\/image\/\",\"url\":\"https:\/\/www.zellerhof-lunz.at\/wp2017\/wp-content\/uploads\/2020\/07\/logozh.png\",\"contentUrl\":\"https:\/\/www.zellerhof-lunz.at\/wp2017\/wp-content\/uploads\/2020\/07\/logozh.png\",\"width\":350,\"height\":100,\"caption\":\"Zellerhof Lunz\"},\"image\":{\"@id\":\"https:\/\/www.zellerhof-lunz.at\/#\/schema\/logo\/image\/\"}}]}<\/script>\n<!-- \/ Yoast SEO plugin. -->","yoast_head_json":{"title":"Schneeschuhwandern &#8211; Zellerhof Lunz","robots":{"index":"index","follow":"follow","max-snippet":"max-snippet:-1","max-image-preview":"max-image-preview:large","max-video-preview":"max-video-preview:-1"},"canonical":"https:\/\/www.zellerhof-lunz.at\/en\/ausflug\/winter\/schneeschuhwandern\/","og_locale":"en_US","og_type":"article","og_title":"Schneeschuhwandern &#8211; Zellerhof Lunz","og_description":"Schneeschuhwandern Im Bergsteigerdorf Lunz und Umgebung Nicht nur im Sommer ist das Bergsteigerdorf Lunz am See und die Umgebung einer der sch\u00f6nsten Orte f\u00fcr Wanderungen und Ausfl\u00fcge \u2013 Auch im Winter.\u00a0Schneeschuhwandern ist ein Erlebnis bei Tag und Nacht, f\u00fcr Gro\u00df und Klein.\u00a0 Stapfen Sie durch den Schnee und genie\u00dfen Sie die Winterlandschaft \u2013 wir haben [&hellip;]","og_url":"https:\/\/www.zellerhof-lunz.at\/en\/ausflug\/winter\/schneeschuhwandern\/","og_site_name":"Zellerhof Lunz","article_modified_time":"2021-07-27T10:55:03+00:00","og_image":[{"url":"https:\/\/www.zellerhof-lunz.at\/wp2017\/wp-content\/uploads\/elementor\/thumbs\/schneeschuhwandern-in-lackenhof_wf126673-14-ngva6jzbuca542tzhdjj73kuynuidiusz67vto4iow.jpg","type":"","width":"","height":""}],"twitter_card":"summary_large_image","twitter_misc":{"Est. reading time":"3 minutes"},"schema":{"@context":"https:\/\/schema.org","@graph":[{"@type":"WebPage","@id":"https:\/\/www.zellerhof-lunz.at\/ausflug\/winter\/schneeschuhwandern\/","url":"https:\/\/www.zellerhof-lunz.at\/ausflug\/winter\/schneeschuhwandern\/","name":"Schneeschuhwandern &#8211; Zellerhof Lunz","isPartOf":{"@id":"https:\/\/www.zellerhof-lunz.at\/#website"},"primaryImageOfPage":{"@id":"https:\/\/www.zellerhof-lunz.at\/ausflug\/winter\/schneeschuhwandern\/#primaryimage"},"image":{"@id":"https:\/\/www.zellerhof-lunz.at\/ausflug\/winter\/schneeschuhwandern\/#primaryimage"},"thumbnailUrl":"https:\/\/www.zellerhof-lunz.at\/wp2017\/wp-content\/uploads\/elementor\/thumbs\/schneeschuhwandern-in-lackenhof_wf126673-14-ngva6jzbuca542tzhdjj73kuynuidiusz67vto4iow.jpg","datePublished":"2017-11-07T10:36:54+00:00","dateModified":"2021-07-27T10:55:03+00:00","breadcrumb":{"@id":"https:\/\/www.zellerhof-lunz.at\/ausflug\/winter\/schneeschuhwandern\/#breadcrumb"},"inLanguage":"en-US","potentialAction":[{"@type":"ReadAction","target":["https:\/\/www.zellerhof-lunz.at\/ausflug\/winter\/schneeschuhwandern\/"]}]},{"@type":"ImageObject","inLanguage":"en-US","@id":"https:\/\/www.zellerhof-lunz.at\/ausflug\/winter\/schneeschuhwandern\/#primaryimage","url":"https:\/\/www.zellerhof-lunz.at\/wp2017\/wp-content\/uploads\/elementor\/thumbs\/schneeschuhwandern-in-lackenhof_wf126673-14-ngva6jzbuca542tzhdjj73kuynuidiusz67vto4iow.jpg","contentUrl":"https:\/\/www.zellerhof-lunz.at\/wp2017\/wp-content\/uploads\/elementor\/thumbs\/schneeschuhwandern-in-lackenhof_wf126673-14-ngva6jzbuca542tzhdjj73kuynuidiusz67vto4iow.jpg"},{"@type":"BreadcrumbList","@id":"https:\/\/www.zellerhof-lunz.at\/ausflug\/winter\/schneeschuhwandern\/#breadcrumb","itemListElement":[{"@type":"ListItem","position":1,"name":"Startseite","item":"https:\/\/www.zellerhof-lunz.at\/"},{"@type":"ListItem","position":2,"name":"Ausflug","item":"https:\/\/www.zellerhof-lunz.at\/ausflug\/"},{"@type":"ListItem","position":3,"name":"Winter","item":"https:\/\/www.zellerhof-lunz.at\/ausflug\/winter\/"},{"@type":"ListItem","position":4,"name":"Schneeschuhwandern"}]},{"@type":"WebSite","@id":"https:\/\/www.zellerhof-lunz.at\/#website","url":"https:\/\/www.zellerhof-lunz.at\/","name":"Zellerhof Lunz","description":"Country hotel, restaurant and apartments in Lunz am See","publisher":{"@id":"https:\/\/www.zellerhof-lunz.at\/#organization"},"potentialAction":[{"@type":"SearchAction","target":{"@type":"EntryPoint","urlTemplate":"https:\/\/www.zellerhof-lunz.at\/?s={search_term_string}"},"query-input":{"@type":"PropertyValueSpecification","valueRequired":true,"valueName":"search_term_string"}}],"inLanguage":"en-US"},{"@type":"Organization","@id":"https:\/\/www.zellerhof-lunz.at\/#organization","name":"Zellerhof Lunz","url":"https:\/\/www.zellerhof-lunz.at\/","logo":{"@type":"ImageObject","inLanguage":"en-US","@id":"https:\/\/www.zellerhof-lunz.at\/#\/schema\/logo\/image\/","url":"https:\/\/www.zellerhof-lunz.at\/wp2017\/wp-content\/uploads\/2020\/07\/logozh.png","contentUrl":"https:\/\/www.zellerhof-lunz.at\/wp2017\/wp-content\/uploads\/2020\/07\/logozh.png","width":350,"height":100,"caption":"Zellerhof Lunz"},"image":{"@id":"https:\/\/www.zellerhof-lunz.at\/#\/schema\/logo\/image\/"}}]}},"_links":{"self":[{"href":"https:\/\/www.zellerhof-lunz.at\/en\/wp-json\/wp\/v2\/pages\/1079","targetHints":{"allow":["GET"]}}],"collection":[{"href":"https:\/\/www.zellerhof-lunz.at\/en\/wp-json\/wp\/v2\/pages"}],"about":[{"href":"https:\/\/www.zellerhof-lunz.at\/en\/wp-json\/wp\/v2\/types\/page"}],"author":[{"embeddable":true,"href":"https:\/\/www.zellerhof-lunz.at\/en\/wp-json\/wp\/v2\/users\/1"}],"replies":[{"embeddable":true,"href":"https:\/\/www.zellerhof-lunz.at\/en\/wp-json\/wp\/v2\/comments?post=1079"}],"version-history":[{"count":5,"href":"https:\/\/www.zellerhof-lunz.at\/en\/wp-json\/wp\/v2\/pages\/1079\/revisions"}],"predecessor-version":[{"id":2724,"href":"https:\/\/www.zellerhof-lunz.at\/en\/wp-json\/wp\/v2\/pages\/1079\/revisions\/2724"}],"up":[{"embeddable":true,"href":"https:\/\/www.zellerhof-lunz.at\/en\/wp-json\/wp\/v2\/pages\/36"}],"wp:attachment":[{"href":"https:\/\/www.zellerhof-lunz.at\/en\/wp-json\/wp\/v2\/media?parent=1079"}],"curies":[{"name":"wp","href":"https:\/\/api.w.org\/{rel}","templated":true}]}}