{"id":21,"date":"2017-05-29T14:34:29","date_gmt":"2017-05-29T12:34:29","guid":{"rendered":"http:\/\/zellerhof-lunz.at.w016f721.kasserver.com\/appartements\/"},"modified":"2025-08-11T15:52:13","modified_gmt":"2025-08-11T13:52:13","slug":"apartments","status":"publish","type":"page","link":"https:\/\/www.zellerhof-lunz.at\/en\/apartments\/","title":{"rendered":"Apartment"},"content":{"rendered":"<div data-elementor-type=\"wp-post\" data-elementor-id=\"21\" class=\"elementor elementor-21\" data-elementor-post-type=\"page\">\n\t\t\t\t\t\t<section class=\"elementor-section elementor-top-section elementor-element elementor-element-7f0dyf8 elementor-section-boxed elementor-section-height-default elementor-section-height-default\" data-id=\"7f0dyf8\" data-element_type=\"section\">\n\t\t\t\t\t\t<div class=\"elementor-container elementor-column-gap-default\">\n\t\t\t\t\t<div class=\"elementor-column elementor-col-100 elementor-top-column elementor-element elementor-element-gplkjv5\" data-id=\"gplkjv5\" data-element_type=\"column\">\n\t\t\t<div class=\"elementor-widget-wrap elementor-element-populated\">\n\t\t\t\t\t\t<div class=\"elementor-element elementor-element-xexc1c9 elementor-widget elementor-widget-heading\" data-id=\"xexc1c9\" data-element_type=\"widget\" data-widget_type=\"heading.default\">\n\t\t\t\t<div class=\"elementor-widget-container\">\n\t\t\t\t\t<h1 class=\"elementor-heading-title elementor-size-default\">Apartment mountain lake<\/h1>\t\t\t\t<\/div>\n\t\t\t\t<\/div>\n\t\t\t\t<div class=\"elementor-element elementor-element-eptocre elementor-widget elementor-widget-heading\" data-id=\"eptocre\" data-element_type=\"widget\" data-widget_type=\"heading.default\">\n\t\t\t\t<div class=\"elementor-widget-container\">\n\t\t\t\t\t<h2 class=\"elementor-heading-title elementor-size-default\">Feel-good apartments in Lunz am See<\/h2>\t\t\t\t<\/div>\n\t\t\t\t<\/div>\n\t\t\t\t<div class=\"elementor-element elementor-element-pbxakmw elementor-widget elementor-widget-text-editor\" data-id=\"pbxakmw\" data-element_type=\"widget\" data-widget_type=\"text-editor.default\">\n\t\t\t\t<div class=\"elementor-widget-container\">\n\t\t\t\t\t\t\t\t\t<p>Unser neu renoviertes Apartmenthaus bietet Ihnen 12 Apartments, 6 Doppelzimmer und 1 Familienzimmer. 2017 haben wir f\u00fcr Sie einen modernen, edlen SPA Bereich errichtet. 2021 haben wir zus\u00e4tzlich noch 5 neue Panorama-Apartments errichtet.<\/p><p>Our modern apartments are suited for single travellers, couples and families, plus groups as well. The apartments offer a variety of different furnishings and facilities to meet every taste. All include a shower, toilet, hairdryer, free WiFi, flat screen TV and sofa.<\/p><p>When staying with us in Lunz am See, you can expect your holiday to be full of comfort and harmony. Enjoy your holiday in one of our stylish-yet-rustic apartments or rooms. Our lovingly renovated building with its cosy ambience sets up the perfect conditions for you to relax during your holiday in Lunz am See.<\/p>\t\t\t\t\t\t\t\t<\/div>\n\t\t\t\t<\/div>\n\t\t\t\t\t<\/div>\n\t\t<\/div>\n\t\t\t\t\t<\/div>\n\t\t<\/section>\n\t\t\t\t<section class=\"elementor-section elementor-top-section elementor-element elementor-element-16df637 elementor-section-boxed elementor-section-height-default elementor-section-height-default\" data-id=\"16df637\" data-element_type=\"section\">\n\t\t\t\t\t\t<div class=\"elementor-container elementor-column-gap-default\">\n\t\t\t\t\t<div class=\"elementor-column elementor-col-100 elementor-top-column elementor-element elementor-element-684c113\" data-id=\"684c113\" data-element_type=\"column\">\n\t\t\t<div class=\"elementor-widget-wrap elementor-element-populated\">\n\t\t\t\t\t\t<div class=\"elementor-element elementor-element-j6rh65g elementor-align-center elementor-widget elementor-widget-button\" data-id=\"j6rh65g\" data-element_type=\"widget\" data-widget_type=\"button.default\">\n\t\t\t\t<div class=\"elementor-widget-container\">\n\t\t\t\t\t\t\t\t\t<div class=\"elementor-button-wrapper\">\n\t\t\t\t\t<a class=\"elementor-button elementor-button-link elementor-size-lg\" href=\"https:\/\/www.zellerhof-lunz.at\/en\/apartments\/apartment-preise\/\">\n\t\t\t\t\t\t<span class=\"elementor-button-content-wrapper\">\n\t\t\t\t\t\t\t\t\t<span class=\"elementor-button-text\">View Apartments<\/span>\n\t\t\t\t\t<\/span>\n\t\t\t\t\t<\/a>\n\t\t\t\t<\/div>\n\t\t\t\t\t\t\t\t<\/div>\n\t\t\t\t<\/div>\n\t\t\t\t<div class=\"elementor-element elementor-element-b52ounh elementor-widget elementor-widget-shortcode\" data-id=\"b52ounh\" data-element_type=\"widget\" data-widget_type=\"shortcode.default\">\n\t\t\t\t<div class=\"elementor-widget-container\">\n\t\t\t\t\t\t\t<div class=\"elementor-shortcode\"><div class=\"falke_childpages\"><div class=\"cp_row\"><div class=\"cp_col\" style=\"width: calc(100%\/2);\"><a href=\"https:\/\/www.zellerhof-lunz.at\/en\/apartments\/inklusivleistungen-bergsee\/\" title=\"Included services &quot;Bergsee&quot;\" class=\"cp_content\" style=\"background-image:url(https:\/\/www.zellerhof-lunz.at\/wp2017\/wp-content\/uploads\/2017\/06\/zellerhof1720247cmichael-liebert-1200x800.jpg); background-position:center center\"><span class=\"cp_title\">OUR SERVICES<\/span><\/a><\/div><div class=\"cp_col\" style=\"width: calc(100%\/2);\"><a href=\"https:\/\/www.zellerhof-lunz.at\/en\/apartments\/apartment-preise-neu\/\" title=\"Apartment &amp; Prices\" class=\"cp_content\" style=\"background-image:url(https:\/\/www.zellerhof-lunz.at\/wp2017\/wp-content\/uploads\/2021\/07\/lunzberg_3-1200x799.jpg); background-position:center center\"><span class=\"cp_title\">APARTMENTS &amp; RATES<\/span><\/a><\/div><\/div><div class=\"cp_row\"><div class=\"cp_col\" style=\"width: calc(100%\/2);\"><a href=\"https:\/\/www.zellerhof-lunz.at\/en\/apartments\/kulinarik-genuss\/\" title=\"Culinary &amp; enjoyment\" class=\"cp_content\" style=\"background-image:url(https:\/\/www.zellerhof-lunz.at\/wp2017\/wp-content\/uploads\/2017\/06\/2li3712cmichael-liebert-1200x800.jpg); background-position:center center\"><span class=\"cp_title\">DINING<\/span><\/a><\/div><div class=\"cp_col\" style=\"width: calc(100%\/2);\"><a href=\"https:\/\/www.zellerhof-lunz.at\/en\/apartments\/wissenswertes\/\" title=\"GOOD TO KNOW\" class=\"cp_content\" style=\"background-image:url(https:\/\/www.zellerhof-lunz.at\/wp2017\/wp-content\/uploads\/2017\/06\/zellerhof1720216cmichael-liebert-1200x800.jpg); background-position:center center\"><span class=\"cp_title\">GOOD TO KNOW<\/span><\/a><\/div><\/div><div class=\"cp_row\"><\/div><\/div><\/div>\n\t\t\t\t\t\t<\/div>\n\t\t\t\t<\/div>\n\t\t\t\t\t<\/div>\n\t\t<\/div>\n\t\t\t\t\t<\/div>\n\t\t<\/section>\n\t\t\t\t<\/div>","protected":false},"excerpt":{"rendered":"<p>Apartment Bergsee Apartments zum Wohlf\u00fchlen in Lunz am See Unser neu renoviertes Apartmenthaus bietet Ihnen 12 Apartments, 6 Doppelzimmer und 1 Familienzimmer. 2017 haben wir f\u00fcr Sie einen modernen, edlen SPA Bereich errichtet. 2021 haben wir zus\u00e4tzlich noch 5 neue Panorama-Apartments errichtet. Die modern eingerichteten Apartments sind ideal f\u00fcr Single-Reisende, f\u00fcr Paar- und Familienurlauber sowie [&hellip;]<\/p>\n","protected":false},"author":1,"featured_media":0,"parent":0,"menu_order":25,"comment_status":"closed","ping_status":"closed","template":"tpl-apartment.php","meta":{"_acf_changed":false,"footnotes":""},"class_list":["post-21","page","type-page","status-publish","hentry"],"acf":[],"yoast_head":"<!-- This site is optimized with the Yoast SEO plugin v26.8 - https:\/\/yoast.com\/product\/yoast-seo-wordpress\/ -->\n<title>Apartment &#8211; Zellerhof Lunz<\/title>\n<meta name=\"robots\" content=\"index, follow, max-snippet:-1, max-image-preview:large, max-video-preview:-1\" \/>\n<link rel=\"canonical\" href=\"https:\/\/www.zellerhof-lunz.at\/en\/apartments\/\" \/>\n<meta property=\"og:locale\" content=\"en_US\" \/>\n<meta property=\"og:type\" content=\"article\" \/>\n<meta property=\"og:title\" content=\"Apartment &#8211; Zellerhof Lunz\" \/>\n<meta property=\"og:description\" content=\"Apartment Bergsee Apartments zum Wohlf\u00fchlen in Lunz am See Unser neu renoviertes Apartmenthaus bietet Ihnen 12 Apartments, 6 Doppelzimmer und 1 Familienzimmer. 2017 haben wir f\u00fcr Sie einen modernen, edlen SPA Bereich errichtet. 2021 haben wir zus\u00e4tzlich noch 5 neue Panorama-Apartments errichtet. Die modern eingerichteten Apartments sind ideal f\u00fcr Single-Reisende, f\u00fcr Paar- und Familienurlauber sowie [&hellip;]\" \/>\n<meta property=\"og:url\" content=\"https:\/\/www.zellerhof-lunz.at\/en\/apartments\/\" \/>\n<meta property=\"og:site_name\" content=\"Zellerhof Lunz\" \/>\n<meta property=\"article:modified_time\" content=\"2025-08-11T13:52:13+00:00\" \/>\n<meta name=\"twitter:card\" content=\"summary_large_image\" \/>\n<meta name=\"twitter:label1\" content=\"Est. reading time\" \/>\n\t<meta name=\"twitter:data1\" content=\"1 minute\" \/>\n<script type=\"application\/ld+json\" class=\"yoast-schema-graph\">{\"@context\":\"https:\/\/schema.org\",\"@graph\":[{\"@type\":\"WebPage\",\"@id\":\"https:\/\/www.zellerhof-lunz.at\/apartments\/\",\"url\":\"https:\/\/www.zellerhof-lunz.at\/apartments\/\",\"name\":\"Apartment &#8211; Zellerhof Lunz\",\"isPartOf\":{\"@id\":\"https:\/\/www.zellerhof-lunz.at\/#website\"},\"datePublished\":\"2017-05-29T12:34:29+00:00\",\"dateModified\":\"2025-08-11T13:52:13+00:00\",\"breadcrumb\":{\"@id\":\"https:\/\/www.zellerhof-lunz.at\/apartments\/#breadcrumb\"},\"inLanguage\":\"en-US\",\"potentialAction\":[{\"@type\":\"ReadAction\",\"target\":[\"https:\/\/www.zellerhof-lunz.at\/apartments\/\"]}]},{\"@type\":\"BreadcrumbList\",\"@id\":\"https:\/\/www.zellerhof-lunz.at\/apartments\/#breadcrumb\",\"itemListElement\":[{\"@type\":\"ListItem\",\"position\":1,\"name\":\"Startseite\",\"item\":\"https:\/\/www.zellerhof-lunz.at\/\"},{\"@type\":\"ListItem\",\"position\":2,\"name\":\"Apartment\"}]},{\"@type\":\"WebSite\",\"@id\":\"https:\/\/www.zellerhof-lunz.at\/#website\",\"url\":\"https:\/\/www.zellerhof-lunz.at\/\",\"name\":\"Zellerhof Lunz\",\"description\":\"Landhotel, Restaurant und Apartments in Lunz am See\",\"publisher\":{\"@id\":\"https:\/\/www.zellerhof-lunz.at\/#organization\"},\"potentialAction\":[{\"@type\":\"SearchAction\",\"target\":{\"@type\":\"EntryPoint\",\"urlTemplate\":\"https:\/\/www.zellerhof-lunz.at\/?s={search_term_string}\"},\"query-input\":{\"@type\":\"PropertyValueSpecification\",\"valueRequired\":true,\"valueName\":\"search_term_string\"}}],\"inLanguage\":\"en-US\"},{\"@type\":\"Organization\",\"@id\":\"https:\/\/www.zellerhof-lunz.at\/#organization\",\"name\":\"Zellerhof Lunz\",\"url\":\"https:\/\/www.zellerhof-lunz.at\/\",\"logo\":{\"@type\":\"ImageObject\",\"inLanguage\":\"en-US\",\"@id\":\"https:\/\/www.zellerhof-lunz.at\/#\/schema\/logo\/image\/\",\"url\":\"https:\/\/www.zellerhof-lunz.at\/wp2017\/wp-content\/uploads\/2020\/07\/logozh.png\",\"contentUrl\":\"https:\/\/www.zellerhof-lunz.at\/wp2017\/wp-content\/uploads\/2020\/07\/logozh.png\",\"width\":350,\"height\":100,\"caption\":\"Zellerhof Lunz\"},\"image\":{\"@id\":\"https:\/\/www.zellerhof-lunz.at\/#\/schema\/logo\/image\/\"}}]}<\/script>\n<!-- \/ Yoast SEO plugin. -->","yoast_head_json":{"title":"Apartment &#8211; Zellerhof Lunz","robots":{"index":"index","follow":"follow","max-snippet":"max-snippet:-1","max-image-preview":"max-image-preview:large","max-video-preview":"max-video-preview:-1"},"canonical":"https:\/\/www.zellerhof-lunz.at\/en\/apartments\/","og_locale":"en_US","og_type":"article","og_title":"Apartment &#8211; Zellerhof Lunz","og_description":"Apartment Bergsee Apartments zum Wohlf\u00fchlen in Lunz am See Unser neu renoviertes Apartmenthaus bietet Ihnen 12 Apartments, 6 Doppelzimmer und 1 Familienzimmer. 2017 haben wir f\u00fcr Sie einen modernen, edlen SPA Bereich errichtet. 2021 haben wir zus\u00e4tzlich noch 5 neue Panorama-Apartments errichtet. Die modern eingerichteten Apartments sind ideal f\u00fcr Single-Reisende, f\u00fcr Paar- und Familienurlauber sowie [&hellip;]","og_url":"https:\/\/www.zellerhof-lunz.at\/en\/apartments\/","og_site_name":"Zellerhof Lunz","article_modified_time":"2025-08-11T13:52:13+00:00","twitter_card":"summary_large_image","twitter_misc":{"Est. reading time":"1 minute"},"schema":{"@context":"https:\/\/schema.org","@graph":[{"@type":"WebPage","@id":"https:\/\/www.zellerhof-lunz.at\/apartments\/","url":"https:\/\/www.zellerhof-lunz.at\/apartments\/","name":"Apartment &#8211; Zellerhof Lunz","isPartOf":{"@id":"https:\/\/www.zellerhof-lunz.at\/#website"},"datePublished":"2017-05-29T12:34:29+00:00","dateModified":"2025-08-11T13:52:13+00:00","breadcrumb":{"@id":"https:\/\/www.zellerhof-lunz.at\/apartments\/#breadcrumb"},"inLanguage":"en-US","potentialAction":[{"@type":"ReadAction","target":["https:\/\/www.zellerhof-lunz.at\/apartments\/"]}]},{"@type":"BreadcrumbList","@id":"https:\/\/www.zellerhof-lunz.at\/apartments\/#breadcrumb","itemListElement":[{"@type":"ListItem","position":1,"name":"Startseite","item":"https:\/\/www.zellerhof-lunz.at\/"},{"@type":"ListItem","position":2,"name":"Apartment"}]},{"@type":"WebSite","@id":"https:\/\/www.zellerhof-lunz.at\/#website","url":"https:\/\/www.zellerhof-lunz.at\/","name":"Zellerhof Lunz","description":"Country hotel, restaurant and apartments in Lunz am See","publisher":{"@id":"https:\/\/www.zellerhof-lunz.at\/#organization"},"potentialAction":[{"@type":"SearchAction","target":{"@type":"EntryPoint","urlTemplate":"https:\/\/www.zellerhof-lunz.at\/?s={search_term_string}"},"query-input":{"@type":"PropertyValueSpecification","valueRequired":true,"valueName":"search_term_string"}}],"inLanguage":"en-US"},{"@type":"Organization","@id":"https:\/\/www.zellerhof-lunz.at\/#organization","name":"Zellerhof Lunz","url":"https:\/\/www.zellerhof-lunz.at\/","logo":{"@type":"ImageObject","inLanguage":"en-US","@id":"https:\/\/www.zellerhof-lunz.at\/#\/schema\/logo\/image\/","url":"https:\/\/www.zellerhof-lunz.at\/wp2017\/wp-content\/uploads\/2020\/07\/logozh.png","contentUrl":"https:\/\/www.zellerhof-lunz.at\/wp2017\/wp-content\/uploads\/2020\/07\/logozh.png","width":350,"height":100,"caption":"Zellerhof Lunz"},"image":{"@id":"https:\/\/www.zellerhof-lunz.at\/#\/schema\/logo\/image\/"}}]}},"_links":{"self":[{"href":"https:\/\/www.zellerhof-lunz.at\/en\/wp-json\/wp\/v2\/pages\/21","targetHints":{"allow":["GET"]}}],"collection":[{"href":"https:\/\/www.zellerhof-lunz.at\/en\/wp-json\/wp\/v2\/pages"}],"about":[{"href":"https:\/\/www.zellerhof-lunz.at\/en\/wp-json\/wp\/v2\/types\/page"}],"author":[{"embeddable":true,"href":"https:\/\/www.zellerhof-lunz.at\/en\/wp-json\/wp\/v2\/users\/1"}],"replies":[{"embeddable":true,"href":"https:\/\/www.zellerhof-lunz.at\/en\/wp-json\/wp\/v2\/comments?post=21"}],"version-history":[{"count":57,"href":"https:\/\/www.zellerhof-lunz.at\/en\/wp-json\/wp\/v2\/pages\/21\/revisions"}],"predecessor-version":[{"id":7843,"href":"https:\/\/www.zellerhof-lunz.at\/en\/wp-json\/wp\/v2\/pages\/21\/revisions\/7843"}],"wp:attachment":[{"href":"https:\/\/www.zellerhof-lunz.at\/en\/wp-json\/wp\/v2\/media?parent=21"}],"curies":[{"name":"wp","href":"https:\/\/api.w.org\/{rel}","templated":true}]}}