{"id":23,"date":"2017-05-29T14:34:29","date_gmt":"2017-05-29T12:34:29","guid":{"rendered":"http:\/\/zellerhof-lunz.at.w016f721.kasserver.com\/wellness\/"},"modified":"2021-07-27T12:45:44","modified_gmt":"2021-07-27T10:45:44","slug":"spa-bergsee","status":"publish","type":"page","link":"https:\/\/www.zellerhof-lunz.at\/en\/wellness\/spa-bergsee\/","title":{"rendered":"SPA &quot;Mountain lake&quot;"},"content":{"rendered":"<div data-elementor-type=\"wp-post\" data-elementor-id=\"23\" class=\"elementor elementor-23\" data-elementor-post-type=\"page\">\n\t\t\t\t\t\t<section class=\"elementor-section elementor-top-section elementor-element elementor-element-qmozrlq elementor-section-boxed elementor-section-height-default elementor-section-height-default\" data-id=\"qmozrlq\" data-element_type=\"section\">\n\t\t\t\t\t\t<div class=\"elementor-container elementor-column-gap-default\">\n\t\t\t\t\t<div class=\"elementor-column elementor-col-100 elementor-top-column elementor-element elementor-element-cdelzsu\" data-id=\"cdelzsu\" data-element_type=\"column\">\n\t\t\t<div class=\"elementor-widget-wrap elementor-element-populated\">\n\t\t\t\t\t\t<div class=\"elementor-element elementor-element-99k3y5w elementor-widget elementor-widget-heading\" data-id=\"99k3y5w\" data-element_type=\"widget\" data-widget_type=\"heading.default\">\n\t\t\t\t<div class=\"elementor-widget-container\">\n\t\t\t\t\t<h1 class=\"elementor-heading-title elementor-size-default\">Wellness<\/h1>\t\t\t\t<\/div>\n\t\t\t\t<\/div>\n\t\t\t\t<div class=\"elementor-element elementor-element-a8rqre6 elementor-widget elementor-widget-heading\" data-id=\"a8rqre6\" data-element_type=\"widget\" data-widget_type=\"heading.default\">\n\t\t\t\t<div class=\"elementor-widget-container\">\n\t\t\t\t\t<h2 class=\"elementor-heading-title elementor-size-default\">Unique SPA &amp; WELLNESS AREA in LUNZ am SEE <\/h2>\t\t\t\t<\/div>\n\t\t\t\t<\/div>\n\t\t\t\t<div class=\"elementor-element elementor-element-xsktizx elementor-widget elementor-widget-text-editor\" data-id=\"xsktizx\" data-element_type=\"widget\" data-widget_type=\"text-editor.default\">\n\t\t\t\t<div class=\"elementor-widget-container\">\n\t\t\t\t\t\t\t\t\t<p><br \/><strong>WELLNESS in the BERGSEE Apartments with panoramic views of the YBBSTAL ALPS<\/strong><\/p><p>Enjoy some quality time in our new spa area in the Bergsee Apartments. Our modern spa area is the only one in Lunz am See. It offers a spacious sauna area with stylishly furnished relaxation rooms.<\/p><p>Our steam facilities come with panoramic views, and you can choose from our Finnish sauna (90\u00b0C), organic herbal sauna (65\u00b0C) or steam bath (45\u00b0C). Our sun terrace is also available for you to spend some quality time in the sunshine, complete with wonderful views of the surrounding mountain landscape.<\/p>\t\t\t\t\t\t\t\t<\/div>\n\t\t\t\t<\/div>\n\t\t\t\t\t<\/div>\n\t\t<\/div>\n\t\t\t\t\t<\/div>\n\t\t<\/section>\n\t\t\t\t<section class=\"elementor-section elementor-top-section elementor-element elementor-element-rkjjwsp elementor-section-boxed elementor-section-height-default elementor-section-height-default\" data-id=\"rkjjwsp\" data-element_type=\"section\">\n\t\t\t\t\t\t<div class=\"elementor-container elementor-column-gap-default\">\n\t\t\t\t\t<div class=\"elementor-column elementor-col-50 elementor-top-column elementor-element elementor-element-um9b1bh\" data-id=\"um9b1bh\" data-element_type=\"column\">\n\t\t\t<div class=\"elementor-widget-wrap elementor-element-populated\">\n\t\t\t\t\t\t<div class=\"elementor-element elementor-element-33n6p9e elementor-widget elementor-widget-image\" data-id=\"33n6p9e\" data-element_type=\"widget\" data-widget_type=\"image.default\">\n\t\t\t\t<div class=\"elementor-widget-container\">\n\t\t\t\t\t\t\t\t\t\t\t\t\t\t\t\t<a href=\"https:\/\/www.zellerhof-lunz.at\/wp2017\/wp-content\/uploads\/2017\/05\/wellnessbereich-plan.jpg\" data-elementor-open-lightbox=\"yes\" data-e-action-hash=\"#elementor-action%3Aaction%3Dlightbox%26settings%3DeyJpZCI6MzMzLCJ1cmwiOiJodHRwczpcL1wvd3d3LnplbGxlcmhvZi1sdW56LmF0XC93cDIwMTdcL3dwLWNvbnRlbnRcL3VwbG9hZHNcLzIwMTdcLzA1XC93ZWxsbmVzc2JlcmVpY2gtcGxhbi5qcGcifQ%3D%3D\">\n\t\t\t\t\t\t\t<img fetchpriority=\"high\" decoding=\"async\" width=\"905\" height=\"724\" src=\"https:\/\/www.zellerhof-lunz.at\/wp2017\/wp-content\/uploads\/2017\/05\/wellnessbereich-plan.jpg\" class=\"attachment-large size-large wp-image-333\" alt=\"\" srcset=\"https:\/\/www.zellerhof-lunz.at\/wp2017\/wp-content\/uploads\/2017\/05\/wellnessbereich-plan.jpg 905w, https:\/\/www.zellerhof-lunz.at\/wp2017\/wp-content\/uploads\/2017\/05\/wellnessbereich-plan-300x240.jpg 300w, https:\/\/www.zellerhof-lunz.at\/wp2017\/wp-content\/uploads\/2017\/05\/wellnessbereich-plan-600x480.jpg 600w\" sizes=\"(max-width: 905px) 100vw, 905px\" \/>\t\t\t\t\t\t\t\t<\/a>\n\t\t\t\t\t\t\t\t\t\t\t\t\t\t\t<\/div>\n\t\t\t\t<\/div>\n\t\t\t\t\t<\/div>\n\t\t<\/div>\n\t\t\t\t<div class=\"elementor-column elementor-col-50 elementor-top-column elementor-element elementor-element-8d8owk7\" data-id=\"8d8owk7\" data-element_type=\"column\">\n\t\t\t<div class=\"elementor-widget-wrap elementor-element-populated\">\n\t\t\t\t\t\t<div class=\"elementor-element elementor-element-qqin129 elementor-widget elementor-widget-text-editor\" data-id=\"qqin129\" data-element_type=\"widget\" data-widget_type=\"text-editor.default\">\n\t\t\t\t<div class=\"elementor-widget-container\">\n\t\t\t\t\t\t\t\t\t<h3>350 m\u00b2 of facilities for your well-being<br \/>Spa &amp; Wellness at the BERGSEE APARTMENTS<\/h3><ul><li>Steam facilities with panoramic views, Finnish sauna 90\u00b0C with panoramic view<\/li><li>Organic herbal sauna<\/li><li>Steam bath 45\u00b0C<\/li><li>Room of silence, complete with water bed and six hand-forged comfort loungers<\/li><li>Relaxation room with indulgent loungers and hanging loungers<\/li><li>Rain shower<\/li><li>Fitness area powered by TechnoGym<\/li><li>Two PhysioTherm infrared warming chairs with Kneipp pool<\/li><li>Tea lounge<\/li><li>Sun terrace with panoramic view<\/li><\/ul>\t\t\t\t\t\t\t\t<\/div>\n\t\t\t\t<\/div>\n\t\t\t\t\t<\/div>\n\t\t<\/div>\n\t\t\t\t\t<\/div>\n\t\t<\/section>\n\t\t\t\t<section class=\"elementor-section elementor-top-section elementor-element elementor-element-69levbx elementor-section-boxed elementor-section-height-default elementor-section-height-default\" data-id=\"69levbx\" data-element_type=\"section\">\n\t\t\t\t\t\t<div class=\"elementor-container elementor-column-gap-default\">\n\t\t\t\t\t<div class=\"elementor-column elementor-col-100 elementor-top-column elementor-element elementor-element-48n0qip\" data-id=\"48n0qip\" data-element_type=\"column\">\n\t\t\t<div class=\"elementor-widget-wrap elementor-element-populated\">\n\t\t\t\t\t\t<div class=\"elementor-element elementor-element-yu00hsz elementor-widget elementor-widget-spacer\" data-id=\"yu00hsz\" data-element_type=\"widget\" data-widget_type=\"spacer.default\">\n\t\t\t\t<div class=\"elementor-widget-container\">\n\t\t\t\t\t\t\t<div class=\"elementor-spacer\">\n\t\t\t<div class=\"elementor-spacer-inner\"><\/div>\n\t\t<\/div>\n\t\t\t\t\t\t<\/div>\n\t\t\t\t<\/div>\n\t\t\t\t<div class=\"elementor-element elementor-element-npgpnpu elementor-arrows-position-inside elementor-widget elementor-widget-image-carousel\" data-id=\"npgpnpu\" data-element_type=\"widget\" data-settings=\"{&quot;navigation&quot;:&quot;arrows&quot;,&quot;slides_to_scroll&quot;:&quot;1&quot;,&quot;autoplay&quot;:&quot;yes&quot;,&quot;pause_on_hover&quot;:&quot;yes&quot;,&quot;pause_on_interaction&quot;:&quot;yes&quot;,&quot;autoplay_speed&quot;:5000,&quot;infinite&quot;:&quot;yes&quot;,&quot;speed&quot;:500,&quot;image_spacing_custom&quot;:{&quot;unit&quot;:&quot;px&quot;,&quot;size&quot;:20,&quot;sizes&quot;:[]},&quot;image_spacing_custom_tablet&quot;:{&quot;unit&quot;:&quot;px&quot;,&quot;size&quot;:&quot;&quot;,&quot;sizes&quot;:[]},&quot;image_spacing_custom_mobile&quot;:{&quot;unit&quot;:&quot;px&quot;,&quot;size&quot;:&quot;&quot;,&quot;sizes&quot;:[]}}\" data-widget_type=\"image-carousel.default\">\n\t\t\t\t<div class=\"elementor-widget-container\">\n\t\t\t\t\t\t\t<div class=\"elementor-image-carousel-wrapper swiper\" role=\"region\" aria-roledescription=\"carousel\" aria-label=\"Image Carousel\" dir=\"ltr\">\n\t\t\t<div class=\"elementor-image-carousel swiper-wrapper\" aria-live=\"off\">\n\t\t\t\t\t\t\t\t<div class=\"swiper-slide\" role=\"group\" aria-roledescription=\"slide\" aria-label=\"1 of 5\"><a data-elementor-open-lightbox=\"yes\" data-elementor-lightbox-slideshow=\"npgpnpu\" data-e-action-hash=\"#elementor-action%3Aaction%3Dlightbox%26settings%3DeyJpZCI6MTk3LCJ1cmwiOiJodHRwczpcL1wvd3d3LnplbGxlcmhvZi1sdW56LmF0XC93cDIwMTdcL3dwLWNvbnRlbnRcL3VwbG9hZHNcLzIwMTdcLzA2XC8ybGk0Mjc3Y21pY2hhZWwtbGllYmVydC5qcGciLCJzbGlkZXNob3ciOiJucGdwbnB1In0%3D\" href=\"https:\/\/www.zellerhof-lunz.at\/wp2017\/wp-content\/uploads\/2017\/06\/2li4277cmichael-liebert.jpg\"><figure class=\"swiper-slide-inner\"><img decoding=\"async\" class=\"swiper-slide-image\" src=\"https:\/\/www.zellerhof-lunz.at\/wp2017\/wp-content\/uploads\/elementor\/thumbs\/2li4277cmichael-liebert-n9frgzt87ivjvohboq8wl9ytys25nbggdcvn8jcmzc.jpg\" alt=\"\" \/><\/figure><\/a><\/div><div class=\"swiper-slide\" role=\"group\" aria-roledescription=\"slide\" aria-label=\"2 of 5\"><a data-elementor-open-lightbox=\"yes\" data-elementor-lightbox-slideshow=\"npgpnpu\" data-e-action-hash=\"#elementor-action%3Aaction%3Dlightbox%26settings%3DeyJpZCI6MTUwLCJ1cmwiOiJodHRwczpcL1wvd3d3LnplbGxlcmhvZi1sdW56LmF0XC93cDIwMTdcL3dwLWNvbnRlbnRcL3VwbG9hZHNcLzIwMTdcLzA2XC8ybGk0NDk2Y21pY2hhZWwtbGllYmVydC5qcGciLCJzbGlkZXNob3ciOiJucGdwbnB1In0%3D\" href=\"https:\/\/www.zellerhof-lunz.at\/wp2017\/wp-content\/uploads\/2017\/06\/2li4496cmichael-liebert.jpg\"><figure class=\"swiper-slide-inner\"><img decoding=\"async\" class=\"swiper-slide-image\" src=\"https:\/\/www.zellerhof-lunz.at\/wp2017\/wp-content\/uploads\/elementor\/thumbs\/2li4496cmichael-liebert-n9frcqlj9j1tb8nvje0psump4z1bsnk7gaji0fnt5k.jpg\" alt=\"\" \/><\/figure><\/a><\/div><div class=\"swiper-slide\" role=\"group\" aria-roledescription=\"slide\" aria-label=\"3 of 5\"><a data-elementor-open-lightbox=\"yes\" data-elementor-lightbox-slideshow=\"npgpnpu\" data-e-action-hash=\"#elementor-action%3Aaction%3Dlightbox%26settings%3DeyJpZCI6MTU2LCJ1cmwiOiJodHRwczpcL1wvd3d3LnplbGxlcmhvZi1sdW56LmF0XC93cDIwMTdcL3dwLWNvbnRlbnRcL3VwbG9hZHNcLzIwMTdcLzA2XC8ybGk0NTk0Y21pY2hhZWwtbGllYmVydC5qcGciLCJzbGlkZXNob3ciOiJucGdwbnB1In0%3D\" href=\"https:\/\/www.zellerhof-lunz.at\/wp2017\/wp-content\/uploads\/2017\/06\/2li4594cmichael-liebert.jpg\"><figure class=\"swiper-slide-inner\"><img decoding=\"async\" class=\"swiper-slide-image\" src=\"https:\/\/www.zellerhof-lunz.at\/wp2017\/wp-content\/uploads\/elementor\/thumbs\/2li4594cmichael-liebert-n9frdf1c77z9p3odkol0logokzovcs987ni4hmnkns.jpg\" alt=\"\" \/><\/figure><\/a><\/div><div class=\"swiper-slide\" role=\"group\" aria-roledescription=\"slide\" aria-label=\"4 of 5\"><a data-elementor-open-lightbox=\"yes\" data-elementor-lightbox-slideshow=\"npgpnpu\" data-e-action-hash=\"#elementor-action%3Aaction%3Dlightbox%26settings%3DeyJpZCI6MTQ5LCJ1cmwiOiJodHRwczpcL1wvd3d3LnplbGxlcmhvZi1sdW56LmF0XC93cDIwMTdcL3dwLWNvbnRlbnRcL3VwbG9hZHNcLzIwMTdcLzA2XC8ybGk0NDg1Y21pY2hhZWwtbGllYmVydC5qcGciLCJzbGlkZXNob3ciOiJucGdwbnB1In0%3D\" href=\"https:\/\/www.zellerhof-lunz.at\/wp2017\/wp-content\/uploads\/2017\/06\/2li4485cmichael-liebert.jpg\"><figure class=\"swiper-slide-inner\"><img decoding=\"async\" class=\"swiper-slide-image\" src=\"https:\/\/www.zellerhof-lunz.at\/wp2017\/wp-content\/uploads\/elementor\/thumbs\/2li4485cmichael-liebert-n9frcmu6i6wo0stc5ce7ivkurfjuxv5a3rxk3btdug.jpg\" alt=\"\" \/><\/figure><\/a><\/div><div class=\"swiper-slide\" role=\"group\" aria-roledescription=\"slide\" aria-label=\"5 of 5\"><a data-elementor-open-lightbox=\"yes\" data-elementor-lightbox-slideshow=\"npgpnpu\" data-e-action-hash=\"#elementor-action%3Aaction%3Dlightbox%26settings%3DeyJpZCI6MjAwLCJ1cmwiOiJodHRwczpcL1wvd3d3LnplbGxlcmhvZi1sdW56LmF0XC93cDIwMTdcL3dwLWNvbnRlbnRcL3VwbG9hZHNcLzIwMTdcLzA2XC8ybGk0Mzk3Y21pY2hhZWwtbGllYmVydC5qcGciLCJzbGlkZXNob3ciOiJucGdwbnB1In0%3D\" href=\"https:\/\/www.zellerhof-lunz.at\/wp2017\/wp-content\/uploads\/2017\/06\/2li4397cmichael-liebert.jpg\"><figure class=\"swiper-slide-inner\"><img decoding=\"async\" class=\"swiper-slide-image\" src=\"https:\/\/www.zellerhof-lunz.at\/wp2017\/wp-content\/uploads\/elementor\/thumbs\/2li4397cmichael-liebert-n9frhc14odca2lzkpdj1zovtosdxfdsyr1cyh4uiqg.jpg\" alt=\"\" \/><\/figure><\/a><\/div>\t\t\t<\/div>\n\t\t\t\t\t\t\t\t\t\t\t\t<div class=\"elementor-swiper-button elementor-swiper-button-prev\" role=\"button\" tabindex=\"0\">\n\t\t\t\t\t\t<i aria-hidden=\"true\" class=\"eicon-chevron-left\"><\/i>\t\t\t\t\t<\/div>\n\t\t\t\t\t<div class=\"elementor-swiper-button elementor-swiper-button-next\" role=\"button\" tabindex=\"0\">\n\t\t\t\t\t\t<i aria-hidden=\"true\" class=\"eicon-chevron-right\"><\/i>\t\t\t\t\t<\/div>\n\t\t\t\t\n\t\t\t\t\t\t\t\t\t<\/div>\n\t\t\t\t\t\t<\/div>\n\t\t\t\t<\/div>\n\t\t\t\t\t<\/div>\n\t\t<\/div>\n\t\t\t\t\t<\/div>\n\t\t<\/section>\n\t\t\t\t<\/div>","protected":false},"excerpt":{"rendered":"<p>Wellness Einzigartiger SPA- und WELLNESSBEREICH in LUNZ am SEE WELLNESS mit Panoramablick auf die YBBSTALER ALPEN im Apartement BERGSEE Genie\u00dfen Sie sch\u00f6ne Stunden in unserem neuen SPA-Bereich im Apartement Bergsee. Unser moderner und zugleich einziger SPA-BEREICH in Lunz am See bietet Ihnen eine gro\u00dfz\u00fcgige Saunalandschaft mit stilvoll eingerichteten Ruher\u00e4umen. In der Panorama-Schwitzstube k\u00f6nnen Sie zwischen [&hellip;]<\/p>\n","protected":false},"author":1,"featured_media":0,"parent":737,"menu_order":0,"comment_status":"closed","ping_status":"closed","template":"tpl-apartment.php","meta":{"_acf_changed":false,"footnotes":""},"class_list":["post-23","page","type-page","status-publish","hentry"],"acf":[],"yoast_head":"<!-- This site is optimized with the Yoast SEO plugin v26.8 - https:\/\/yoast.com\/product\/yoast-seo-wordpress\/ -->\n<title>SPA &quot;Bergsee&quot; &#8211; Zellerhof Lunz<\/title>\n<meta name=\"description\" content=\"Genie\u00dfen Sie sch\u00f6ne Stunden in unserem neuen SPA-Bereich im Haus BERGSEE. Die gro\u00dfz\u00fcgige Saunalandschaft mit Ruher\u00e4umen l\u00e4dt zum Entspannen ein.\" \/>\n<meta name=\"robots\" content=\"index, follow, max-snippet:-1, max-image-preview:large, max-video-preview:-1\" \/>\n<link rel=\"canonical\" href=\"https:\/\/www.zellerhof-lunz.at\/en\/wellness\/spa-bergsee\/\" \/>\n<meta property=\"og:locale\" content=\"en_US\" \/>\n<meta property=\"og:type\" content=\"article\" \/>\n<meta property=\"og:title\" content=\"SPA &quot;Bergsee&quot; &#8211; Zellerhof Lunz\" \/>\n<meta property=\"og:description\" content=\"Genie\u00dfen Sie sch\u00f6ne Stunden in unserem neuen SPA-Bereich im Haus BERGSEE. Die gro\u00dfz\u00fcgige Saunalandschaft mit Ruher\u00e4umen l\u00e4dt zum Entspannen ein.\" \/>\n<meta property=\"og:url\" content=\"https:\/\/www.zellerhof-lunz.at\/en\/wellness\/spa-bergsee\/\" \/>\n<meta property=\"og:site_name\" content=\"Zellerhof Lunz\" \/>\n<meta property=\"article:modified_time\" content=\"2021-07-27T10:45:44+00:00\" \/>\n<meta property=\"og:image\" content=\"https:\/\/www.zellerhof-lunz.at\/wp2017\/wp-content\/uploads\/2017\/05\/wellnessbereich-plan.jpg\" \/>\n<meta name=\"twitter:card\" content=\"summary_large_image\" \/>\n<meta name=\"twitter:label1\" content=\"Est. reading time\" \/>\n\t<meta name=\"twitter:data1\" content=\"4 minutes\" \/>\n<script type=\"application\/ld+json\" class=\"yoast-schema-graph\">{\"@context\":\"https:\/\/schema.org\",\"@graph\":[{\"@type\":\"WebPage\",\"@id\":\"https:\/\/www.zellerhof-lunz.at\/wellness\/spa-bergsee\/\",\"url\":\"https:\/\/www.zellerhof-lunz.at\/wellness\/spa-bergsee\/\",\"name\":\"SPA \\\"Bergsee\\\" &#8211; Zellerhof Lunz\",\"isPartOf\":{\"@id\":\"https:\/\/www.zellerhof-lunz.at\/#website\"},\"primaryImageOfPage\":{\"@id\":\"https:\/\/www.zellerhof-lunz.at\/wellness\/spa-bergsee\/#primaryimage\"},\"image\":{\"@id\":\"https:\/\/www.zellerhof-lunz.at\/wellness\/spa-bergsee\/#primaryimage\"},\"thumbnailUrl\":\"https:\/\/www.zellerhof-lunz.at\/wp2017\/wp-content\/uploads\/2017\/05\/wellnessbereich-plan.jpg\",\"datePublished\":\"2017-05-29T12:34:29+00:00\",\"dateModified\":\"2021-07-27T10:45:44+00:00\",\"description\":\"Genie\u00dfen Sie sch\u00f6ne Stunden in unserem neuen SPA-Bereich im Haus BERGSEE. Die gro\u00dfz\u00fcgige Saunalandschaft mit Ruher\u00e4umen l\u00e4dt zum Entspannen ein.\",\"breadcrumb\":{\"@id\":\"https:\/\/www.zellerhof-lunz.at\/wellness\/spa-bergsee\/#breadcrumb\"},\"inLanguage\":\"en-US\",\"potentialAction\":[{\"@type\":\"ReadAction\",\"target\":[\"https:\/\/www.zellerhof-lunz.at\/wellness\/spa-bergsee\/\"]}]},{\"@type\":\"ImageObject\",\"inLanguage\":\"en-US\",\"@id\":\"https:\/\/www.zellerhof-lunz.at\/wellness\/spa-bergsee\/#primaryimage\",\"url\":\"https:\/\/www.zellerhof-lunz.at\/wp2017\/wp-content\/uploads\/2017\/05\/wellnessbereich-plan.jpg\",\"contentUrl\":\"https:\/\/www.zellerhof-lunz.at\/wp2017\/wp-content\/uploads\/2017\/05\/wellnessbereich-plan.jpg\"},{\"@type\":\"BreadcrumbList\",\"@id\":\"https:\/\/www.zellerhof-lunz.at\/wellness\/spa-bergsee\/#breadcrumb\",\"itemListElement\":[{\"@type\":\"ListItem\",\"position\":1,\"name\":\"Startseite\",\"item\":\"https:\/\/www.zellerhof-lunz.at\/\"},{\"@type\":\"ListItem\",\"position\":2,\"name\":\"Wellness\",\"item\":\"https:\/\/www.zellerhof-lunz.at\/wellness\/\"},{\"@type\":\"ListItem\",\"position\":3,\"name\":\"SPA &#8222;Bergsee&#8220;\"}]},{\"@type\":\"WebSite\",\"@id\":\"https:\/\/www.zellerhof-lunz.at\/#website\",\"url\":\"https:\/\/www.zellerhof-lunz.at\/\",\"name\":\"Zellerhof Lunz\",\"description\":\"Landhotel, Restaurant und Apartments in Lunz am See\",\"publisher\":{\"@id\":\"https:\/\/www.zellerhof-lunz.at\/#organization\"},\"potentialAction\":[{\"@type\":\"SearchAction\",\"target\":{\"@type\":\"EntryPoint\",\"urlTemplate\":\"https:\/\/www.zellerhof-lunz.at\/?s={search_term_string}\"},\"query-input\":{\"@type\":\"PropertyValueSpecification\",\"valueRequired\":true,\"valueName\":\"search_term_string\"}}],\"inLanguage\":\"en-US\"},{\"@type\":\"Organization\",\"@id\":\"https:\/\/www.zellerhof-lunz.at\/#organization\",\"name\":\"Zellerhof Lunz\",\"url\":\"https:\/\/www.zellerhof-lunz.at\/\",\"logo\":{\"@type\":\"ImageObject\",\"inLanguage\":\"en-US\",\"@id\":\"https:\/\/www.zellerhof-lunz.at\/#\/schema\/logo\/image\/\",\"url\":\"https:\/\/www.zellerhof-lunz.at\/wp2017\/wp-content\/uploads\/2020\/07\/logozh.png\",\"contentUrl\":\"https:\/\/www.zellerhof-lunz.at\/wp2017\/wp-content\/uploads\/2020\/07\/logozh.png\",\"width\":350,\"height\":100,\"caption\":\"Zellerhof Lunz\"},\"image\":{\"@id\":\"https:\/\/www.zellerhof-lunz.at\/#\/schema\/logo\/image\/\"}}]}<\/script>\n<!-- \/ Yoast SEO plugin. -->","yoast_head_json":{"title":"SPA \"Bergsee\" &#8211; Zellerhof Lunz","description":"Genie\u00dfen Sie sch\u00f6ne Stunden in unserem neuen SPA-Bereich im Haus BERGSEE. Die gro\u00dfz\u00fcgige Saunalandschaft mit Ruher\u00e4umen l\u00e4dt zum Entspannen ein.","robots":{"index":"index","follow":"follow","max-snippet":"max-snippet:-1","max-image-preview":"max-image-preview:large","max-video-preview":"max-video-preview:-1"},"canonical":"https:\/\/www.zellerhof-lunz.at\/en\/wellness\/spa-bergsee\/","og_locale":"en_US","og_type":"article","og_title":"SPA \"Bergsee\" &#8211; Zellerhof Lunz","og_description":"Genie\u00dfen Sie sch\u00f6ne Stunden in unserem neuen SPA-Bereich im Haus BERGSEE. Die gro\u00dfz\u00fcgige Saunalandschaft mit Ruher\u00e4umen l\u00e4dt zum Entspannen ein.","og_url":"https:\/\/www.zellerhof-lunz.at\/en\/wellness\/spa-bergsee\/","og_site_name":"Zellerhof Lunz","article_modified_time":"2021-07-27T10:45:44+00:00","og_image":[{"url":"https:\/\/www.zellerhof-lunz.at\/wp2017\/wp-content\/uploads\/2017\/05\/wellnessbereich-plan.jpg","type":"","width":"","height":""}],"twitter_card":"summary_large_image","twitter_misc":{"Est. reading time":"4 minutes"},"schema":{"@context":"https:\/\/schema.org","@graph":[{"@type":"WebPage","@id":"https:\/\/www.zellerhof-lunz.at\/wellness\/spa-bergsee\/","url":"https:\/\/www.zellerhof-lunz.at\/wellness\/spa-bergsee\/","name":"SPA \"Bergsee\" &#8211; Zellerhof Lunz","isPartOf":{"@id":"https:\/\/www.zellerhof-lunz.at\/#website"},"primaryImageOfPage":{"@id":"https:\/\/www.zellerhof-lunz.at\/wellness\/spa-bergsee\/#primaryimage"},"image":{"@id":"https:\/\/www.zellerhof-lunz.at\/wellness\/spa-bergsee\/#primaryimage"},"thumbnailUrl":"https:\/\/www.zellerhof-lunz.at\/wp2017\/wp-content\/uploads\/2017\/05\/wellnessbereich-plan.jpg","datePublished":"2017-05-29T12:34:29+00:00","dateModified":"2021-07-27T10:45:44+00:00","description":"Genie\u00dfen Sie sch\u00f6ne Stunden in unserem neuen SPA-Bereich im Haus BERGSEE. Die gro\u00dfz\u00fcgige Saunalandschaft mit Ruher\u00e4umen l\u00e4dt zum Entspannen ein.","breadcrumb":{"@id":"https:\/\/www.zellerhof-lunz.at\/wellness\/spa-bergsee\/#breadcrumb"},"inLanguage":"en-US","potentialAction":[{"@type":"ReadAction","target":["https:\/\/www.zellerhof-lunz.at\/wellness\/spa-bergsee\/"]}]},{"@type":"ImageObject","inLanguage":"en-US","@id":"https:\/\/www.zellerhof-lunz.at\/wellness\/spa-bergsee\/#primaryimage","url":"https:\/\/www.zellerhof-lunz.at\/wp2017\/wp-content\/uploads\/2017\/05\/wellnessbereich-plan.jpg","contentUrl":"https:\/\/www.zellerhof-lunz.at\/wp2017\/wp-content\/uploads\/2017\/05\/wellnessbereich-plan.jpg"},{"@type":"BreadcrumbList","@id":"https:\/\/www.zellerhof-lunz.at\/wellness\/spa-bergsee\/#breadcrumb","itemListElement":[{"@type":"ListItem","position":1,"name":"Startseite","item":"https:\/\/www.zellerhof-lunz.at\/"},{"@type":"ListItem","position":2,"name":"Wellness","item":"https:\/\/www.zellerhof-lunz.at\/wellness\/"},{"@type":"ListItem","position":3,"name":"SPA &#8222;Bergsee&#8220;"}]},{"@type":"WebSite","@id":"https:\/\/www.zellerhof-lunz.at\/#website","url":"https:\/\/www.zellerhof-lunz.at\/","name":"Zellerhof Lunz","description":"Country hotel, restaurant and apartments in Lunz am See","publisher":{"@id":"https:\/\/www.zellerhof-lunz.at\/#organization"},"potentialAction":[{"@type":"SearchAction","target":{"@type":"EntryPoint","urlTemplate":"https:\/\/www.zellerhof-lunz.at\/?s={search_term_string}"},"query-input":{"@type":"PropertyValueSpecification","valueRequired":true,"valueName":"search_term_string"}}],"inLanguage":"en-US"},{"@type":"Organization","@id":"https:\/\/www.zellerhof-lunz.at\/#organization","name":"Zellerhof Lunz","url":"https:\/\/www.zellerhof-lunz.at\/","logo":{"@type":"ImageObject","inLanguage":"en-US","@id":"https:\/\/www.zellerhof-lunz.at\/#\/schema\/logo\/image\/","url":"https:\/\/www.zellerhof-lunz.at\/wp2017\/wp-content\/uploads\/2020\/07\/logozh.png","contentUrl":"https:\/\/www.zellerhof-lunz.at\/wp2017\/wp-content\/uploads\/2020\/07\/logozh.png","width":350,"height":100,"caption":"Zellerhof Lunz"},"image":{"@id":"https:\/\/www.zellerhof-lunz.at\/#\/schema\/logo\/image\/"}}]}},"_links":{"self":[{"href":"https:\/\/www.zellerhof-lunz.at\/en\/wp-json\/wp\/v2\/pages\/23","targetHints":{"allow":["GET"]}}],"collection":[{"href":"https:\/\/www.zellerhof-lunz.at\/en\/wp-json\/wp\/v2\/pages"}],"about":[{"href":"https:\/\/www.zellerhof-lunz.at\/en\/wp-json\/wp\/v2\/types\/page"}],"author":[{"embeddable":true,"href":"https:\/\/www.zellerhof-lunz.at\/en\/wp-json\/wp\/v2\/users\/1"}],"replies":[{"embeddable":true,"href":"https:\/\/www.zellerhof-lunz.at\/en\/wp-json\/wp\/v2\/comments?post=23"}],"version-history":[{"count":30,"href":"https:\/\/www.zellerhof-lunz.at\/en\/wp-json\/wp\/v2\/pages\/23\/revisions"}],"predecessor-version":[{"id":2684,"href":"https:\/\/www.zellerhof-lunz.at\/en\/wp-json\/wp\/v2\/pages\/23\/revisions\/2684"}],"up":[{"embeddable":true,"href":"https:\/\/www.zellerhof-lunz.at\/en\/wp-json\/wp\/v2\/pages\/737"}],"wp:attachment":[{"href":"https:\/\/www.zellerhof-lunz.at\/en\/wp-json\/wp\/v2\/media?parent=23"}],"curies":[{"name":"wp","href":"https:\/\/api.w.org\/{rel}","templated":true}]}}