{"id":24,"date":"2017-05-29T14:34:29","date_gmt":"2017-05-29T12:34:29","guid":{"rendered":"http:\/\/zellerhof-lunz.at.w016f721.kasserver.com\/ausflug\/"},"modified":"2025-08-09T17:24:49","modified_gmt":"2025-08-09T15:24:49","slug":"ausflug","status":"publish","type":"page","link":"https:\/\/www.zellerhof-lunz.at\/en\/ausflug\/","title":{"rendered":"Excursion"},"content":{"rendered":"<div data-elementor-type=\"wp-post\" data-elementor-id=\"24\" class=\"elementor elementor-24\" data-elementor-post-type=\"page\">\n\t\t\t\t\t\t<section class=\"elementor-section elementor-top-section elementor-element elementor-element-uvzva3q elementor-section-boxed elementor-section-height-default elementor-section-height-default\" data-id=\"uvzva3q\" data-element_type=\"section\">\n\t\t\t\t\t\t<div class=\"elementor-container elementor-column-gap-default\">\n\t\t\t\t\t<div class=\"elementor-column elementor-col-100 elementor-top-column elementor-element elementor-element-uoiggkf\" data-id=\"uoiggkf\" data-element_type=\"column\">\n\t\t\t<div class=\"elementor-widget-wrap elementor-element-populated\">\n\t\t\t\t\t\t<div class=\"elementor-element elementor-element-5uua5g7 elementor-widget elementor-widget-heading\" data-id=\"5uua5g7\" data-element_type=\"widget\" data-widget_type=\"heading.default\">\n\t\t\t\t<div class=\"elementor-widget-container\">\n\t\t\t\t\t<h1 class=\"elementor-heading-title elementor-size-default\">Attractions<\/h1>\t\t\t\t<\/div>\n\t\t\t\t<\/div>\n\t\t\t\t<div class=\"elementor-element elementor-element-09r4yf3 elementor-widget elementor-widget-heading\" data-id=\"09r4yf3\" data-element_type=\"widget\" data-widget_type=\"heading.default\">\n\t\t\t\t<div class=\"elementor-widget-container\">\n\t\t\t\t\t<h2 class=\"elementor-heading-title elementor-size-default\">From SUNBATES to WINTER PLEASURES<\/h2>\t\t\t\t<\/div>\n\t\t\t\t<\/div>\n\t\t\t\t<div class=\"elementor-element elementor-element-7mm4uu1 elementor-widget elementor-widget-text-editor\" data-id=\"7mm4uu1\" data-element_type=\"widget\" data-widget_type=\"text-editor.default\">\n\t\t\t\t<div class=\"elementor-widget-container\">\n\t\t\t\t\t\t\t\t\t<p>The region around Lunzer See offers many possibilities in all seasons - from sports activities to leisurely recreation to pure relaxation.<\/p>\t\t\t\t\t\t\t\t<\/div>\n\t\t\t\t<\/div>\n\t\t\t\t\t<\/div>\n\t\t<\/div>\n\t\t\t\t\t<\/div>\n\t\t<\/section>\n\t\t\t\t<section class=\"elementor-section elementor-top-section elementor-element elementor-element-c5ed3c5 elementor-section-boxed elementor-section-height-default elementor-section-height-default\" data-id=\"c5ed3c5\" data-element_type=\"section\">\n\t\t\t\t\t\t<div class=\"elementor-container elementor-column-gap-default\">\n\t\t\t\t\t<div class=\"elementor-column elementor-col-100 elementor-top-column elementor-element elementor-element-c5cb925\" data-id=\"c5cb925\" data-element_type=\"column\">\n\t\t\t<div class=\"elementor-widget-wrap elementor-element-populated\">\n\t\t\t\t\t\t<div class=\"elementor-element elementor-element-mrk6ttu elementor-widget elementor-widget-shortcode\" data-id=\"mrk6ttu\" data-element_type=\"widget\" data-widget_type=\"shortcode.default\">\n\t\t\t\t<div class=\"elementor-widget-container\">\n\t\t\t\t\t\t\t<div class=\"elementor-shortcode\"><div class=\"falke_childpages\"><div class=\"cp_row\"><div class=\"cp_col\" style=\"width: calc(100%\/2);\"><a href=\"https:\/\/www.zellerhof-lunz.at\/en\/ausflug\/sommer\/\" title=\"SUMMER\" class=\"cp_content\" style=\"background-image:url(https:\/\/www.zellerhof-lunz.at\/wp2017\/wp-content\/uploads\/2017\/10\/web_schwarzk102-1200x800.jpg); background-position:center center\"><span class=\"cp_title\">SUMMER<\/span><\/a><\/div><div class=\"cp_col\" style=\"width: calc(100%\/2);\"><a href=\"https:\/\/www.zellerhof-lunz.at\/en\/ausflug\/winter\/\" title=\"WINTER\" class=\"cp_content\" style=\"background-image:url(https:\/\/www.zellerhof-lunz.at\/wp2017\/wp-content\/uploads\/2017\/06\/2li4496cmichael-liebert-1200x800.jpg); background-position:center center\"><span class=\"cp_title\">WINTER<\/span><\/a><\/div><\/div><div class=\"cp_row\"><\/div><\/div><\/div>\n\t\t\t\t\t\t<\/div>\n\t\t\t\t<\/div>\n\t\t\t\t<div class=\"elementor-element elementor-element-g6x144b elementor-widget elementor-widget-text-editor\" data-id=\"g6x144b\" data-element_type=\"widget\" data-widget_type=\"text-editor.default\">\n\t\t\t\t<div class=\"elementor-widget-container\">\n\t\t\t\t\t\t\t\t\t<p>Many excursion ideas can also be found at:\u00a0<a href=\"http:\/\/www.ybbstaler-alpen.at\" target=\"_blank\" rel=\"noopener\">www.ybbstaler-alpen.at<\/a><\/p>\t\t\t\t\t\t\t\t<\/div>\n\t\t\t\t<\/div>\n\t\t\t\t\t<\/div>\n\t\t<\/div>\n\t\t\t\t\t<\/div>\n\t\t<\/section>\n\t\t\t\t<\/div>","protected":false},"excerpt":{"rendered":"<p>Ausflugsziele Von SONNENBADEN bis WINTERVERGN\u00dcGEN Die Region rund um den Lunzer See bietet in allen Jahreszeiten viele M\u00f6glichkeiten &#8211; von sportlichen Aktivit\u00e4ten \u00fcber gem\u00fctliche Erholung bis zu purer Entspannung. Viele Ausflugsideen finden Sie auch unter:\u00a0www.ybbstaler-alpen.at<\/p>","protected":false},"author":1,"featured_media":0,"parent":0,"menu_order":28,"comment_status":"closed","ping_status":"closed","template":"","meta":{"_acf_changed":false,"footnotes":""},"class_list":["post-24","page","type-page","status-publish","hentry"],"acf":[],"yoast_head":"<!-- This site is optimized with the Yoast SEO plugin v26.8 - https:\/\/yoast.com\/product\/yoast-seo-wordpress\/ -->\n<title>Ausflug &#8211; Zellerhof Lunz<\/title>\n<meta name=\"robots\" content=\"index, follow, max-snippet:-1, max-image-preview:large, max-video-preview:-1\" \/>\n<link rel=\"canonical\" href=\"https:\/\/www.zellerhof-lunz.at\/en\/ausflug\/\" \/>\n<meta property=\"og:locale\" content=\"en_US\" \/>\n<meta property=\"og:type\" content=\"article\" \/>\n<meta property=\"og:title\" content=\"Ausflug &#8211; Zellerhof Lunz\" \/>\n<meta property=\"og:description\" content=\"Ausflugsziele Von SONNENBADEN bis WINTERVERGN\u00dcGEN Die Region rund um den Lunzer See bietet in allen Jahreszeiten viele M\u00f6glichkeiten &#8211; von sportlichen Aktivit\u00e4ten \u00fcber gem\u00fctliche Erholung bis zu purer Entspannung. Viele Ausflugsideen finden Sie auch unter:\u00a0www.ybbstaler-alpen.at\" \/>\n<meta property=\"og:url\" content=\"https:\/\/www.zellerhof-lunz.at\/en\/ausflug\/\" \/>\n<meta property=\"og:site_name\" content=\"Zellerhof Lunz\" \/>\n<meta property=\"article:modified_time\" content=\"2025-08-09T15:24:49+00:00\" \/>\n<meta name=\"twitter:card\" content=\"summary_large_image\" \/>\n<meta name=\"twitter:label1\" content=\"Est. reading time\" \/>\n\t<meta name=\"twitter:data1\" content=\"1 minute\" \/>\n<script type=\"application\/ld+json\" class=\"yoast-schema-graph\">{\"@context\":\"https:\/\/schema.org\",\"@graph\":[{\"@type\":\"WebPage\",\"@id\":\"https:\/\/www.zellerhof-lunz.at\/ausflug\/\",\"url\":\"https:\/\/www.zellerhof-lunz.at\/ausflug\/\",\"name\":\"Ausflug &#8211; Zellerhof Lunz\",\"isPartOf\":{\"@id\":\"https:\/\/www.zellerhof-lunz.at\/#website\"},\"datePublished\":\"2017-05-29T12:34:29+00:00\",\"dateModified\":\"2025-08-09T15:24:49+00:00\",\"breadcrumb\":{\"@id\":\"https:\/\/www.zellerhof-lunz.at\/ausflug\/#breadcrumb\"},\"inLanguage\":\"en-US\",\"potentialAction\":[{\"@type\":\"ReadAction\",\"target\":[\"https:\/\/www.zellerhof-lunz.at\/ausflug\/\"]}]},{\"@type\":\"BreadcrumbList\",\"@id\":\"https:\/\/www.zellerhof-lunz.at\/ausflug\/#breadcrumb\",\"itemListElement\":[{\"@type\":\"ListItem\",\"position\":1,\"name\":\"Startseite\",\"item\":\"https:\/\/www.zellerhof-lunz.at\/\"},{\"@type\":\"ListItem\",\"position\":2,\"name\":\"Ausflug\"}]},{\"@type\":\"WebSite\",\"@id\":\"https:\/\/www.zellerhof-lunz.at\/#website\",\"url\":\"https:\/\/www.zellerhof-lunz.at\/\",\"name\":\"Zellerhof Lunz\",\"description\":\"Landhotel, Restaurant und Apartments in Lunz am See\",\"publisher\":{\"@id\":\"https:\/\/www.zellerhof-lunz.at\/#organization\"},\"potentialAction\":[{\"@type\":\"SearchAction\",\"target\":{\"@type\":\"EntryPoint\",\"urlTemplate\":\"https:\/\/www.zellerhof-lunz.at\/?s={search_term_string}\"},\"query-input\":{\"@type\":\"PropertyValueSpecification\",\"valueRequired\":true,\"valueName\":\"search_term_string\"}}],\"inLanguage\":\"en-US\"},{\"@type\":\"Organization\",\"@id\":\"https:\/\/www.zellerhof-lunz.at\/#organization\",\"name\":\"Zellerhof Lunz\",\"url\":\"https:\/\/www.zellerhof-lunz.at\/\",\"logo\":{\"@type\":\"ImageObject\",\"inLanguage\":\"en-US\",\"@id\":\"https:\/\/www.zellerhof-lunz.at\/#\/schema\/logo\/image\/\",\"url\":\"https:\/\/www.zellerhof-lunz.at\/wp2017\/wp-content\/uploads\/2020\/07\/logozh.png\",\"contentUrl\":\"https:\/\/www.zellerhof-lunz.at\/wp2017\/wp-content\/uploads\/2020\/07\/logozh.png\",\"width\":350,\"height\":100,\"caption\":\"Zellerhof Lunz\"},\"image\":{\"@id\":\"https:\/\/www.zellerhof-lunz.at\/#\/schema\/logo\/image\/\"}}]}<\/script>\n<!-- \/ Yoast SEO plugin. -->","yoast_head_json":{"title":"Ausflug &#8211; Zellerhof Lunz","robots":{"index":"index","follow":"follow","max-snippet":"max-snippet:-1","max-image-preview":"max-image-preview:large","max-video-preview":"max-video-preview:-1"},"canonical":"https:\/\/www.zellerhof-lunz.at\/en\/ausflug\/","og_locale":"en_US","og_type":"article","og_title":"Ausflug &#8211; Zellerhof Lunz","og_description":"Ausflugsziele Von SONNENBADEN bis WINTERVERGN\u00dcGEN Die Region rund um den Lunzer See bietet in allen Jahreszeiten viele M\u00f6glichkeiten &#8211; von sportlichen Aktivit\u00e4ten \u00fcber gem\u00fctliche Erholung bis zu purer Entspannung. Viele Ausflugsideen finden Sie auch unter:\u00a0www.ybbstaler-alpen.at","og_url":"https:\/\/www.zellerhof-lunz.at\/en\/ausflug\/","og_site_name":"Zellerhof Lunz","article_modified_time":"2025-08-09T15:24:49+00:00","twitter_card":"summary_large_image","twitter_misc":{"Est. reading time":"1 minute"},"schema":{"@context":"https:\/\/schema.org","@graph":[{"@type":"WebPage","@id":"https:\/\/www.zellerhof-lunz.at\/ausflug\/","url":"https:\/\/www.zellerhof-lunz.at\/ausflug\/","name":"Ausflug &#8211; Zellerhof Lunz","isPartOf":{"@id":"https:\/\/www.zellerhof-lunz.at\/#website"},"datePublished":"2017-05-29T12:34:29+00:00","dateModified":"2025-08-09T15:24:49+00:00","breadcrumb":{"@id":"https:\/\/www.zellerhof-lunz.at\/ausflug\/#breadcrumb"},"inLanguage":"en-US","potentialAction":[{"@type":"ReadAction","target":["https:\/\/www.zellerhof-lunz.at\/ausflug\/"]}]},{"@type":"BreadcrumbList","@id":"https:\/\/www.zellerhof-lunz.at\/ausflug\/#breadcrumb","itemListElement":[{"@type":"ListItem","position":1,"name":"Startseite","item":"https:\/\/www.zellerhof-lunz.at\/"},{"@type":"ListItem","position":2,"name":"Ausflug"}]},{"@type":"WebSite","@id":"https:\/\/www.zellerhof-lunz.at\/#website","url":"https:\/\/www.zellerhof-lunz.at\/","name":"Zellerhof Lunz","description":"Country hotel, restaurant and apartments in Lunz am See","publisher":{"@id":"https:\/\/www.zellerhof-lunz.at\/#organization"},"potentialAction":[{"@type":"SearchAction","target":{"@type":"EntryPoint","urlTemplate":"https:\/\/www.zellerhof-lunz.at\/?s={search_term_string}"},"query-input":{"@type":"PropertyValueSpecification","valueRequired":true,"valueName":"search_term_string"}}],"inLanguage":"en-US"},{"@type":"Organization","@id":"https:\/\/www.zellerhof-lunz.at\/#organization","name":"Zellerhof Lunz","url":"https:\/\/www.zellerhof-lunz.at\/","logo":{"@type":"ImageObject","inLanguage":"en-US","@id":"https:\/\/www.zellerhof-lunz.at\/#\/schema\/logo\/image\/","url":"https:\/\/www.zellerhof-lunz.at\/wp2017\/wp-content\/uploads\/2020\/07\/logozh.png","contentUrl":"https:\/\/www.zellerhof-lunz.at\/wp2017\/wp-content\/uploads\/2020\/07\/logozh.png","width":350,"height":100,"caption":"Zellerhof Lunz"},"image":{"@id":"https:\/\/www.zellerhof-lunz.at\/#\/schema\/logo\/image\/"}}]}},"_links":{"self":[{"href":"https:\/\/www.zellerhof-lunz.at\/en\/wp-json\/wp\/v2\/pages\/24","targetHints":{"allow":["GET"]}}],"collection":[{"href":"https:\/\/www.zellerhof-lunz.at\/en\/wp-json\/wp\/v2\/pages"}],"about":[{"href":"https:\/\/www.zellerhof-lunz.at\/en\/wp-json\/wp\/v2\/types\/page"}],"author":[{"embeddable":true,"href":"https:\/\/www.zellerhof-lunz.at\/en\/wp-json\/wp\/v2\/users\/1"}],"replies":[{"embeddable":true,"href":"https:\/\/www.zellerhof-lunz.at\/en\/wp-json\/wp\/v2\/comments?post=24"}],"version-history":[{"count":21,"href":"https:\/\/www.zellerhof-lunz.at\/en\/wp-json\/wp\/v2\/pages\/24\/revisions"}],"predecessor-version":[{"id":2693,"href":"https:\/\/www.zellerhof-lunz.at\/en\/wp-json\/wp\/v2\/pages\/24\/revisions\/2693"}],"wp:attachment":[{"href":"https:\/\/www.zellerhof-lunz.at\/en\/wp-json\/wp\/v2\/media?parent=24"}],"curies":[{"name":"wp","href":"https:\/\/api.w.org\/{rel}","templated":true}]}}