{"id":241,"date":"2017-06-07T11:33:04","date_gmt":"2017-06-07T09:33:04","guid":{"rendered":"http:\/\/zellerhof-lunz.at.w016f721.kasserver.com\/?page_id=241\/"},"modified":"2026-02-22T21:46:32","modified_gmt":"2026-02-22T20:46:32","slug":"anfrage","status":"publish","type":"page","link":"https:\/\/www.zellerhof-lunz.at\/en\/kontakt\/anfrage\/","title":{"rendered":"ENQUIRIES"},"content":{"rendered":"<div data-elementor-type=\"wp-post\" data-elementor-id=\"241\" class=\"elementor elementor-241\" data-elementor-post-type=\"page\">\n\t\t\t\t<div class=\"elementor-element elementor-element-d8c8ba5 e-flex e-con-boxed e-con e-parent\" data-id=\"d8c8ba5\" data-element_type=\"container\">\n\t\t\t\t\t<div class=\"e-con-inner\">\n\t\t\t\t<div class=\"elementor-element elementor-element-7dd87d3 elementor-widget elementor-widget-text-editor\" data-id=\"7dd87d3\" data-element_type=\"widget\" data-widget_type=\"text-editor.default\">\n\t\t\t\t<div class=\"elementor-widget-container\">\n\t\t\t\t\t\t\t\t\t<div class=\"zh-reservierung\"><h1 class=\"zh-title\">ANFRAGE<\/h1><p class=\"zh-subtitle\">Planen Sie Ihren Aufenthalt im Landhotel Zellerhof oder Apartment Bergsee.<br \/>Wir freuen uns auf Ihre Anfrage!<\/p><p>\n<div class=\"wpcf7 no-js\" id=\"wpcf7-f8234-o1\" lang=\"de-DE\" dir=\"ltr\" data-wpcf7-id=\"8234\">\n<div class=\"screen-reader-response\"><p role=\"status\" aria-live=\"polite\" aria-atomic=\"true\"><\/p> <ul><\/ul><\/div>\n<form action=\"\/en\/wp-json\/wp\/v2\/pages\/241#wpcf7-f8234-o1\" method=\"post\" class=\"wpcf7-form init\" aria-label=\"Kontaktformular\" novalidate=\"novalidate\" data-status=\"init\" data-trp-original-action=\"\/en\/wp-json\/wp\/v2\/pages\/241#wpcf7-f8234-o1\">\n<fieldset class=\"hidden-fields-container\"><input type=\"hidden\" name=\"_wpcf7\" value=\"8234\" \/><input type=\"hidden\" name=\"_wpcf7_version\" value=\"6.1.5\" \/><input type=\"hidden\" name=\"_wpcf7_locale\" value=\"de_DE\" \/><input type=\"hidden\" name=\"_wpcf7_unit_tag\" value=\"wpcf7-f8234-o1\" \/><input type=\"hidden\" name=\"_wpcf7_container_post\" value=\"0\" \/><input type=\"hidden\" name=\"_wpcf7_posted_data_hash\" value=\"\" \/>\n<\/fieldset>\n<p class=\"zh-section-label\">Pers\u00f6nliche Daten\n<\/p>\n<p class=\"zh-field zh-third zh-first\"><label>Anrede *<br \/>\n<span class=\"wpcf7-form-control-wrap\" data-name=\"your-anrede\"><select class=\"wpcf7-form-control wpcf7-select\" aria-invalid=\"false\" name=\"your-anrede\"><option value=\"Frau\">Mrs<\/option><option value=\"Herr\">Sir<\/option><option value=\"Familie\">family<\/option><\/select><\/span><\/label>\n<\/p>\n<p class=\"zh-field zh-third\"><label>First name<br \/>\n<span class=\"wpcf7-form-control-wrap\" data-name=\"your-vorname\"><input size=\"40\" maxlength=\"400\" class=\"wpcf7-form-control wpcf7-text wpcf7-validates-as-required\" aria-required=\"true\" aria-invalid=\"false\" placeholder=\"Max\" value=\"\" type=\"text\" name=\"your-vorname\" \/><\/span><\/label>\n<\/p>\n<p class=\"zh-field zh-third\"><label>Last name<br \/>\n<span class=\"wpcf7-form-control-wrap\" data-name=\"your-nachname\"><input size=\"40\" maxlength=\"400\" class=\"wpcf7-form-control wpcf7-text wpcf7-validates-as-required\" aria-required=\"true\" aria-invalid=\"false\" placeholder=\"Mustermann\" value=\"\" type=\"text\" name=\"your-nachname\" \/><\/span><\/label>\n<\/p>\n<p><span id=\"wpcf7-69ea214b4b6b4-wrapper\" class=\"wpcf7-form-control-wrap mail-wrap\" style=\"display:none !important; visibility:hidden !important;\"><label for=\"wpcf7-69ea214b4b6b4-field\" class=\"hp-message\">Bitte lasse dieses Feld leer.<\/label><input id=\"wpcf7-69ea214b4b6b4-field\"  class=\"wpcf7-form-control wpcf7-text\" type=\"text\" name=\"mail\" value=\"\" size=\"40\" tabindex=\"-1\" autocomplete=\"new-password\" \/><\/span>\n<\/p>\n<p class=\"zh-section-label\">Adresse\n<\/p>\n<p class=\"zh-field zh-full\"><label>Stra\u00dfe und Hausnummer *<br \/>\n<span class=\"wpcf7-form-control-wrap\" data-name=\"your-street\"><input size=\"40\" maxlength=\"400\" class=\"wpcf7-form-control wpcf7-text wpcf7-validates-as-required\" aria-required=\"true\" aria-invalid=\"false\" placeholder=\"Seestra\u00dfe 5\" value=\"\" type=\"text\" name=\"your-street\" \/><\/span><\/label>\n<\/p>\n<p class=\"zh-field zh-half zh-left\"><label>PLZ *<br \/>\n<span class=\"wpcf7-form-control-wrap\" data-name=\"your-plz\"><input size=\"40\" maxlength=\"400\" class=\"wpcf7-form-control wpcf7-text wpcf7-validates-as-required\" aria-required=\"true\" aria-invalid=\"false\" placeholder=\"3293\" value=\"\" type=\"text\" name=\"your-plz\" \/><\/span><\/label>\n<\/p>\n<p class=\"zh-field zh-half zh-right\"><label>Wohnort *<br \/>\n<span class=\"wpcf7-form-control-wrap\" data-name=\"your-city\"><input size=\"40\" maxlength=\"400\" class=\"wpcf7-form-control wpcf7-text wpcf7-validates-as-required\" aria-required=\"true\" aria-invalid=\"false\" placeholder=\"Lunz am See\" value=\"\" type=\"text\" name=\"your-city\" \/><\/span><\/label>\n<\/p>\n<p class=\"zh-field zh-full\"><label>Land *<br \/>\n<span class=\"wpcf7-form-control-wrap\" data-name=\"your-country\"><input size=\"40\" maxlength=\"400\" class=\"wpcf7-form-control wpcf7-text wpcf7-validates-as-required\" aria-required=\"true\" aria-invalid=\"false\" placeholder=\"\u00d6sterreich\" value=\"\" type=\"text\" name=\"your-country\" \/><\/span><\/label>\n<\/p>\n<p><span id=\"wpcf7-69ea214b4b8bb-wrapper\" class=\"wpcf7-form-control-wrap email-wrap\" style=\"display:none !important; visibility:hidden !important;\"><label for=\"wpcf7-69ea214b4b8bb-field\" class=\"hp-message\">Bitte lasse dieses Feld leer.<\/label><input id=\"wpcf7-69ea214b4b8bb-field\"  class=\"wpcf7-form-control wpcf7-text\" type=\"text\" name=\"email\" value=\"\" size=\"40\" tabindex=\"-1\" autocomplete=\"new-password\" \/><\/span>\n<\/p>\n<p class=\"zh-section-label\">Kontaktdaten\n<\/p>\n<p class=\"zh-field zh-half zh-left\"><label>E-mail *<br \/>\n<span class=\"wpcf7-form-control-wrap\" data-name=\"your-email\"><input size=\"40\" maxlength=\"400\" class=\"wpcf7-form-control wpcf7-email wpcf7-validates-as-required wpcf7-text wpcf7-validates-as-email\" aria-required=\"true\" aria-invalid=\"false\" placeholder=\"max&#64;beispiel&#46;&#97;&#116;\" value=\"\" type=\"email\" name=\"your-email\" \/><\/span><\/label>\n<\/p>\n<p class=\"zh-field zh-half zh-right\"><label>Telefon<br \/>\n<span class=\"wpcf7-form-control-wrap\" data-name=\"your-phone\"><input size=\"40\" maxlength=\"400\" class=\"wpcf7-form-control wpcf7-text\" aria-invalid=\"false\" placeholder=\"+43 664 123 4567\" value=\"\" type=\"text\" name=\"your-phone\" \/><\/span><\/label>\n<\/p>\n<p class=\"zh-section-label\">Aufenthalt\n<\/p>\n<p class=\"zh-field zh-half zh-left\"><label>Gew\u00fcnschte Anreise *<br \/>\n<span class=\"wpcf7-form-control-wrap\" data-name=\"start-date\"><input class=\"wpcf7-form-control wpcf7-date wpcf7-validates-as-required wpcf7-validates-as-date\" min=\"2026-04-23\" aria-required=\"true\" aria-invalid=\"false\" placeholder=\"YYYY-MM-DD\" value=\"\" type=\"date\" name=\"start-date\" \/><\/span><\/label>\n<\/p>\n<p class=\"zh-field zh-half zh-right\"><label>Gew\u00fcnschte Abreise *<br \/>\n<span class=\"wpcf7-form-control-wrap\" data-name=\"end-date\"><input class=\"wpcf7-form-control wpcf7-date wpcf7-validates-as-required wpcf7-validates-as-date\" min=\"2026-04-23\" aria-required=\"true\" aria-invalid=\"false\" placeholder=\"YYYY-MM-DD\" value=\"\" type=\"date\" name=\"end-date\" \/><\/span><\/label>\n<\/p>\n<p class=\"zh-field zh-full\"><label>Zimmerkategorie Landhotel Zellerhof<br \/>\n<span class=\"wpcf7-form-control-wrap\" data-name=\"your-zimmerkategorie-zellerhof\"><select class=\"wpcf7-form-control wpcf7-select\" aria-invalid=\"false\" name=\"your-zimmerkategorie-zellerhof\"><option value=\"\"><\/option><option value=\"Gartenblickzimmer mit Balkon\">Gartenblickzimmer mit Balkon<\/option><option value=\"Gartenblick-Studio mit Balkon\">Gartenblick-Studio mit Balkon<\/option><option value=\"Hofblickzimmer Deluxe\">Hofblickzimmer Deluxe<\/option><option value=\"Gartenblickzimmer\">Gartenblickzimmer<\/option><option value=\"Landhauszimmer\">Landhauszimmer<\/option><option value=\"Doppelzimmer Klassik\">Doppelzimmer Klassik<\/option><option value=\"Familienzimmer Deluxe\">Familienzimmer Deluxe<\/option><option value=\"Familienzimmer\">family room<\/option><option value=\"Noch offen \/ Beratung erw\u00fcnscht\">Noch offen \/ Beratung erw\u00fcnscht<\/option><\/select><\/span><\/label>\n<\/p>\n<p class=\"zh-field zh-full\"><label>Apartmentkategorie Apartment Bergsee<br \/>\n<span class=\"wpcf7-form-control-wrap\" data-name=\"your-zimmerkategorie-bergsee\"><select class=\"wpcf7-form-control wpcf7-select\" aria-invalid=\"false\" name=\"your-zimmerkategorie-bergsee\"><option value=\"\"><\/option><option value=\"Apartment Hetzkogel\">Apartment Hetzkogel<\/option><option value=\"Apartment Rehberg\">Apartment Rehberg<\/option><option value=\"Apartment Lunzberg\">Apartment Lunzberg<\/option><option value=\"Apartment Rauschmauer\">Apartment Rauschmauer<\/option><option value=\"Apartment D\u00fcrrenstein\">Apartment D\u00fcrrenstein<\/option><option value=\"Apartment Scheiblingstein\">Apartment Scheiblingstein<\/option><option value=\"Apartment Seekopf\">Apartment Seekopf<\/option><option value=\"Apartment Lunzersee\">Apartment Lunzersee<\/option><option value=\"Apartment Mittersee\">Apartment Mittersee<\/option><option value=\"Apartment Obersee\">Apartment Obersee<\/option><option value=\"Doppelzimmer Bergsee Deluxe mit Balkon\">Doppelzimmer Bergsee Deluxe mit Balkon<\/option><option value=\"Doppelzimmer Bergsee\">Doppelzimmer Bergsee<\/option><option value=\"Familienzimmer Bergsee\">Familienzimmer Bergsee<\/option><option value=\"Noch offen \/ Beratung erw\u00fcnscht\">Noch offen \/ Beratung erw\u00fcnscht<\/option><\/select><\/span><\/label>\n<\/p>\n<p class=\"zh-field zh-half zh-left\"><label>Anzahl Zimmer<br \/>\n<span class=\"wpcf7-form-control-wrap\" data-name=\"your-zimmer\"><select class=\"wpcf7-form-control wpcf7-select\" aria-invalid=\"false\" name=\"your-zimmer\"><option value=\"1\">1<\/option><option value=\"2\">2<\/option><option value=\"3\">3<\/option><option value=\"4\">4<\/option><option value=\"5\">5<\/option><option value=\"6\">6<\/option><option value=\"7\">7<\/option><option value=\"8\">8<\/option><option value=\"9\">9<\/option><option value=\"10\">10<\/option><\/select><\/span><\/label>\n<\/p>\n<p class=\"zh-field zh-half zh-right\"><label>Anzahl Erwachsene<br \/>\n<span class=\"wpcf7-form-control-wrap\" data-name=\"your-erwachsene\"><select class=\"wpcf7-form-control wpcf7-select\" aria-invalid=\"false\" name=\"your-erwachsene\"><option value=\"1\">1<\/option><option value=\"2\">2<\/option><option value=\"3\">3<\/option><option value=\"4\">4<\/option><option value=\"5\">5<\/option><option value=\"6\">6<\/option><option value=\"7\">7<\/option><option value=\"8\">8<\/option><option value=\"9\">9<\/option><option value=\"10\">10<\/option><\/select><\/span><\/label>\n<\/p>\n<p class=\"zh-field zh-half zh-left\"><label>Anzahl Kinder<br \/>\n<span class=\"wpcf7-form-control-wrap\" data-name=\"your-kinder\"><select class=\"wpcf7-form-control wpcf7-select\" aria-invalid=\"false\" name=\"your-kinder\"><option value=\"0\">0<\/option><option value=\"1\">1<\/option><option value=\"2\">2<\/option><option value=\"3\">3<\/option><option value=\"4\">4<\/option><option value=\"5\">5<\/option><option value=\"6\">6<\/option><option value=\"7\">7<\/option><option value=\"8\">8<\/option><option value=\"9\">9<\/option><option value=\"10\">10<\/option><\/select><\/span><\/label>\n<\/p>\n<p class=\"zh-field zh-half zh-right\"><label>Age of the children<br \/>\n<span class=\"wpcf7-form-control-wrap\" data-name=\"your-alterkinder\"><input size=\"40\" maxlength=\"400\" class=\"wpcf7-form-control wpcf7-text\" aria-invalid=\"false\" placeholder=\"z.B. 3, 7, 12\" value=\"\" type=\"text\" name=\"your-alterkinder\" \/><\/span><\/label>\n<\/p>\n<p class=\"zh-field zh-full\"><label>Anzahl Hunde<br \/>\n<span class=\"wpcf7-form-control-wrap\" data-name=\"your-hund\"><select class=\"wpcf7-form-control wpcf7-select\" aria-invalid=\"false\" name=\"your-hund\"><option value=\"0\">0<\/option><option value=\"1\">1<\/option><option value=\"2\">2<\/option><\/select><\/span><\/label>\n<\/p>\n<p class=\"zh-section-label\">Message\n<\/p>\n<p class=\"zh-field zh-full\"><label>Anmerkungen \/ W\u00fcnsche<br \/>\n<span class=\"wpcf7-form-control-wrap\" data-name=\"your-message\"><textarea cols=\"40\" rows=\"4\" maxlength=\"2000\" class=\"wpcf7-form-control wpcf7-textarea\" aria-invalid=\"false\" placeholder=\"Nachricht, Anmerkungen, mehrere Zimmertypen, h\u00f6here Anzahl an Zimmern \u2026\" name=\"your-message\"><\/textarea><\/span><\/label>\n<\/p>\n<p class=\"zh-hinweis\">Dies ist eine <strong>unverbindliche Anfrage<\/strong>. Ihre Buchung ist erst nach unserer Best\u00e4tigung per E-Mail oder Telefon g\u00fcltig.\n<\/p>\n<p class=\"zh-field zh-full zh-datenschutz\"><span class=\"wpcf7-form-control-wrap\" data-name=\"gdpr\"><span class=\"wpcf7-form-control wpcf7-acceptance\"><span class=\"wpcf7-list-item\"><label><input type=\"checkbox\" name=\"gdpr\" value=\"1\" aria-invalid=\"false\" \/><span class=\"wpcf7-list-item-label\">Ich erkl\u00e4re mich damit einverstanden, dass meine eingegebenen Daten gem\u00e4\u00df der <a href=\"https:\/\/www.zellerhof-lunz.at\/en\/datenschutzerklaerung\/\" target=\"_blank\">Data protection<\/a> verarbeitet werden. Alle Daten werden streng vertraulich behandelt.<\/span><\/label><\/span><\/span><\/span>\n<\/p>\n<p class=\"zh-submit\"><input class=\"wpcf7-form-control wpcf7-submit has-spinner\" type=\"submit\" value=\"Jetzt anfragen\" \/>\n<\/p>\n<p class=\"zh-footer\">F\u00fcr telefonische Anfragen erreichen Sie uns unter:<br \/>\n<a href=\"tel:+4374868450\">+43 7486 \/ 8450<\/a>\n<\/p><div class=\"wpcf7-response-output\" aria-hidden=\"true\"><\/div>\n<input type=\"hidden\" name=\"trp-form-language\" value=\"en\"\/><\/form>\n<\/div>\n<\/p><\/div>\t\t\t\t\t\t\t\t<\/div>\n\t\t\t\t<\/div>\n\t\t\t\t\t<\/div>\n\t\t\t\t<\/div>\n\t\t\t\t<\/div>","protected":false},"excerpt":{"rendered":"<p>ANFRAGE Planen Sie Ihren Aufenthalt im Landhotel Zellerhof oder Apartment Bergsee.Wir freuen uns auf Ihre Anfrage!<\/p>","protected":false},"author":1,"featured_media":0,"parent":25,"menu_order":2,"comment_status":"closed","ping_status":"closed","template":"","meta":{"_acf_changed":false,"footnotes":""},"class_list":["post-241","page","type-page","status-publish","hentry"],"acf":[],"yoast_head":"<!-- This site is optimized with the Yoast SEO plugin v26.8 - https:\/\/yoast.com\/product\/yoast-seo-wordpress\/ -->\n<title>Anfrage &#8211; Zellerhof Lunz<\/title>\n<meta name=\"description\" content=\"Sie sind noch auf der Suche nach der perfekten Unterkunft f\u00fcr Ihren Urlaub in Zell am See? Wir freuen uns \u00fcber Ihre unverbindliche Anfrage!\" \/>\n<meta name=\"robots\" content=\"index, follow, max-snippet:-1, max-image-preview:large, max-video-preview:-1\" \/>\n<link rel=\"canonical\" href=\"https:\/\/www.zellerhof-lunz.at\/en\/kontakt\/anfrage\/\" \/>\n<meta property=\"og:locale\" content=\"en_US\" \/>\n<meta property=\"og:type\" content=\"article\" \/>\n<meta property=\"og:title\" content=\"Anfrage &#8211; Zellerhof Lunz\" \/>\n<meta property=\"og:description\" content=\"Sie sind noch auf der Suche nach der perfekten Unterkunft f\u00fcr Ihren Urlaub in Zell am See? Wir freuen uns \u00fcber Ihre unverbindliche Anfrage!\" \/>\n<meta property=\"og:url\" content=\"https:\/\/www.zellerhof-lunz.at\/en\/kontakt\/anfrage\/\" \/>\n<meta property=\"og:site_name\" content=\"Zellerhof Lunz\" \/>\n<meta property=\"article:modified_time\" content=\"2026-02-22T20:46:32+00:00\" \/>\n<meta name=\"twitter:card\" content=\"summary_large_image\" \/>\n<meta name=\"twitter:label1\" content=\"Est. reading time\" \/>\n\t<meta name=\"twitter:data1\" content=\"1 minute\" \/>\n<script type=\"application\/ld+json\" class=\"yoast-schema-graph\">{\"@context\":\"https:\/\/schema.org\",\"@graph\":[{\"@type\":\"WebPage\",\"@id\":\"https:\/\/www.zellerhof-lunz.at\/kontakt\/anfrage\/\",\"url\":\"https:\/\/www.zellerhof-lunz.at\/kontakt\/anfrage\/\",\"name\":\"Anfrage &#8211; Zellerhof Lunz\",\"isPartOf\":{\"@id\":\"https:\/\/www.zellerhof-lunz.at\/#website\"},\"datePublished\":\"2017-06-07T09:33:04+00:00\",\"dateModified\":\"2026-02-22T20:46:32+00:00\",\"description\":\"Sie sind noch auf der Suche nach der perfekten Unterkunft f\u00fcr Ihren Urlaub in Zell am See? Wir freuen uns \u00fcber Ihre unverbindliche Anfrage!\",\"breadcrumb\":{\"@id\":\"https:\/\/www.zellerhof-lunz.at\/kontakt\/anfrage\/#breadcrumb\"},\"inLanguage\":\"en-US\",\"potentialAction\":[{\"@type\":\"ReadAction\",\"target\":[\"https:\/\/www.zellerhof-lunz.at\/kontakt\/anfrage\/\"]}]},{\"@type\":\"BreadcrumbList\",\"@id\":\"https:\/\/www.zellerhof-lunz.at\/kontakt\/anfrage\/#breadcrumb\",\"itemListElement\":[{\"@type\":\"ListItem\",\"position\":1,\"name\":\"Startseite\",\"item\":\"https:\/\/www.zellerhof-lunz.at\/\"},{\"@type\":\"ListItem\",\"position\":2,\"name\":\"Kontakt\",\"item\":\"https:\/\/www.zellerhof-lunz.at\/kontakt\/\"},{\"@type\":\"ListItem\",\"position\":3,\"name\":\"Anfrage\"}]},{\"@type\":\"WebSite\",\"@id\":\"https:\/\/www.zellerhof-lunz.at\/#website\",\"url\":\"https:\/\/www.zellerhof-lunz.at\/\",\"name\":\"Zellerhof Lunz\",\"description\":\"Landhotel, Restaurant und Apartments in Lunz am See\",\"publisher\":{\"@id\":\"https:\/\/www.zellerhof-lunz.at\/#organization\"},\"potentialAction\":[{\"@type\":\"SearchAction\",\"target\":{\"@type\":\"EntryPoint\",\"urlTemplate\":\"https:\/\/www.zellerhof-lunz.at\/?s={search_term_string}\"},\"query-input\":{\"@type\":\"PropertyValueSpecification\",\"valueRequired\":true,\"valueName\":\"search_term_string\"}}],\"inLanguage\":\"en-US\"},{\"@type\":\"Organization\",\"@id\":\"https:\/\/www.zellerhof-lunz.at\/#organization\",\"name\":\"Zellerhof Lunz\",\"url\":\"https:\/\/www.zellerhof-lunz.at\/\",\"logo\":{\"@type\":\"ImageObject\",\"inLanguage\":\"en-US\",\"@id\":\"https:\/\/www.zellerhof-lunz.at\/#\/schema\/logo\/image\/\",\"url\":\"https:\/\/www.zellerhof-lunz.at\/wp2017\/wp-content\/uploads\/2020\/07\/logozh.png\",\"contentUrl\":\"https:\/\/www.zellerhof-lunz.at\/wp2017\/wp-content\/uploads\/2020\/07\/logozh.png\",\"width\":350,\"height\":100,\"caption\":\"Zellerhof Lunz\"},\"image\":{\"@id\":\"https:\/\/www.zellerhof-lunz.at\/#\/schema\/logo\/image\/\"}}]}<\/script>\n<!-- \/ Yoast SEO plugin. -->","yoast_head_json":{"title":"Anfrage &#8211; Zellerhof Lunz","description":"Sie sind noch auf der Suche nach der perfekten Unterkunft f\u00fcr Ihren Urlaub in Zell am See? Wir freuen uns \u00fcber Ihre unverbindliche Anfrage!","robots":{"index":"index","follow":"follow","max-snippet":"max-snippet:-1","max-image-preview":"max-image-preview:large","max-video-preview":"max-video-preview:-1"},"canonical":"https:\/\/www.zellerhof-lunz.at\/en\/kontakt\/anfrage\/","og_locale":"en_US","og_type":"article","og_title":"Anfrage &#8211; Zellerhof Lunz","og_description":"Sie sind noch auf der Suche nach der perfekten Unterkunft f\u00fcr Ihren Urlaub in Zell am See? Wir freuen uns \u00fcber Ihre unverbindliche Anfrage!","og_url":"https:\/\/www.zellerhof-lunz.at\/en\/kontakt\/anfrage\/","og_site_name":"Zellerhof Lunz","article_modified_time":"2026-02-22T20:46:32+00:00","twitter_card":"summary_large_image","twitter_misc":{"Est. reading time":"1 minute"},"schema":{"@context":"https:\/\/schema.org","@graph":[{"@type":"WebPage","@id":"https:\/\/www.zellerhof-lunz.at\/kontakt\/anfrage\/","url":"https:\/\/www.zellerhof-lunz.at\/kontakt\/anfrage\/","name":"Anfrage &#8211; Zellerhof Lunz","isPartOf":{"@id":"https:\/\/www.zellerhof-lunz.at\/#website"},"datePublished":"2017-06-07T09:33:04+00:00","dateModified":"2026-02-22T20:46:32+00:00","description":"Sie sind noch auf der Suche nach der perfekten Unterkunft f\u00fcr Ihren Urlaub in Zell am See? Wir freuen uns \u00fcber Ihre unverbindliche Anfrage!","breadcrumb":{"@id":"https:\/\/www.zellerhof-lunz.at\/kontakt\/anfrage\/#breadcrumb"},"inLanguage":"en-US","potentialAction":[{"@type":"ReadAction","target":["https:\/\/www.zellerhof-lunz.at\/kontakt\/anfrage\/"]}]},{"@type":"BreadcrumbList","@id":"https:\/\/www.zellerhof-lunz.at\/kontakt\/anfrage\/#breadcrumb","itemListElement":[{"@type":"ListItem","position":1,"name":"Startseite","item":"https:\/\/www.zellerhof-lunz.at\/"},{"@type":"ListItem","position":2,"name":"Kontakt","item":"https:\/\/www.zellerhof-lunz.at\/kontakt\/"},{"@type":"ListItem","position":3,"name":"Anfrage"}]},{"@type":"WebSite","@id":"https:\/\/www.zellerhof-lunz.at\/#website","url":"https:\/\/www.zellerhof-lunz.at\/","name":"Zellerhof Lunz","description":"Country hotel, restaurant and apartments in Lunz am See","publisher":{"@id":"https:\/\/www.zellerhof-lunz.at\/#organization"},"potentialAction":[{"@type":"SearchAction","target":{"@type":"EntryPoint","urlTemplate":"https:\/\/www.zellerhof-lunz.at\/?s={search_term_string}"},"query-input":{"@type":"PropertyValueSpecification","valueRequired":true,"valueName":"search_term_string"}}],"inLanguage":"en-US"},{"@type":"Organization","@id":"https:\/\/www.zellerhof-lunz.at\/#organization","name":"Zellerhof Lunz","url":"https:\/\/www.zellerhof-lunz.at\/","logo":{"@type":"ImageObject","inLanguage":"en-US","@id":"https:\/\/www.zellerhof-lunz.at\/#\/schema\/logo\/image\/","url":"https:\/\/www.zellerhof-lunz.at\/wp2017\/wp-content\/uploads\/2020\/07\/logozh.png","contentUrl":"https:\/\/www.zellerhof-lunz.at\/wp2017\/wp-content\/uploads\/2020\/07\/logozh.png","width":350,"height":100,"caption":"Zellerhof Lunz"},"image":{"@id":"https:\/\/www.zellerhof-lunz.at\/#\/schema\/logo\/image\/"}}]}},"_links":{"self":[{"href":"https:\/\/www.zellerhof-lunz.at\/en\/wp-json\/wp\/v2\/pages\/241","targetHints":{"allow":["GET"]}}],"collection":[{"href":"https:\/\/www.zellerhof-lunz.at\/en\/wp-json\/wp\/v2\/pages"}],"about":[{"href":"https:\/\/www.zellerhof-lunz.at\/en\/wp-json\/wp\/v2\/types\/page"}],"author":[{"embeddable":true,"href":"https:\/\/www.zellerhof-lunz.at\/en\/wp-json\/wp\/v2\/users\/1"}],"replies":[{"embeddable":true,"href":"https:\/\/www.zellerhof-lunz.at\/en\/wp-json\/wp\/v2\/comments?post=241"}],"version-history":[{"count":38,"href":"https:\/\/www.zellerhof-lunz.at\/en\/wp-json\/wp\/v2\/pages\/241\/revisions"}],"predecessor-version":[{"id":8253,"href":"https:\/\/www.zellerhof-lunz.at\/en\/wp-json\/wp\/v2\/pages\/241\/revisions\/8253"}],"up":[{"embeddable":true,"href":"https:\/\/www.zellerhof-lunz.at\/en\/wp-json\/wp\/v2\/pages\/25"}],"wp:attachment":[{"href":"https:\/\/www.zellerhof-lunz.at\/en\/wp-json\/wp\/v2\/media?parent=241"}],"curies":[{"name":"wp","href":"https:\/\/api.w.org\/{rel}","templated":true}]}}