{"id":33,"date":"2017-05-29T14:34:29","date_gmt":"2017-05-29T12:34:29","guid":{"rendered":"http:\/\/zellerhof-lunz.at.w016f721.kasserver.com\/restaurant\/kontakt-oeffnungszeiten\/"},"modified":"2026-03-26T13:40:08","modified_gmt":"2026-03-26T12:40:08","slug":"speisen-spezialitaeten","status":"publish","type":"page","link":"https:\/\/www.zellerhof-lunz.at\/en\/restaurant\/speisen-spezialitaeten\/","title":{"rendered":"Food &amp; Hours"},"content":{"rendered":"<div data-elementor-type=\"wp-post\" data-elementor-id=\"33\" class=\"elementor elementor-33\" data-elementor-post-type=\"page\">\n\t\t\t\t\t\t<section class=\"elementor-section elementor-top-section elementor-element elementor-element-rklyjcs elementor-section-boxed elementor-section-height-default elementor-section-height-default\" data-id=\"rklyjcs\" data-element_type=\"section\">\n\t\t\t\t\t\t<div class=\"elementor-container elementor-column-gap-default\">\n\t\t\t\t\t<div class=\"elementor-column elementor-col-100 elementor-top-column elementor-element elementor-element-bztvvez\" data-id=\"bztvvez\" data-element_type=\"column\">\n\t\t\t<div class=\"elementor-widget-wrap elementor-element-populated\">\n\t\t\t\t\t\t<div class=\"elementor-element elementor-element-a92arwv elementor-widget elementor-widget-heading\" data-id=\"a92arwv\" data-element_type=\"widget\" data-widget_type=\"heading.default\">\n\t\t\t\t<div class=\"elementor-widget-container\">\n\t\t\t\t\t<h1 class=\"elementor-heading-title elementor-size-default\">Speisekarte &amp; \u00d6ffnungszeiten<\/h1>\t\t\t\t<\/div>\n\t\t\t\t<\/div>\n\t\t\t\t<div class=\"elementor-element elementor-element-vkqidih elementor-widget elementor-widget-text-editor\" data-id=\"vkqidih\" data-element_type=\"widget\" data-widget_type=\"text-editor.default\">\n\t\t\t\t<div class=\"elementor-widget-container\">\n\t\t\t\t\t\t\t\t\t<p><strong>THE QUINTESSENCE of our hotel \u2013 the KITCHEN<\/strong><\/p><p>The way to a person\u2019s heart is through their stomach. In addition to our professional expertise in food preparation, it\u2019s very important for us that the ingredients used in our culinary delights are all sourced locally. Enjoy indulging in our wide variety of dishes, all of which place great emphasis on high quality, local ingredients and great taste.<\/p><p>Following the season and any occasion, our kitchen team prepare dishes fresh every day. Our extensive menu is always complemented by themed specials,<\/p><p><strong>or specials that celebrate the season\u2019s produce.<\/strong><\/p><p>Through our varied, ever-changing menu, you will be spoiled for quality and choice with every visit to the Hotel Zellerhof restaurant. Our kitchen team show consideration for the regionality and seasonality of our food. Whatever the season, our chef always strives to create an unforgettable meal for our guests, whether it is with: lamb, asparagus or wild garlic in springtime; perfectly ripe fruit and vegetables during the summer; mushrooms, special goose and game events in the autumn; or hearty, sweet Christmas specialties to warm you up in the winter.<\/p>\t\t\t\t\t\t\t\t<\/div>\n\t\t\t\t<\/div>\n\t\t\t\t<section class=\"elementor-section elementor-inner-section elementor-element elementor-element-6hpsi19 elementor-section-boxed elementor-section-height-default elementor-section-height-default\" data-id=\"6hpsi19\" data-element_type=\"section\">\n\t\t\t\t\t\t<div class=\"elementor-container elementor-column-gap-default\">\n\t\t\t\t\t<div class=\"elementor-column elementor-col-50 elementor-inner-column elementor-element elementor-element-q29mcy9\" data-id=\"q29mcy9\" data-element_type=\"column\">\n\t\t\t<div class=\"elementor-widget-wrap elementor-element-populated\">\n\t\t\t\t\t\t<div class=\"elementor-element elementor-element-y5p6kk3 elementor-widget__width-initial elementor-widget elementor-widget-text-editor\" data-id=\"y5p6kk3\" data-element_type=\"widget\" data-widget_type=\"text-editor.default\">\n\t\t\t\t<div class=\"elementor-widget-container\">\n\t\t\t\t\t\t\t\t\t<p><strong>Restaurant Opening Times<\/strong><\/p><p>t\u00e4glich\u00a0 8:00 &#8211; 21:00 Uhr<\/p><p><span style=\"font-size: 1.125rem;\">Warme K\u00fcche t\u00e4glich von 11:00 \u2013 19:30 Uhr <br \/>au\u00dfer\u00a0<\/span><span style=\"font-size: 1.125rem;\">Sonntag warme K\u00fcche von 11:00 bis 19:00 Uhr<\/span><\/p><p>Open every day of the year\u00a0<\/p><p><span style=\"font-size: 1.125rem;\">Jeden Samstag von 17:00 bis 20:00 Uhr ist BurgerTime<\/span><strong style=\"font-size: 1.125rem;\">.<\/strong><\/p><p>Jeden Freitag von 11:00 bis 13:30 Uhr ist Schnitzel-Freitag.<\/p><p>Reservations:\u00a0<a href=\"tel:+437486-8450\">+43 7486\/8450<\/a><\/p>\t\t\t\t\t\t\t\t<\/div>\n\t\t\t\t<\/div>\n\t\t\t\t\t<\/div>\n\t\t<\/div>\n\t\t\t\t<div class=\"elementor-column elementor-col-50 elementor-inner-column elementor-element elementor-element-bvdubm6\" data-id=\"bvdubm6\" data-element_type=\"column\">\n\t\t\t<div class=\"elementor-widget-wrap elementor-element-populated\">\n\t\t\t\t\t\t<div class=\"elementor-element elementor-element-5gyler7 elementor-widget elementor-widget-text-editor\" data-id=\"5gyler7\" data-element_type=\"widget\" data-widget_type=\"text-editor.default\">\n\t\t\t\t<div class=\"elementor-widget-container\">\n\t\t\t\t\t\t\t\t\t<p><strong>Our current menu:<\/strong><\/p>\t\t\t\t\t\t\t\t<\/div>\n\t\t\t\t<\/div>\n\t\t\t\t<div class=\"elementor-element elementor-element-08060nt elementor-align-justify elementor-widget elementor-widget-button\" data-id=\"08060nt\" data-element_type=\"widget\" data-widget_type=\"button.default\">\n\t\t\t\t<div class=\"elementor-widget-container\">\n\t\t\t\t\t\t\t\t\t<div class=\"elementor-button-wrapper\">\n\t\t\t\t\t<a class=\"elementor-button elementor-button-link elementor-size-xl\" href=\"https:\/\/www.zellerhof-lunz.at\/wp2017\/wp-content\/uploads\/2024\/12\/speisekarte-zellerhof_homepage_2025.pdf\" target=\"_blank\">\n\t\t\t\t\t\t<span class=\"elementor-button-content-wrapper\">\n\t\t\t\t\t\t<span class=\"elementor-button-icon\">\n\t\t\t\t<i aria-hidden=\"true\" class=\"far fa-file-pdf\"><\/i>\t\t\t<\/span>\n\t\t\t\t\t\t\t\t\t<span class=\"elementor-button-text\">Food Menu<\/span>\n\t\t\t\t\t<\/span>\n\t\t\t\t\t<\/a>\n\t\t\t\t<\/div>\n\t\t\t\t\t\t\t\t<\/div>\n\t\t\t\t<\/div>\n\t\t\t\t<div class=\"elementor-element elementor-element-efca75d elementor-align-justify elementor-widget elementor-widget-button\" data-id=\"efca75d\" data-element_type=\"widget\" data-widget_type=\"button.default\">\n\t\t\t\t<div class=\"elementor-widget-container\">\n\t\t\t\t\t\t\t\t\t<div class=\"elementor-button-wrapper\">\n\t\t\t\t\t<a class=\"elementor-button elementor-button-link elementor-size-xl\" href=\"https:\/\/www.zellerhof-lunz.at\/wp2017\/wp-content\/uploads\/2024\/12\/speisekarte-zellerhof_homepage_englisch_2025.pdf\" target=\"_blank\">\n\t\t\t\t\t\t<span class=\"elementor-button-content-wrapper\">\n\t\t\t\t\t\t<span class=\"elementor-button-icon\">\n\t\t\t\t<i aria-hidden=\"true\" class=\"far fa-file-pdf\"><\/i>\t\t\t<\/span>\n\t\t\t\t\t\t\t\t\t<span class=\"elementor-button-text\">English menu<\/span>\n\t\t\t\t\t<\/span>\n\t\t\t\t\t<\/a>\n\t\t\t\t<\/div>\n\t\t\t\t\t\t\t\t<\/div>\n\t\t\t\t<\/div>\n\t\t\t\t<div class=\"elementor-element elementor-element-b19c0e6 elementor-align-justify elementor-widget elementor-widget-button\" data-id=\"b19c0e6\" data-element_type=\"widget\" data-widget_type=\"button.default\">\n\t\t\t\t<div class=\"elementor-widget-container\">\n\t\t\t\t\t\t\t\t\t<div class=\"elementor-button-wrapper\">\n\t\t\t\t\t<a class=\"elementor-button elementor-button-link elementor-size-xl\" href=\"https:\/\/www.zellerhof-lunz.at\/wp2017\/wp-content\/uploads\/2026\/03\/burgerkarte-2026.pdf\" target=\"_blank\">\n\t\t\t\t\t\t<span class=\"elementor-button-content-wrapper\">\n\t\t\t\t\t\t<span class=\"elementor-button-icon\">\n\t\t\t\t<i aria-hidden=\"true\" class=\"far fa-file-pdf\"><\/i>\t\t\t<\/span>\n\t\t\t\t\t\t\t\t\t<span class=\"elementor-button-text\">Burgerkarte nur am Samstag<\/span>\n\t\t\t\t\t<\/span>\n\t\t\t\t\t<\/a>\n\t\t\t\t<\/div>\n\t\t\t\t\t\t\t\t<\/div>\n\t\t\t\t<\/div>\n\t\t\t\t<div class=\"elementor-element elementor-element-ed77765 elementor-align-justify elementor-widget elementor-widget-button\" data-id=\"ed77765\" data-element_type=\"widget\" data-widget_type=\"button.default\">\n\t\t\t\t<div class=\"elementor-widget-container\">\n\t\t\t\t\t\t\t\t\t<div class=\"elementor-button-wrapper\">\n\t\t\t\t\t<a class=\"elementor-button elementor-button-link elementor-size-xl\" href=\"https:\/\/www.zellerhof-lunz.at\/wp2017\/wp-content\/uploads\/2025\/01\/schnitzel-freitag.pdf\" target=\"_blank\">\n\t\t\t\t\t\t<span class=\"elementor-button-content-wrapper\">\n\t\t\t\t\t\t<span class=\"elementor-button-icon\">\n\t\t\t\t<i aria-hidden=\"true\" class=\"far fa-file-pdf\"><\/i>\t\t\t<\/span>\n\t\t\t\t\t\t\t\t\t<span class=\"elementor-button-text\">Schnitzelkarte nur am Freitag von 11:00 bis 13:30<\/span>\n\t\t\t\t\t<\/span>\n\t\t\t\t\t<\/a>\n\t\t\t\t<\/div>\n\t\t\t\t\t\t\t\t<\/div>\n\t\t\t\t<\/div>\n\t\t\t\t\t<\/div>\n\t\t<\/div>\n\t\t\t\t\t<\/div>\n\t\t<\/section>\n\t\t\t\t<div class=\"elementor-element elementor-element-q4gtzq5 elementor-widget elementor-widget-spacer\" data-id=\"q4gtzq5\" data-element_type=\"widget\" data-widget_type=\"spacer.default\">\n\t\t\t\t<div class=\"elementor-widget-container\">\n\t\t\t\t\t\t\t<div class=\"elementor-spacer\">\n\t\t\t<div class=\"elementor-spacer-inner\"><\/div>\n\t\t<\/div>\n\t\t\t\t\t\t<\/div>\n\t\t\t\t<\/div>\n\t\t\t\t\t<\/div>\n\t\t<\/div>\n\t\t\t\t\t<\/div>\n\t\t<\/section>\n\t\t\t\t<section class=\"elementor-section elementor-top-section elementor-element elementor-element-vr85aq3 elementor-section-boxed elementor-section-height-default elementor-section-height-default\" data-id=\"vr85aq3\" data-element_type=\"section\">\n\t\t\t\t\t\t<div class=\"elementor-container elementor-column-gap-default\">\n\t\t\t\t\t<div class=\"elementor-column elementor-col-33 elementor-top-column elementor-element elementor-element-brrj91g\" data-id=\"brrj91g\" data-element_type=\"column\">\n\t\t\t<div class=\"elementor-widget-wrap elementor-element-populated\">\n\t\t\t\t\t\t<div class=\"elementor-element elementor-element-daab3fe elementor-widget elementor-widget-image\" data-id=\"daab3fe\" data-element_type=\"widget\" data-widget_type=\"image.default\">\n\t\t\t\t<div class=\"elementor-widget-container\">\n\t\t\t\t\t\t\t\t\t\t\t\t\t\t\t\t<a href=\"https:\/\/www.zellerhof-lunz.at\/wp2017\/wp-content\/uploads\/2024\/12\/dsc06177.jpg\" data-elementor-open-lightbox=\"yes\" data-elementor-lightbox-title=\"dsc06177\" data-e-action-hash=\"#elementor-action%3Aaction%3Dlightbox%26settings%3DeyJpZCI6NjA0NiwidXJsIjoiaHR0cHM6XC9cL3d3dy56ZWxsZXJob2YtbHVuei5hdFwvd3AyMDE3XC93cC1jb250ZW50XC91cGxvYWRzXC8yMDI0XC8xMlwvZHNjMDYxNzcuanBnIn0%3D\">\n\t\t\t\t\t\t\t<img fetchpriority=\"high\" decoding=\"async\" width=\"600\" height=\"900\" src=\"https:\/\/www.zellerhof-lunz.at\/wp2017\/wp-content\/uploads\/2024\/12\/dsc06177-600x900.jpg\" class=\"attachment-medium_large size-medium_large wp-image-6046\" alt=\"\" srcset=\"https:\/\/www.zellerhof-lunz.at\/wp2017\/wp-content\/uploads\/2024\/12\/dsc06177-600x900.jpg 600w, https:\/\/www.zellerhof-lunz.at\/wp2017\/wp-content\/uploads\/2024\/12\/dsc06177-300x450.jpg 300w, https:\/\/www.zellerhof-lunz.at\/wp2017\/wp-content\/uploads\/2024\/12\/dsc06177-1200x1800.jpg 1200w, https:\/\/www.zellerhof-lunz.at\/wp2017\/wp-content\/uploads\/2024\/12\/dsc06177-1024x1536.jpg 1024w, https:\/\/www.zellerhof-lunz.at\/wp2017\/wp-content\/uploads\/2024\/12\/dsc06177-8x12.jpg 8w, https:\/\/www.zellerhof-lunz.at\/wp2017\/wp-content\/uploads\/2024\/12\/dsc06177.jpg 1333w\" sizes=\"(max-width: 600px) 100vw, 600px\" \/>\t\t\t\t\t\t\t\t<\/a>\n\t\t\t\t\t\t\t\t\t\t\t\t\t\t\t<\/div>\n\t\t\t\t<\/div>\n\t\t\t\t\t<\/div>\n\t\t<\/div>\n\t\t\t\t<div class=\"elementor-column elementor-col-33 elementor-top-column elementor-element elementor-element-7juct2v\" data-id=\"7juct2v\" data-element_type=\"column\">\n\t\t\t<div class=\"elementor-widget-wrap elementor-element-populated\">\n\t\t\t\t\t\t<div class=\"elementor-element elementor-element-bf5add3 elementor-widget elementor-widget-image\" data-id=\"bf5add3\" data-element_type=\"widget\" data-widget_type=\"image.default\">\n\t\t\t\t<div class=\"elementor-widget-container\">\n\t\t\t\t\t\t\t\t\t\t\t\t\t\t\t\t<a href=\"https:\/\/www.zellerhof-lunz.at\/wp2017\/wp-content\/uploads\/2024\/02\/dsc06223.jpg\" data-elementor-open-lightbox=\"yes\" data-elementor-lightbox-title=\"dsc06223\" data-e-action-hash=\"#elementor-action%3Aaction%3Dlightbox%26settings%3DeyJpZCI6NTY1NSwidXJsIjoiaHR0cHM6XC9cL3d3dy56ZWxsZXJob2YtbHVuei5hdFwvd3AyMDE3XC93cC1jb250ZW50XC91cGxvYWRzXC8yMDI0XC8wMlwvZHNjMDYyMjMuanBnIn0%3D\">\n\t\t\t\t\t\t\t<img decoding=\"async\" width=\"600\" height=\"900\" src=\"https:\/\/www.zellerhof-lunz.at\/wp2017\/wp-content\/uploads\/2024\/02\/dsc06223-600x900.jpg\" class=\"attachment-medium_large size-medium_large wp-image-5655\" alt=\"\" srcset=\"https:\/\/www.zellerhof-lunz.at\/wp2017\/wp-content\/uploads\/2024\/02\/dsc06223-600x900.jpg 600w, https:\/\/www.zellerhof-lunz.at\/wp2017\/wp-content\/uploads\/2024\/02\/dsc06223-300x450.jpg 300w, https:\/\/www.zellerhof-lunz.at\/wp2017\/wp-content\/uploads\/2024\/02\/dsc06223-1200x1800.jpg 1200w, https:\/\/www.zellerhof-lunz.at\/wp2017\/wp-content\/uploads\/2024\/02\/dsc06223-1024x1536.jpg 1024w, https:\/\/www.zellerhof-lunz.at\/wp2017\/wp-content\/uploads\/2024\/02\/dsc06223-8x12.jpg 8w, https:\/\/www.zellerhof-lunz.at\/wp2017\/wp-content\/uploads\/2024\/02\/dsc06223.jpg 1333w\" sizes=\"(max-width: 600px) 100vw, 600px\" \/>\t\t\t\t\t\t\t\t<\/a>\n\t\t\t\t\t\t\t\t\t\t\t\t\t\t\t<\/div>\n\t\t\t\t<\/div>\n\t\t\t\t\t<\/div>\n\t\t<\/div>\n\t\t\t\t<div class=\"elementor-column elementor-col-33 elementor-top-column elementor-element elementor-element-9zl81e5\" data-id=\"9zl81e5\" data-element_type=\"column\">\n\t\t\t<div class=\"elementor-widget-wrap elementor-element-populated\">\n\t\t\t\t\t\t<div class=\"elementor-element elementor-element-0b59354 elementor-widget elementor-widget-image\" data-id=\"0b59354\" data-element_type=\"widget\" data-widget_type=\"image.default\">\n\t\t\t\t<div class=\"elementor-widget-container\">\n\t\t\t\t\t\t\t\t\t\t\t\t\t\t\t\t<a href=\"https:\/\/www.zellerhof-lunz.at\/wp2017\/wp-content\/uploads\/2024\/02\/dsc06205.jpg\" data-elementor-open-lightbox=\"yes\" data-elementor-lightbox-title=\"dsc06205\" data-e-action-hash=\"#elementor-action%3Aaction%3Dlightbox%26settings%3DeyJpZCI6NTY1NywidXJsIjoiaHR0cHM6XC9cL3d3dy56ZWxsZXJob2YtbHVuei5hdFwvd3AyMDE3XC93cC1jb250ZW50XC91cGxvYWRzXC8yMDI0XC8wMlwvZHNjMDYyMDUuanBnIn0%3D\">\n\t\t\t\t\t\t\t<img decoding=\"async\" width=\"600\" height=\"900\" src=\"https:\/\/www.zellerhof-lunz.at\/wp2017\/wp-content\/uploads\/2024\/02\/dsc06205-600x900.jpg\" class=\"attachment-medium_large size-medium_large wp-image-5657\" alt=\"\" srcset=\"https:\/\/www.zellerhof-lunz.at\/wp2017\/wp-content\/uploads\/2024\/02\/dsc06205-600x900.jpg 600w, https:\/\/www.zellerhof-lunz.at\/wp2017\/wp-content\/uploads\/2024\/02\/dsc06205-300x450.jpg 300w, https:\/\/www.zellerhof-lunz.at\/wp2017\/wp-content\/uploads\/2024\/02\/dsc06205-1200x1800.jpg 1200w, https:\/\/www.zellerhof-lunz.at\/wp2017\/wp-content\/uploads\/2024\/02\/dsc06205-1024x1536.jpg 1024w, https:\/\/www.zellerhof-lunz.at\/wp2017\/wp-content\/uploads\/2024\/02\/dsc06205-8x12.jpg 8w, https:\/\/www.zellerhof-lunz.at\/wp2017\/wp-content\/uploads\/2024\/02\/dsc06205.jpg 1333w\" sizes=\"(max-width: 600px) 100vw, 600px\" \/>\t\t\t\t\t\t\t\t<\/a>\n\t\t\t\t\t\t\t\t\t\t\t\t\t\t\t<\/div>\n\t\t\t\t<\/div>\n\t\t\t\t\t<\/div>\n\t\t<\/div>\n\t\t\t\t\t<\/div>\n\t\t<\/section>\n\t\t\t\t<\/div>","protected":false},"excerpt":{"rendered":"<p>Speisekarte &amp; \u00d6ffnungszeiten DAS AUSH\u00c4NGESCHILD des Hauses \u2013 die K\u00dcCHE Liebe geht bekanntlich durch den Magen. Neben einer fachgerechten Zubereitung ist es umso wichtiger, dass die Zutaten f\u00fcr unsere kulinarischen K\u00f6stlichkeiten aus der Region kommen. Lassen Sie sich verw\u00f6hnen und genie\u00dfen Sie die abwechslungsreiche K\u00fcche, die gr\u00f6\u00dften Wert auf Regionalit\u00e4t, Geschmack und Qualit\u00e4t legt. Das [&hellip;]<\/p>\n","protected":false},"author":1,"featured_media":0,"parent":22,"menu_order":1,"comment_status":"closed","ping_status":"closed","template":"","meta":{"_acf_changed":false,"footnotes":""},"class_list":["post-33","page","type-page","status-publish","hentry"],"acf":[],"yoast_head":"<!-- This site is optimized with the Yoast SEO plugin v26.8 - https:\/\/yoast.com\/product\/yoast-seo-wordpress\/ -->\n<title>Speisen &amp; \u00d6ffnungszeiten &#8211; Zellerhof Lunz<\/title>\n<meta name=\"description\" content=\"Liebe geht durch den Magen. Unsere K\u00fcche legt gro\u00dfen Wert auf Regionalit\u00e4t, Qualit\u00e4t und Geschmack. Abwechslung ist garantiert.\" \/>\n<meta name=\"robots\" content=\"index, follow, max-snippet:-1, max-image-preview:large, max-video-preview:-1\" \/>\n<link rel=\"canonical\" href=\"https:\/\/www.zellerhof-lunz.at\/en\/restaurant\/speisen-spezialitaeten\/\" \/>\n<meta property=\"og:locale\" content=\"en_US\" \/>\n<meta property=\"og:type\" content=\"article\" \/>\n<meta property=\"og:title\" content=\"Speisen &amp; \u00d6ffnungszeiten &#8211; Zellerhof Lunz\" \/>\n<meta property=\"og:description\" content=\"Liebe geht durch den Magen. Unsere K\u00fcche legt gro\u00dfen Wert auf Regionalit\u00e4t, Qualit\u00e4t und Geschmack. Abwechslung ist garantiert.\" \/>\n<meta property=\"og:url\" content=\"https:\/\/www.zellerhof-lunz.at\/en\/restaurant\/speisen-spezialitaeten\/\" \/>\n<meta property=\"og:site_name\" content=\"Zellerhof Lunz\" \/>\n<meta property=\"article:modified_time\" content=\"2026-03-26T12:40:08+00:00\" \/>\n<meta property=\"og:image\" content=\"https:\/\/www.zellerhof-lunz.at\/wp2017\/wp-content\/uploads\/2024\/12\/dsc06177.jpg\" \/>\n\t<meta property=\"og:image:width\" content=\"1333\" \/>\n\t<meta property=\"og:image:height\" content=\"2000\" \/>\n\t<meta property=\"og:image:type\" content=\"image\/jpeg\" \/>\n<meta name=\"twitter:card\" content=\"summary_large_image\" \/>\n<meta name=\"twitter:label1\" content=\"Est. reading time\" \/>\n\t<meta name=\"twitter:data1\" content=\"2 minutes\" \/>\n<script type=\"application\/ld+json\" class=\"yoast-schema-graph\">{\"@context\":\"https:\/\/schema.org\",\"@graph\":[{\"@type\":\"WebPage\",\"@id\":\"https:\/\/www.zellerhof-lunz.at\/restaurant\/speisen-spezialitaeten\/\",\"url\":\"https:\/\/www.zellerhof-lunz.at\/restaurant\/speisen-spezialitaeten\/\",\"name\":\"Speisen & \u00d6ffnungszeiten &#8211; Zellerhof Lunz\",\"isPartOf\":{\"@id\":\"https:\/\/www.zellerhof-lunz.at\/#website\"},\"primaryImageOfPage\":{\"@id\":\"https:\/\/www.zellerhof-lunz.at\/restaurant\/speisen-spezialitaeten\/#primaryimage\"},\"image\":{\"@id\":\"https:\/\/www.zellerhof-lunz.at\/restaurant\/speisen-spezialitaeten\/#primaryimage\"},\"thumbnailUrl\":\"https:\/\/www.zellerhof-lunz.at\/wp2017\/wp-content\/uploads\/2024\/12\/dsc06177-600x900.jpg\",\"datePublished\":\"2017-05-29T12:34:29+00:00\",\"dateModified\":\"2026-03-26T12:40:08+00:00\",\"description\":\"Liebe geht durch den Magen. Unsere K\u00fcche legt gro\u00dfen Wert auf Regionalit\u00e4t, Qualit\u00e4t und Geschmack. Abwechslung ist garantiert.\",\"breadcrumb\":{\"@id\":\"https:\/\/www.zellerhof-lunz.at\/restaurant\/speisen-spezialitaeten\/#breadcrumb\"},\"inLanguage\":\"en-US\",\"potentialAction\":[{\"@type\":\"ReadAction\",\"target\":[\"https:\/\/www.zellerhof-lunz.at\/restaurant\/speisen-spezialitaeten\/\"]}]},{\"@type\":\"ImageObject\",\"inLanguage\":\"en-US\",\"@id\":\"https:\/\/www.zellerhof-lunz.at\/restaurant\/speisen-spezialitaeten\/#primaryimage\",\"url\":\"https:\/\/www.zellerhof-lunz.at\/wp2017\/wp-content\/uploads\/2024\/12\/dsc06177-600x900.jpg\",\"contentUrl\":\"https:\/\/www.zellerhof-lunz.at\/wp2017\/wp-content\/uploads\/2024\/12\/dsc06177-600x900.jpg\"},{\"@type\":\"BreadcrumbList\",\"@id\":\"https:\/\/www.zellerhof-lunz.at\/restaurant\/speisen-spezialitaeten\/#breadcrumb\",\"itemListElement\":[{\"@type\":\"ListItem\",\"position\":1,\"name\":\"Startseite\",\"item\":\"https:\/\/www.zellerhof-lunz.at\/\"},{\"@type\":\"ListItem\",\"position\":2,\"name\":\"Restaurant\",\"item\":\"https:\/\/www.zellerhof-lunz.at\/restaurant\/\"},{\"@type\":\"ListItem\",\"position\":3,\"name\":\"Speisen &#038; \u00d6ffnungszeiten\"}]},{\"@type\":\"WebSite\",\"@id\":\"https:\/\/www.zellerhof-lunz.at\/#website\",\"url\":\"https:\/\/www.zellerhof-lunz.at\/\",\"name\":\"Zellerhof Lunz\",\"description\":\"Landhotel, Restaurant und Apartments in Lunz am See\",\"publisher\":{\"@id\":\"https:\/\/www.zellerhof-lunz.at\/#organization\"},\"potentialAction\":[{\"@type\":\"SearchAction\",\"target\":{\"@type\":\"EntryPoint\",\"urlTemplate\":\"https:\/\/www.zellerhof-lunz.at\/?s={search_term_string}\"},\"query-input\":{\"@type\":\"PropertyValueSpecification\",\"valueRequired\":true,\"valueName\":\"search_term_string\"}}],\"inLanguage\":\"en-US\"},{\"@type\":\"Organization\",\"@id\":\"https:\/\/www.zellerhof-lunz.at\/#organization\",\"name\":\"Zellerhof Lunz\",\"url\":\"https:\/\/www.zellerhof-lunz.at\/\",\"logo\":{\"@type\":\"ImageObject\",\"inLanguage\":\"en-US\",\"@id\":\"https:\/\/www.zellerhof-lunz.at\/#\/schema\/logo\/image\/\",\"url\":\"https:\/\/www.zellerhof-lunz.at\/wp2017\/wp-content\/uploads\/2020\/07\/logozh.png\",\"contentUrl\":\"https:\/\/www.zellerhof-lunz.at\/wp2017\/wp-content\/uploads\/2020\/07\/logozh.png\",\"width\":350,\"height\":100,\"caption\":\"Zellerhof Lunz\"},\"image\":{\"@id\":\"https:\/\/www.zellerhof-lunz.at\/#\/schema\/logo\/image\/\"}}]}<\/script>\n<!-- \/ Yoast SEO plugin. -->","yoast_head_json":{"title":"Speisen & \u00d6ffnungszeiten &#8211; Zellerhof Lunz","description":"Liebe geht durch den Magen. Unsere K\u00fcche legt gro\u00dfen Wert auf Regionalit\u00e4t, Qualit\u00e4t und Geschmack. Abwechslung ist garantiert.","robots":{"index":"index","follow":"follow","max-snippet":"max-snippet:-1","max-image-preview":"max-image-preview:large","max-video-preview":"max-video-preview:-1"},"canonical":"https:\/\/www.zellerhof-lunz.at\/en\/restaurant\/speisen-spezialitaeten\/","og_locale":"en_US","og_type":"article","og_title":"Speisen & \u00d6ffnungszeiten &#8211; Zellerhof Lunz","og_description":"Liebe geht durch den Magen. Unsere K\u00fcche legt gro\u00dfen Wert auf Regionalit\u00e4t, Qualit\u00e4t und Geschmack. Abwechslung ist garantiert.","og_url":"https:\/\/www.zellerhof-lunz.at\/en\/restaurant\/speisen-spezialitaeten\/","og_site_name":"Zellerhof Lunz","article_modified_time":"2026-03-26T12:40:08+00:00","og_image":[{"width":1333,"height":2000,"url":"https:\/\/www.zellerhof-lunz.at\/wp2017\/wp-content\/uploads\/2024\/12\/dsc06177.jpg","type":"image\/jpeg"}],"twitter_card":"summary_large_image","twitter_misc":{"Est. reading time":"2 minutes"},"schema":{"@context":"https:\/\/schema.org","@graph":[{"@type":"WebPage","@id":"https:\/\/www.zellerhof-lunz.at\/restaurant\/speisen-spezialitaeten\/","url":"https:\/\/www.zellerhof-lunz.at\/restaurant\/speisen-spezialitaeten\/","name":"Speisen & \u00d6ffnungszeiten &#8211; Zellerhof Lunz","isPartOf":{"@id":"https:\/\/www.zellerhof-lunz.at\/#website"},"primaryImageOfPage":{"@id":"https:\/\/www.zellerhof-lunz.at\/restaurant\/speisen-spezialitaeten\/#primaryimage"},"image":{"@id":"https:\/\/www.zellerhof-lunz.at\/restaurant\/speisen-spezialitaeten\/#primaryimage"},"thumbnailUrl":"https:\/\/www.zellerhof-lunz.at\/wp2017\/wp-content\/uploads\/2024\/12\/dsc06177-600x900.jpg","datePublished":"2017-05-29T12:34:29+00:00","dateModified":"2026-03-26T12:40:08+00:00","description":"Liebe geht durch den Magen. Unsere K\u00fcche legt gro\u00dfen Wert auf Regionalit\u00e4t, Qualit\u00e4t und Geschmack. Abwechslung ist garantiert.","breadcrumb":{"@id":"https:\/\/www.zellerhof-lunz.at\/restaurant\/speisen-spezialitaeten\/#breadcrumb"},"inLanguage":"en-US","potentialAction":[{"@type":"ReadAction","target":["https:\/\/www.zellerhof-lunz.at\/restaurant\/speisen-spezialitaeten\/"]}]},{"@type":"ImageObject","inLanguage":"en-US","@id":"https:\/\/www.zellerhof-lunz.at\/restaurant\/speisen-spezialitaeten\/#primaryimage","url":"https:\/\/www.zellerhof-lunz.at\/wp2017\/wp-content\/uploads\/2024\/12\/dsc06177-600x900.jpg","contentUrl":"https:\/\/www.zellerhof-lunz.at\/wp2017\/wp-content\/uploads\/2024\/12\/dsc06177-600x900.jpg"},{"@type":"BreadcrumbList","@id":"https:\/\/www.zellerhof-lunz.at\/restaurant\/speisen-spezialitaeten\/#breadcrumb","itemListElement":[{"@type":"ListItem","position":1,"name":"Startseite","item":"https:\/\/www.zellerhof-lunz.at\/"},{"@type":"ListItem","position":2,"name":"Restaurant","item":"https:\/\/www.zellerhof-lunz.at\/restaurant\/"},{"@type":"ListItem","position":3,"name":"Speisen &#038; \u00d6ffnungszeiten"}]},{"@type":"WebSite","@id":"https:\/\/www.zellerhof-lunz.at\/#website","url":"https:\/\/www.zellerhof-lunz.at\/","name":"Zellerhof Lunz","description":"Country hotel, restaurant and apartments in Lunz am See","publisher":{"@id":"https:\/\/www.zellerhof-lunz.at\/#organization"},"potentialAction":[{"@type":"SearchAction","target":{"@type":"EntryPoint","urlTemplate":"https:\/\/www.zellerhof-lunz.at\/?s={search_term_string}"},"query-input":{"@type":"PropertyValueSpecification","valueRequired":true,"valueName":"search_term_string"}}],"inLanguage":"en-US"},{"@type":"Organization","@id":"https:\/\/www.zellerhof-lunz.at\/#organization","name":"Zellerhof Lunz","url":"https:\/\/www.zellerhof-lunz.at\/","logo":{"@type":"ImageObject","inLanguage":"en-US","@id":"https:\/\/www.zellerhof-lunz.at\/#\/schema\/logo\/image\/","url":"https:\/\/www.zellerhof-lunz.at\/wp2017\/wp-content\/uploads\/2020\/07\/logozh.png","contentUrl":"https:\/\/www.zellerhof-lunz.at\/wp2017\/wp-content\/uploads\/2020\/07\/logozh.png","width":350,"height":100,"caption":"Zellerhof Lunz"},"image":{"@id":"https:\/\/www.zellerhof-lunz.at\/#\/schema\/logo\/image\/"}}]}},"_links":{"self":[{"href":"https:\/\/www.zellerhof-lunz.at\/en\/wp-json\/wp\/v2\/pages\/33","targetHints":{"allow":["GET"]}}],"collection":[{"href":"https:\/\/www.zellerhof-lunz.at\/en\/wp-json\/wp\/v2\/pages"}],"about":[{"href":"https:\/\/www.zellerhof-lunz.at\/en\/wp-json\/wp\/v2\/types\/page"}],"author":[{"embeddable":true,"href":"https:\/\/www.zellerhof-lunz.at\/en\/wp-json\/wp\/v2\/users\/1"}],"replies":[{"embeddable":true,"href":"https:\/\/www.zellerhof-lunz.at\/en\/wp-json\/wp\/v2\/comments?post=33"}],"version-history":[{"count":168,"href":"https:\/\/www.zellerhof-lunz.at\/en\/wp-json\/wp\/v2\/pages\/33\/revisions"}],"predecessor-version":[{"id":8322,"href":"https:\/\/www.zellerhof-lunz.at\/en\/wp-json\/wp\/v2\/pages\/33\/revisions\/8322"}],"up":[{"embeddable":true,"href":"https:\/\/www.zellerhof-lunz.at\/en\/wp-json\/wp\/v2\/pages\/22"}],"wp:attachment":[{"href":"https:\/\/www.zellerhof-lunz.at\/en\/wp-json\/wp\/v2\/media?parent=33"}],"curies":[{"name":"wp","href":"https:\/\/api.w.org\/{rel}","templated":true}]}}