{"id":36,"date":"2017-05-29T14:34:30","date_gmt":"2017-05-29T12:34:30","guid":{"rendered":"http:\/\/zellerhof-lunz.at.w016f721.kasserver.com\/ausflug\/winter\/"},"modified":"2021-07-27T12:51:48","modified_gmt":"2021-07-27T10:51:48","slug":"winter","status":"publish","type":"page","link":"https:\/\/www.zellerhof-lunz.at\/en\/ausflug\/winter\/","title":{"rendered":"WINTER"},"content":{"rendered":"<div data-elementor-type=\"wp-post\" data-elementor-id=\"36\" class=\"elementor elementor-36\" data-elementor-post-type=\"page\">\n\t\t\t\t\t\t<section class=\"elementor-section elementor-top-section elementor-element elementor-element-heuwdc8 elementor-section-boxed elementor-section-height-default elementor-section-height-default\" data-id=\"heuwdc8\" data-element_type=\"section\">\n\t\t\t\t\t\t<div class=\"elementor-container elementor-column-gap-default\">\n\t\t\t\t\t<div class=\"elementor-column elementor-col-100 elementor-top-column elementor-element elementor-element-2x9hcz3\" data-id=\"2x9hcz3\" data-element_type=\"column\">\n\t\t\t<div class=\"elementor-widget-wrap elementor-element-populated\">\n\t\t\t\t\t\t<div class=\"elementor-element elementor-element-vxy2o28 elementor-widget elementor-widget-heading\" data-id=\"vxy2o28\" data-element_type=\"widget\" data-widget_type=\"heading.default\">\n\t\t\t\t<div class=\"elementor-widget-container\">\n\t\t\t\t\t<h1 class=\"elementor-heading-title elementor-size-default\">WINTERTIME ACTIVITIES<\/h1>\t\t\t\t<\/div>\n\t\t\t\t<\/div>\n\t\t\t\t<div class=\"elementor-element elementor-element-5uv8300 elementor-widget elementor-widget-heading\" data-id=\"5uv8300\" data-element_type=\"widget\" data-widget_type=\"heading.default\">\n\t\t\t\t<div class=\"elementor-widget-container\">\n\t\t\t\t\t<h2 class=\"elementor-heading-title elementor-size-default\">A prime location between the \u00d6tscher and Hochkar ski resorts<\/h2>\t\t\t\t<\/div>\n\t\t\t\t<\/div>\n\t\t\t\t<div class=\"elementor-element elementor-element-34r92wf elementor-widget elementor-widget-text-editor\" data-id=\"34r92wf\" data-element_type=\"widget\" data-widget_type=\"text-editor.default\">\n\t\t\t\t<div class=\"elementor-widget-container\">\n\t\t\t\t\t\t\t\t\t<p>A ski holiday in Lunz am See couldn\u2019t be more beautiful \u2013 as long as you\u2019re staying with us, that is! Our perfect location between the \u00d6tscher and Hochkar ski resorts guarantees that you will be making the most of your ski pass.<\/p><p><strong>One pass for both ski resorts.<\/strong> The \u00d6tscher and Hochkar ski resorts have 16 modern lifts and a perfect mix of slopes at different levels of difficulty.<\/p><p>Even off the slopes, Lunz am See has a lot to offer: cross-country walks, ice skating, winter hiking and others.<\/p>\t\t\t\t\t\t\t\t<\/div>\n\t\t\t\t<\/div>\n\t\t\t\t\t<\/div>\n\t\t<\/div>\n\t\t\t\t\t<\/div>\n\t\t<\/section>\n\t\t\t\t<section class=\"elementor-section elementor-top-section elementor-element elementor-element-b2f0184 elementor-section-boxed elementor-section-height-default elementor-section-height-default\" data-id=\"b2f0184\" data-element_type=\"section\">\n\t\t\t\t\t\t<div class=\"elementor-container elementor-column-gap-default\">\n\t\t\t\t\t<div class=\"elementor-column elementor-col-100 elementor-top-column elementor-element elementor-element-bac8af2\" data-id=\"bac8af2\" data-element_type=\"column\">\n\t\t\t<div class=\"elementor-widget-wrap elementor-element-populated\">\n\t\t\t\t\t\t<div class=\"elementor-element elementor-element-kivv7cc elementor-widget elementor-widget-shortcode\" data-id=\"kivv7cc\" data-element_type=\"widget\" data-widget_type=\"shortcode.default\">\n\t\t\t\t<div class=\"elementor-widget-container\">\n\t\t\t\t\t\t\t<div class=\"elementor-shortcode\"><div class=\"falke_childpages\"><div class=\"cp_row\"><div class=\"cp_col\" style=\"width: calc(100%\/3);\"><a href=\"https:\/\/www.zellerhof-lunz.at\/en\/ausflug\/winter\/eislaufen\/\" title=\"ICE SKATING IN LUNZ AM SEE\" class=\"cp_content\" style=\"background-image:url(https:\/\/www.zellerhof-lunz.at\/wp2017\/wp-content\/uploads\/2024\/01\/dji_0268-600x450.jpg); background-position:center center\"><span class=\"cp_title\">ICE SKATING IN LUNZ AM SEE<\/span><\/a><\/div><div class=\"cp_col\" style=\"width: calc(100%\/3);\"><a href=\"https:\/\/www.zellerhof-lunz.at\/en\/ausflug\/winter\/ski-snowboard\/\" title=\"SKIING &amp; SNOWBOARDING\" class=\"cp_content\" style=\"background-image:url(https:\/\/www.zellerhof-lunz.at\/wp2017\/wp-content\/uploads\/2017\/11\/skifahren-am-hochkar_wf130436-22-600x400.jpg); background-position:center center\"><span class=\"cp_title\">SKIING &amp; SNOWBOARDING<\/span><\/a><\/div><div class=\"cp_col\" style=\"width: calc(100%\/3);\"><a href=\"https:\/\/www.zellerhof-lunz.at\/en\/ausflug\/winter\/schneeschuhwandern\/\" title=\"SNOWSHOEING\" class=\"cp_content\" style=\"background-image:url(https:\/\/www.zellerhof-lunz.at\/wp2017\/wp-content\/uploads\/2017\/11\/schneeschuhwandern-in-lackenhof_wf126673-14-600x400.jpg); background-position:center center\"><span class=\"cp_title\">SNOWSHOEING<\/span><\/a><\/div><\/div><div class=\"cp_row\"><div class=\"cp_col\" style=\"width: calc(100%\/3);\"><a href=\"https:\/\/www.zellerhof-lunz.at\/en\/ausflug\/winter\/langlaufen\/\" title=\"CROSS-COUNTRY SKIING\" class=\"cp_content\" style=\"background-image:url(https:\/\/www.zellerhof-lunz.at\/wp2017\/wp-content\/uploads\/2017\/11\/langlaufen-in-lackenhof_sk_15_10_13_-8-600x400.jpg); background-position:center center\"><span class=\"cp_title\">CROSS-COUNTRY SKIING<\/span><\/a><\/div><div class=\"cp_col\" style=\"width: calc(100%\/3);\"><a href=\"https:\/\/www.zellerhof-lunz.at\/en\/ausflug\/winter\/ybbstaler-solebad\/\" title=\"YBBSTAL BRINE BATH\" class=\"cp_content\" style=\"background-image:url(https:\/\/www.zellerhof-lunz.at\/wp2017\/wp-content\/uploads\/2017\/11\/baden-im-solebad_wein9412-6-600x400.jpg); background-position:center center\"><span class=\"cp_title\">YBBSTAL BRINE BATH<\/span><\/a><\/div><\/div><\/div><\/div>\n\t\t\t\t\t\t<\/div>\n\t\t\t\t<\/div>\n\t\t\t\t\t<\/div>\n\t\t<\/div>\n\t\t\t\t\t<\/div>\n\t\t<\/section>\n\t\t\t\t<\/div>","protected":false},"excerpt":{"rendered":"<p>Winterfreuden Top Lage zwischen den Schigebieten \u00d6tscher und Hochkar Der Skiurlaub in Lunz am See kann sch\u00f6ner nicht sein \u2013 sofern Sie unsere G\u00e4ste sind. Die ideale Lage\u00a0zwischen den Skigebieten \u00d6tscher und Hochkar garaniert, dass Sie ihren Skipass perfekt n\u00fctzen k\u00f6nnen. 1 Karte f\u00fcr beide Skigebiete. Die Skigebiete \u00d6tscher und Hochkar bieten 16 moderne Lifte [&hellip;]<\/p>\n","protected":false},"author":1,"featured_media":0,"parent":24,"menu_order":17,"comment_status":"closed","ping_status":"closed","template":"","meta":{"_acf_changed":false,"footnotes":""},"class_list":["post-36","page","type-page","status-publish","hentry"],"acf":[],"yoast_head":"<!-- This site is optimized with the Yoast SEO plugin v26.8 - https:\/\/yoast.com\/product\/yoast-seo-wordpress\/ -->\n<title>Winter &#8211; Zellerhof Lunz<\/title>\n<meta name=\"robots\" content=\"index, follow, max-snippet:-1, max-image-preview:large, max-video-preview:-1\" \/>\n<link rel=\"canonical\" href=\"https:\/\/www.zellerhof-lunz.at\/en\/ausflug\/winter\/\" \/>\n<meta property=\"og:locale\" content=\"en_US\" \/>\n<meta property=\"og:type\" content=\"article\" \/>\n<meta property=\"og:title\" content=\"Winter &#8211; Zellerhof Lunz\" \/>\n<meta property=\"og:description\" content=\"Winterfreuden Top Lage zwischen den Schigebieten \u00d6tscher und Hochkar Der Skiurlaub in Lunz am See kann sch\u00f6ner nicht sein \u2013 sofern Sie unsere G\u00e4ste sind. Die ideale Lage\u00a0zwischen den Skigebieten \u00d6tscher und Hochkar garaniert, dass Sie ihren Skipass perfekt n\u00fctzen k\u00f6nnen. 1 Karte f\u00fcr beide Skigebiete. Die Skigebiete \u00d6tscher und Hochkar bieten 16 moderne Lifte [&hellip;]\" \/>\n<meta property=\"og:url\" content=\"https:\/\/www.zellerhof-lunz.at\/en\/ausflug\/winter\/\" \/>\n<meta property=\"og:site_name\" content=\"Zellerhof Lunz\" \/>\n<meta property=\"article:modified_time\" content=\"2021-07-27T10:51:48+00:00\" \/>\n<meta name=\"twitter:card\" content=\"summary_large_image\" \/>\n<meta name=\"twitter:label1\" content=\"Est. reading time\" \/>\n\t<meta name=\"twitter:data1\" content=\"1 minute\" \/>\n<script type=\"application\/ld+json\" class=\"yoast-schema-graph\">{\"@context\":\"https:\/\/schema.org\",\"@graph\":[{\"@type\":\"WebPage\",\"@id\":\"https:\/\/www.zellerhof-lunz.at\/ausflug\/winter\/\",\"url\":\"https:\/\/www.zellerhof-lunz.at\/ausflug\/winter\/\",\"name\":\"Winter &#8211; Zellerhof Lunz\",\"isPartOf\":{\"@id\":\"https:\/\/www.zellerhof-lunz.at\/#website\"},\"datePublished\":\"2017-05-29T12:34:30+00:00\",\"dateModified\":\"2021-07-27T10:51:48+00:00\",\"breadcrumb\":{\"@id\":\"https:\/\/www.zellerhof-lunz.at\/ausflug\/winter\/#breadcrumb\"},\"inLanguage\":\"en-US\",\"potentialAction\":[{\"@type\":\"ReadAction\",\"target\":[\"https:\/\/www.zellerhof-lunz.at\/ausflug\/winter\/\"]}]},{\"@type\":\"BreadcrumbList\",\"@id\":\"https:\/\/www.zellerhof-lunz.at\/ausflug\/winter\/#breadcrumb\",\"itemListElement\":[{\"@type\":\"ListItem\",\"position\":1,\"name\":\"Startseite\",\"item\":\"https:\/\/www.zellerhof-lunz.at\/\"},{\"@type\":\"ListItem\",\"position\":2,\"name\":\"Ausflug\",\"item\":\"https:\/\/www.zellerhof-lunz.at\/ausflug\/\"},{\"@type\":\"ListItem\",\"position\":3,\"name\":\"Winter\"}]},{\"@type\":\"WebSite\",\"@id\":\"https:\/\/www.zellerhof-lunz.at\/#website\",\"url\":\"https:\/\/www.zellerhof-lunz.at\/\",\"name\":\"Zellerhof Lunz\",\"description\":\"Landhotel, Restaurant und Apartments in Lunz am See\",\"publisher\":{\"@id\":\"https:\/\/www.zellerhof-lunz.at\/#organization\"},\"potentialAction\":[{\"@type\":\"SearchAction\",\"target\":{\"@type\":\"EntryPoint\",\"urlTemplate\":\"https:\/\/www.zellerhof-lunz.at\/?s={search_term_string}\"},\"query-input\":{\"@type\":\"PropertyValueSpecification\",\"valueRequired\":true,\"valueName\":\"search_term_string\"}}],\"inLanguage\":\"en-US\"},{\"@type\":\"Organization\",\"@id\":\"https:\/\/www.zellerhof-lunz.at\/#organization\",\"name\":\"Zellerhof Lunz\",\"url\":\"https:\/\/www.zellerhof-lunz.at\/\",\"logo\":{\"@type\":\"ImageObject\",\"inLanguage\":\"en-US\",\"@id\":\"https:\/\/www.zellerhof-lunz.at\/#\/schema\/logo\/image\/\",\"url\":\"https:\/\/www.zellerhof-lunz.at\/wp2017\/wp-content\/uploads\/2020\/07\/logozh.png\",\"contentUrl\":\"https:\/\/www.zellerhof-lunz.at\/wp2017\/wp-content\/uploads\/2020\/07\/logozh.png\",\"width\":350,\"height\":100,\"caption\":\"Zellerhof Lunz\"},\"image\":{\"@id\":\"https:\/\/www.zellerhof-lunz.at\/#\/schema\/logo\/image\/\"}}]}<\/script>\n<!-- \/ Yoast SEO plugin. -->","yoast_head_json":{"title":"Winter &#8211; Zellerhof Lunz","robots":{"index":"index","follow":"follow","max-snippet":"max-snippet:-1","max-image-preview":"max-image-preview:large","max-video-preview":"max-video-preview:-1"},"canonical":"https:\/\/www.zellerhof-lunz.at\/en\/ausflug\/winter\/","og_locale":"en_US","og_type":"article","og_title":"Winter &#8211; Zellerhof Lunz","og_description":"Winterfreuden Top Lage zwischen den Schigebieten \u00d6tscher und Hochkar Der Skiurlaub in Lunz am See kann sch\u00f6ner nicht sein \u2013 sofern Sie unsere G\u00e4ste sind. Die ideale Lage\u00a0zwischen den Skigebieten \u00d6tscher und Hochkar garaniert, dass Sie ihren Skipass perfekt n\u00fctzen k\u00f6nnen. 1 Karte f\u00fcr beide Skigebiete. Die Skigebiete \u00d6tscher und Hochkar bieten 16 moderne Lifte [&hellip;]","og_url":"https:\/\/www.zellerhof-lunz.at\/en\/ausflug\/winter\/","og_site_name":"Zellerhof Lunz","article_modified_time":"2021-07-27T10:51:48+00:00","twitter_card":"summary_large_image","twitter_misc":{"Est. reading time":"1 minute"},"schema":{"@context":"https:\/\/schema.org","@graph":[{"@type":"WebPage","@id":"https:\/\/www.zellerhof-lunz.at\/ausflug\/winter\/","url":"https:\/\/www.zellerhof-lunz.at\/ausflug\/winter\/","name":"Winter &#8211; Zellerhof Lunz","isPartOf":{"@id":"https:\/\/www.zellerhof-lunz.at\/#website"},"datePublished":"2017-05-29T12:34:30+00:00","dateModified":"2021-07-27T10:51:48+00:00","breadcrumb":{"@id":"https:\/\/www.zellerhof-lunz.at\/ausflug\/winter\/#breadcrumb"},"inLanguage":"en-US","potentialAction":[{"@type":"ReadAction","target":["https:\/\/www.zellerhof-lunz.at\/ausflug\/winter\/"]}]},{"@type":"BreadcrumbList","@id":"https:\/\/www.zellerhof-lunz.at\/ausflug\/winter\/#breadcrumb","itemListElement":[{"@type":"ListItem","position":1,"name":"Startseite","item":"https:\/\/www.zellerhof-lunz.at\/"},{"@type":"ListItem","position":2,"name":"Ausflug","item":"https:\/\/www.zellerhof-lunz.at\/ausflug\/"},{"@type":"ListItem","position":3,"name":"Winter"}]},{"@type":"WebSite","@id":"https:\/\/www.zellerhof-lunz.at\/#website","url":"https:\/\/www.zellerhof-lunz.at\/","name":"Zellerhof Lunz","description":"Country hotel, restaurant and apartments in Lunz am See","publisher":{"@id":"https:\/\/www.zellerhof-lunz.at\/#organization"},"potentialAction":[{"@type":"SearchAction","target":{"@type":"EntryPoint","urlTemplate":"https:\/\/www.zellerhof-lunz.at\/?s={search_term_string}"},"query-input":{"@type":"PropertyValueSpecification","valueRequired":true,"valueName":"search_term_string"}}],"inLanguage":"en-US"},{"@type":"Organization","@id":"https:\/\/www.zellerhof-lunz.at\/#organization","name":"Zellerhof Lunz","url":"https:\/\/www.zellerhof-lunz.at\/","logo":{"@type":"ImageObject","inLanguage":"en-US","@id":"https:\/\/www.zellerhof-lunz.at\/#\/schema\/logo\/image\/","url":"https:\/\/www.zellerhof-lunz.at\/wp2017\/wp-content\/uploads\/2020\/07\/logozh.png","contentUrl":"https:\/\/www.zellerhof-lunz.at\/wp2017\/wp-content\/uploads\/2020\/07\/logozh.png","width":350,"height":100,"caption":"Zellerhof Lunz"},"image":{"@id":"https:\/\/www.zellerhof-lunz.at\/#\/schema\/logo\/image\/"}}]}},"_links":{"self":[{"href":"https:\/\/www.zellerhof-lunz.at\/en\/wp-json\/wp\/v2\/pages\/36","targetHints":{"allow":["GET"]}}],"collection":[{"href":"https:\/\/www.zellerhof-lunz.at\/en\/wp-json\/wp\/v2\/pages"}],"about":[{"href":"https:\/\/www.zellerhof-lunz.at\/en\/wp-json\/wp\/v2\/types\/page"}],"author":[{"embeddable":true,"href":"https:\/\/www.zellerhof-lunz.at\/en\/wp-json\/wp\/v2\/users\/1"}],"replies":[{"embeddable":true,"href":"https:\/\/www.zellerhof-lunz.at\/en\/wp-json\/wp\/v2\/comments?post=36"}],"version-history":[{"count":13,"href":"https:\/\/www.zellerhof-lunz.at\/en\/wp-json\/wp\/v2\/pages\/36\/revisions"}],"predecessor-version":[{"id":2714,"href":"https:\/\/www.zellerhof-lunz.at\/en\/wp-json\/wp\/v2\/pages\/36\/revisions\/2714"}],"up":[{"embeddable":true,"href":"https:\/\/www.zellerhof-lunz.at\/en\/wp-json\/wp\/v2\/pages\/24"}],"wp:attachment":[{"href":"https:\/\/www.zellerhof-lunz.at\/en\/wp-json\/wp\/v2\/media?parent=36"}],"curies":[{"name":"wp","href":"https:\/\/api.w.org\/{rel}","templated":true}]}}