{"id":6043,"date":"2024-12-02T18:11:04","date_gmt":"2024-12-02T17:11:04","guid":{"rendered":"https:\/\/www.zellerhof-lunz.at\/?page_id=6043"},"modified":"2026-04-24T08:46:56","modified_gmt":"2026-04-24T06:46:56","slug":"speisen-online","status":"publish","type":"page","link":"https:\/\/www.zellerhof-lunz.at\/en\/restaurant\/speisen-online\/","title":{"rendered":"Speisen online"},"content":{"rendered":"<div data-elementor-type=\"wp-post\" data-elementor-id=\"6043\" class=\"elementor elementor-6043\" data-elementor-post-type=\"page\">\n\t\t\t\t\t\t<section class=\"elementor-section elementor-top-section elementor-element elementor-element-rklyjcs elementor-section-boxed elementor-section-height-default elementor-section-height-default\" data-id=\"rklyjcs\" data-element_type=\"section\">\n\t\t\t\t\t\t<div class=\"elementor-container elementor-column-gap-default\">\n\t\t\t\t\t<div class=\"elementor-column elementor-col-100 elementor-top-column elementor-element elementor-element-bztvvez\" data-id=\"bztvvez\" data-element_type=\"column\">\n\t\t\t<div class=\"elementor-widget-wrap elementor-element-populated\">\n\t\t\t\t\t\t<div class=\"elementor-element elementor-element-a92arwv elementor-widget elementor-widget-heading\" data-id=\"a92arwv\" data-element_type=\"widget\" data-widget_type=\"heading.default\">\n\t\t\t\t<div class=\"elementor-widget-container\">\n\t\t\t\t\t<h1 class=\"elementor-heading-title elementor-size-default\">Speisekarten online<\/h1>\t\t\t\t<\/div>\n\t\t\t\t<\/div>\n\t\t\t\t<section class=\"elementor-section elementor-inner-section elementor-element elementor-element-6hpsi19 elementor-section-boxed elementor-section-height-default elementor-section-height-default\" data-id=\"6hpsi19\" data-element_type=\"section\">\n\t\t\t\t\t\t<div class=\"elementor-container elementor-column-gap-default\">\n\t\t\t\t\t<div class=\"elementor-column elementor-col-100 elementor-inner-column elementor-element elementor-element-bvdubm6\" data-id=\"bvdubm6\" data-element_type=\"column\">\n\t\t\t<div class=\"elementor-widget-wrap elementor-element-populated\">\n\t\t\t\t\t\t<div class=\"elementor-element elementor-element-5gyler7 elementor-widget elementor-widget-text-editor\" data-id=\"5gyler7\" data-element_type=\"widget\" data-widget_type=\"text-editor.default\">\n\t\t\t\t<div class=\"elementor-widget-container\">\n\t\t\t\t\t\t\t\t\t<p><strong>Our current menu:<\/strong><\/p>\t\t\t\t\t\t\t\t<\/div>\n\t\t\t\t<\/div>\n\t\t\t\t<div class=\"elementor-element elementor-element-08060nt elementor-align-justify elementor-widget elementor-widget-button\" data-id=\"08060nt\" data-element_type=\"widget\" data-widget_type=\"button.default\">\n\t\t\t\t<div class=\"elementor-widget-container\">\n\t\t\t\t\t\t\t\t\t<div class=\"elementor-button-wrapper\">\n\t\t\t\t\t<a class=\"elementor-button elementor-button-link elementor-size-xl\" href=\"https:\/\/www.zellerhof-lunz.at\/wp2017\/wp-content\/uploads\/2024\/12\/speisekarte-zellerhof_homepage_2025.pdf\" target=\"_blank\">\n\t\t\t\t\t\t<span class=\"elementor-button-content-wrapper\">\n\t\t\t\t\t\t<span class=\"elementor-button-icon\">\n\t\t\t\t<i aria-hidden=\"true\" class=\"far fa-file-pdf\"><\/i>\t\t\t<\/span>\n\t\t\t\t\t\t\t\t\t<span class=\"elementor-button-text\">Food Menu<\/span>\n\t\t\t\t\t<\/span>\n\t\t\t\t\t<\/a>\n\t\t\t\t<\/div>\n\t\t\t\t\t\t\t\t<\/div>\n\t\t\t\t<\/div>\n\t\t\t\t<div class=\"elementor-element elementor-element-efca75d elementor-align-justify elementor-widget elementor-widget-button\" data-id=\"efca75d\" data-element_type=\"widget\" data-widget_type=\"button.default\">\n\t\t\t\t<div class=\"elementor-widget-container\">\n\t\t\t\t\t\t\t\t\t<div class=\"elementor-button-wrapper\">\n\t\t\t\t\t<a class=\"elementor-button elementor-button-link elementor-size-xl\" href=\"https:\/\/www.zellerhof-lunz.at\/wp2017\/wp-content\/uploads\/2024\/12\/speisekarte-zellerhof_homepage_englisch_2025.pdf\" target=\"_blank\">\n\t\t\t\t\t\t<span class=\"elementor-button-content-wrapper\">\n\t\t\t\t\t\t<span class=\"elementor-button-icon\">\n\t\t\t\t<i aria-hidden=\"true\" class=\"far fa-file-pdf\"><\/i>\t\t\t<\/span>\n\t\t\t\t\t\t\t\t\t<span class=\"elementor-button-text\">English menu<\/span>\n\t\t\t\t\t<\/span>\n\t\t\t\t\t<\/a>\n\t\t\t\t<\/div>\n\t\t\t\t\t\t\t\t<\/div>\n\t\t\t\t<\/div>\n\t\t\t\t<div class=\"elementor-element elementor-element-b19c0e6 elementor-align-justify elementor-widget elementor-widget-button\" data-id=\"b19c0e6\" data-element_type=\"widget\" data-widget_type=\"button.default\">\n\t\t\t\t<div class=\"elementor-widget-container\">\n\t\t\t\t\t\t\t\t\t<div class=\"elementor-button-wrapper\">\n\t\t\t\t\t<a class=\"elementor-button elementor-button-link elementor-size-xl\" href=\"https:\/\/www.zellerhof-lunz.at\/wp2017\/wp-content\/uploads\/2026\/03\/burgerkarte-2026.pdf\" target=\"_blank\">\n\t\t\t\t\t\t<span class=\"elementor-button-content-wrapper\">\n\t\t\t\t\t\t<span class=\"elementor-button-icon\">\n\t\t\t\t<i aria-hidden=\"true\" class=\"far fa-file-pdf\"><\/i>\t\t\t<\/span>\n\t\t\t\t\t\t\t\t\t<span class=\"elementor-button-text\">Burgerkarte jeden Samstag ab 17 Uhr<\/span>\n\t\t\t\t\t<\/span>\n\t\t\t\t\t<\/a>\n\t\t\t\t<\/div>\n\t\t\t\t\t\t\t\t<\/div>\n\t\t\t\t<\/div>\n\t\t\t\t<div class=\"elementor-element elementor-element-6e62eab elementor-align-justify elementor-widget elementor-widget-button\" data-id=\"6e62eab\" data-element_type=\"widget\" data-widget_type=\"button.default\">\n\t\t\t\t<div class=\"elementor-widget-container\">\n\t\t\t\t\t\t\t\t\t<div class=\"elementor-button-wrapper\">\n\t\t\t\t\t<a class=\"elementor-button elementor-button-link elementor-size-xl\" href=\"https:\/\/www.zellerhof-lunz.at\/wp2017\/wp-content\/uploads\/2026\/04\/schnitzel-freitag-im-zellerhof.pdf\" target=\"_blank\">\n\t\t\t\t\t\t<span class=\"elementor-button-content-wrapper\">\n\t\t\t\t\t\t<span class=\"elementor-button-icon\">\n\t\t\t\t<i aria-hidden=\"true\" class=\"far fa-file-pdf\"><\/i>\t\t\t<\/span>\n\t\t\t\t\t\t\t\t\t<span class=\"elementor-button-text\">Schnitzelkarte jeden Freitag von 11:00 bis 13:30<\/span>\n\t\t\t\t\t<\/span>\n\t\t\t\t\t<\/a>\n\t\t\t\t<\/div>\n\t\t\t\t\t\t\t\t<\/div>\n\t\t\t\t<\/div>\n\t\t\t\t\t<\/div>\n\t\t<\/div>\n\t\t\t\t\t<\/div>\n\t\t<\/section>\n\t\t\t\t<div class=\"elementor-element elementor-element-q4gtzq5 elementor-widget elementor-widget-spacer\" data-id=\"q4gtzq5\" data-element_type=\"widget\" data-widget_type=\"spacer.default\">\n\t\t\t\t<div class=\"elementor-widget-container\">\n\t\t\t\t\t\t\t<div class=\"elementor-spacer\">\n\t\t\t<div class=\"elementor-spacer-inner\"><\/div>\n\t\t<\/div>\n\t\t\t\t\t\t<\/div>\n\t\t\t\t<\/div>\n\t\t\t\t\t<\/div>\n\t\t<\/div>\n\t\t\t\t\t<\/div>\n\t\t<\/section>\n\t\t\t\t<section class=\"elementor-section elementor-top-section elementor-element elementor-element-vr85aq3 elementor-section-boxed elementor-section-height-default elementor-section-height-default\" data-id=\"vr85aq3\" data-element_type=\"section\">\n\t\t\t\t\t\t<div class=\"elementor-container elementor-column-gap-narrow\">\n\t\t\t\t\t<div class=\"elementor-column elementor-col-33 elementor-top-column elementor-element elementor-element-brrj91g\" data-id=\"brrj91g\" data-element_type=\"column\">\n\t\t\t<div class=\"elementor-widget-wrap elementor-element-populated\">\n\t\t\t\t\t\t<div class=\"elementor-element elementor-element-8rnm1sg elementor-widget elementor-widget-image\" data-id=\"8rnm1sg\" data-element_type=\"widget\" data-widget_type=\"image.default\">\n\t\t\t\t<div class=\"elementor-widget-container\">\n\t\t\t\t\t\t\t\t\t\t\t\t\t\t\t\t<a href=\"https:\/\/www.zellerhof-lunz.at\/wp2017\/wp-content\/uploads\/2024\/12\/dsc06177.jpg\" data-elementor-open-lightbox=\"yes\" data-elementor-lightbox-title=\"dsc06177\" data-e-action-hash=\"#elementor-action%3Aaction%3Dlightbox%26settings%3DeyJpZCI6NjA0NiwidXJsIjoiaHR0cHM6XC9cL3d3dy56ZWxsZXJob2YtbHVuei5hdFwvd3AyMDE3XC93cC1jb250ZW50XC91cGxvYWRzXC8yMDI0XC8xMlwvZHNjMDYxNzcuanBnIn0%3D\">\n\t\t\t\t\t\t\t<img fetchpriority=\"high\" decoding=\"async\" width=\"600\" height=\"900\" src=\"https:\/\/www.zellerhof-lunz.at\/wp2017\/wp-content\/uploads\/2024\/12\/dsc06177-600x900.jpg\" class=\"attachment-medium_large size-medium_large wp-image-6046\" alt=\"\" srcset=\"https:\/\/www.zellerhof-lunz.at\/wp2017\/wp-content\/uploads\/2024\/12\/dsc06177-600x900.jpg 600w, https:\/\/www.zellerhof-lunz.at\/wp2017\/wp-content\/uploads\/2024\/12\/dsc06177-300x450.jpg 300w, https:\/\/www.zellerhof-lunz.at\/wp2017\/wp-content\/uploads\/2024\/12\/dsc06177-1200x1800.jpg 1200w, https:\/\/www.zellerhof-lunz.at\/wp2017\/wp-content\/uploads\/2024\/12\/dsc06177-1024x1536.jpg 1024w, https:\/\/www.zellerhof-lunz.at\/wp2017\/wp-content\/uploads\/2024\/12\/dsc06177-8x12.jpg 8w, https:\/\/www.zellerhof-lunz.at\/wp2017\/wp-content\/uploads\/2024\/12\/dsc06177.jpg 1333w\" sizes=\"(max-width: 600px) 100vw, 600px\" \/>\t\t\t\t\t\t\t\t<\/a>\n\t\t\t\t\t\t\t\t\t\t\t\t\t\t\t<\/div>\n\t\t\t\t<\/div>\n\t\t\t\t\t<\/div>\n\t\t<\/div>\n\t\t\t\t<div class=\"elementor-column elementor-col-33 elementor-top-column elementor-element elementor-element-7juct2v\" data-id=\"7juct2v\" data-element_type=\"column\">\n\t\t\t<div class=\"elementor-widget-wrap elementor-element-populated\">\n\t\t\t\t\t\t<div class=\"elementor-element elementor-element-1ikojet elementor-widget elementor-widget-image\" data-id=\"1ikojet\" data-element_type=\"widget\" data-widget_type=\"image.default\">\n\t\t\t\t<div class=\"elementor-widget-container\">\n\t\t\t\t\t\t\t\t\t\t\t\t\t\t\t\t<a href=\"https:\/\/www.zellerhof-lunz.at\/wp2017\/wp-content\/uploads\/2024\/02\/dsc06223.jpg\" data-elementor-open-lightbox=\"yes\" data-elementor-lightbox-title=\"dsc06223\" data-e-action-hash=\"#elementor-action%3Aaction%3Dlightbox%26settings%3DeyJpZCI6NTY1NSwidXJsIjoiaHR0cHM6XC9cL3d3dy56ZWxsZXJob2YtbHVuei5hdFwvd3AyMDE3XC93cC1jb250ZW50XC91cGxvYWRzXC8yMDI0XC8wMlwvZHNjMDYyMjMuanBnIn0%3D\">\n\t\t\t\t\t\t\t<img decoding=\"async\" width=\"600\" height=\"900\" src=\"https:\/\/www.zellerhof-lunz.at\/wp2017\/wp-content\/uploads\/2024\/02\/dsc06223-600x900.jpg\" class=\"attachment-medium_large size-medium_large wp-image-5655\" alt=\"\" srcset=\"https:\/\/www.zellerhof-lunz.at\/wp2017\/wp-content\/uploads\/2024\/02\/dsc06223-600x900.jpg 600w, https:\/\/www.zellerhof-lunz.at\/wp2017\/wp-content\/uploads\/2024\/02\/dsc06223-300x450.jpg 300w, https:\/\/www.zellerhof-lunz.at\/wp2017\/wp-content\/uploads\/2024\/02\/dsc06223-1200x1800.jpg 1200w, https:\/\/www.zellerhof-lunz.at\/wp2017\/wp-content\/uploads\/2024\/02\/dsc06223-1024x1536.jpg 1024w, https:\/\/www.zellerhof-lunz.at\/wp2017\/wp-content\/uploads\/2024\/02\/dsc06223-8x12.jpg 8w, https:\/\/www.zellerhof-lunz.at\/wp2017\/wp-content\/uploads\/2024\/02\/dsc06223.jpg 1333w\" sizes=\"(max-width: 600px) 100vw, 600px\" \/>\t\t\t\t\t\t\t\t<\/a>\n\t\t\t\t\t\t\t\t\t\t\t\t\t\t\t<\/div>\n\t\t\t\t<\/div>\n\t\t\t\t\t<\/div>\n\t\t<\/div>\n\t\t\t\t<div class=\"elementor-column elementor-col-33 elementor-top-column elementor-element elementor-element-9zl81e5\" data-id=\"9zl81e5\" data-element_type=\"column\">\n\t\t\t<div class=\"elementor-widget-wrap elementor-element-populated\">\n\t\t\t\t\t\t<div class=\"elementor-element elementor-element-4558014 elementor-widget elementor-widget-image\" data-id=\"4558014\" data-element_type=\"widget\" data-widget_type=\"image.default\">\n\t\t\t\t<div class=\"elementor-widget-container\">\n\t\t\t\t\t\t\t\t\t\t\t\t\t\t\t\t<a href=\"https:\/\/www.zellerhof-lunz.at\/wp2017\/wp-content\/uploads\/2024\/02\/dsc06205.jpg\" data-elementor-open-lightbox=\"yes\" data-elementor-lightbox-title=\"dsc06205\" data-e-action-hash=\"#elementor-action%3Aaction%3Dlightbox%26settings%3DeyJpZCI6NTY1NywidXJsIjoiaHR0cHM6XC9cL3d3dy56ZWxsZXJob2YtbHVuei5hdFwvd3AyMDE3XC93cC1jb250ZW50XC91cGxvYWRzXC8yMDI0XC8wMlwvZHNjMDYyMDUuanBnIn0%3D\">\n\t\t\t\t\t\t\t<img decoding=\"async\" width=\"600\" height=\"900\" src=\"https:\/\/www.zellerhof-lunz.at\/wp2017\/wp-content\/uploads\/2024\/02\/dsc06205-600x900.jpg\" class=\"attachment-medium_large size-medium_large wp-image-5657\" alt=\"\" srcset=\"https:\/\/www.zellerhof-lunz.at\/wp2017\/wp-content\/uploads\/2024\/02\/dsc06205-600x900.jpg 600w, https:\/\/www.zellerhof-lunz.at\/wp2017\/wp-content\/uploads\/2024\/02\/dsc06205-300x450.jpg 300w, https:\/\/www.zellerhof-lunz.at\/wp2017\/wp-content\/uploads\/2024\/02\/dsc06205-1200x1800.jpg 1200w, https:\/\/www.zellerhof-lunz.at\/wp2017\/wp-content\/uploads\/2024\/02\/dsc06205-1024x1536.jpg 1024w, https:\/\/www.zellerhof-lunz.at\/wp2017\/wp-content\/uploads\/2024\/02\/dsc06205-8x12.jpg 8w, https:\/\/www.zellerhof-lunz.at\/wp2017\/wp-content\/uploads\/2024\/02\/dsc06205.jpg 1333w\" sizes=\"(max-width: 600px) 100vw, 600px\" \/>\t\t\t\t\t\t\t\t<\/a>\n\t\t\t\t\t\t\t\t\t\t\t\t\t\t\t<\/div>\n\t\t\t\t<\/div>\n\t\t\t\t\t<\/div>\n\t\t<\/div>\n\t\t\t\t\t<\/div>\n\t\t<\/section>\n\t\t\t\t<\/div>","protected":false},"excerpt":{"rendered":"<p>Speisekarten online Unsere aktuellen Karten: Speisekarte englisch menu Burgerkarte jeden Samstag ab 17 Uhr Schnitzelkarte jeden Freitag von 11:00 bis 13:30<\/p>","protected":false},"author":2,"featured_media":0,"parent":22,"menu_order":1,"comment_status":"closed","ping_status":"closed","template":"","meta":{"_acf_changed":false,"footnotes":""},"class_list":["post-6043","page","type-page","status-publish","hentry"],"acf":[],"yoast_head":"<!-- This site is optimized with the Yoast SEO plugin v26.8 - https:\/\/yoast.com\/product\/yoast-seo-wordpress\/ -->\n<title>Speisen online &#8211; Zellerhof Lunz<\/title>\n<meta name=\"description\" content=\"Liebe geht durch den Magen. Unsere K\u00fcche legt gro\u00dfen Wert auf Regionalit\u00e4t, Qualit\u00e4t und Geschmack. Abwechslung ist garantiert.\" \/>\n<meta name=\"robots\" content=\"index, follow, max-snippet:-1, max-image-preview:large, max-video-preview:-1\" \/>\n<link rel=\"canonical\" href=\"https:\/\/www.zellerhof-lunz.at\/en\/restaurant\/speisen-online\/\" \/>\n<meta property=\"og:locale\" content=\"en_US\" \/>\n<meta property=\"og:type\" content=\"article\" \/>\n<meta property=\"og:title\" content=\"Speisen online &#8211; Zellerhof Lunz\" \/>\n<meta property=\"og:description\" content=\"Liebe geht durch den Magen. Unsere K\u00fcche legt gro\u00dfen Wert auf Regionalit\u00e4t, Qualit\u00e4t und Geschmack. Abwechslung ist garantiert.\" \/>\n<meta property=\"og:url\" content=\"https:\/\/www.zellerhof-lunz.at\/en\/restaurant\/speisen-online\/\" \/>\n<meta property=\"og:site_name\" content=\"Zellerhof Lunz\" \/>\n<meta property=\"article:modified_time\" content=\"2026-04-24T06:46:56+00:00\" \/>\n<meta property=\"og:image\" content=\"https:\/\/www.zellerhof-lunz.at\/wp2017\/wp-content\/uploads\/2024\/12\/dsc06177.jpg\" \/>\n\t<meta property=\"og:image:width\" content=\"1333\" \/>\n\t<meta property=\"og:image:height\" content=\"2000\" \/>\n\t<meta property=\"og:image:type\" content=\"image\/jpeg\" \/>\n<meta name=\"twitter:card\" content=\"summary_large_image\" \/>\n<meta name=\"twitter:label1\" content=\"Est. reading time\" \/>\n\t<meta name=\"twitter:data1\" content=\"1 minute\" \/>\n<script type=\"application\/ld+json\" class=\"yoast-schema-graph\">{\"@context\":\"https:\/\/schema.org\",\"@graph\":[{\"@type\":\"WebPage\",\"@id\":\"https:\/\/www.zellerhof-lunz.at\/restaurant\/speisen-online\/\",\"url\":\"https:\/\/www.zellerhof-lunz.at\/restaurant\/speisen-online\/\",\"name\":\"Speisen online &#8211; Zellerhof Lunz\",\"isPartOf\":{\"@id\":\"https:\/\/www.zellerhof-lunz.at\/#website\"},\"primaryImageOfPage\":{\"@id\":\"https:\/\/www.zellerhof-lunz.at\/restaurant\/speisen-online\/#primaryimage\"},\"image\":{\"@id\":\"https:\/\/www.zellerhof-lunz.at\/restaurant\/speisen-online\/#primaryimage\"},\"thumbnailUrl\":\"https:\/\/www.zellerhof-lunz.at\/wp2017\/wp-content\/uploads\/2024\/12\/dsc06177-600x900.jpg\",\"datePublished\":\"2024-12-02T17:11:04+00:00\",\"dateModified\":\"2026-04-24T06:46:56+00:00\",\"description\":\"Liebe geht durch den Magen. Unsere K\u00fcche legt gro\u00dfen Wert auf Regionalit\u00e4t, Qualit\u00e4t und Geschmack. Abwechslung ist garantiert.\",\"breadcrumb\":{\"@id\":\"https:\/\/www.zellerhof-lunz.at\/restaurant\/speisen-online\/#breadcrumb\"},\"inLanguage\":\"en-US\",\"potentialAction\":[{\"@type\":\"ReadAction\",\"target\":[\"https:\/\/www.zellerhof-lunz.at\/restaurant\/speisen-online\/\"]}]},{\"@type\":\"ImageObject\",\"inLanguage\":\"en-US\",\"@id\":\"https:\/\/www.zellerhof-lunz.at\/restaurant\/speisen-online\/#primaryimage\",\"url\":\"https:\/\/www.zellerhof-lunz.at\/wp2017\/wp-content\/uploads\/2024\/12\/dsc06177-600x900.jpg\",\"contentUrl\":\"https:\/\/www.zellerhof-lunz.at\/wp2017\/wp-content\/uploads\/2024\/12\/dsc06177-600x900.jpg\"},{\"@type\":\"BreadcrumbList\",\"@id\":\"https:\/\/www.zellerhof-lunz.at\/restaurant\/speisen-online\/#breadcrumb\",\"itemListElement\":[{\"@type\":\"ListItem\",\"position\":1,\"name\":\"Startseite\",\"item\":\"https:\/\/www.zellerhof-lunz.at\/\"},{\"@type\":\"ListItem\",\"position\":2,\"name\":\"Restaurant\",\"item\":\"https:\/\/www.zellerhof-lunz.at\/restaurant\/\"},{\"@type\":\"ListItem\",\"position\":3,\"name\":\"Speisen online\"}]},{\"@type\":\"WebSite\",\"@id\":\"https:\/\/www.zellerhof-lunz.at\/#website\",\"url\":\"https:\/\/www.zellerhof-lunz.at\/\",\"name\":\"Zellerhof Lunz\",\"description\":\"Landhotel, Restaurant und Apartments in Lunz am See\",\"publisher\":{\"@id\":\"https:\/\/www.zellerhof-lunz.at\/#organization\"},\"potentialAction\":[{\"@type\":\"SearchAction\",\"target\":{\"@type\":\"EntryPoint\",\"urlTemplate\":\"https:\/\/www.zellerhof-lunz.at\/?s={search_term_string}\"},\"query-input\":{\"@type\":\"PropertyValueSpecification\",\"valueRequired\":true,\"valueName\":\"search_term_string\"}}],\"inLanguage\":\"en-US\"},{\"@type\":\"Organization\",\"@id\":\"https:\/\/www.zellerhof-lunz.at\/#organization\",\"name\":\"Zellerhof Lunz\",\"url\":\"https:\/\/www.zellerhof-lunz.at\/\",\"logo\":{\"@type\":\"ImageObject\",\"inLanguage\":\"en-US\",\"@id\":\"https:\/\/www.zellerhof-lunz.at\/#\/schema\/logo\/image\/\",\"url\":\"https:\/\/www.zellerhof-lunz.at\/wp2017\/wp-content\/uploads\/2020\/07\/logozh.png\",\"contentUrl\":\"https:\/\/www.zellerhof-lunz.at\/wp2017\/wp-content\/uploads\/2020\/07\/logozh.png\",\"width\":350,\"height\":100,\"caption\":\"Zellerhof Lunz\"},\"image\":{\"@id\":\"https:\/\/www.zellerhof-lunz.at\/#\/schema\/logo\/image\/\"}}]}<\/script>\n<!-- \/ Yoast SEO plugin. -->","yoast_head_json":{"title":"Speisen online &#8211; Zellerhof Lunz","description":"Liebe geht durch den Magen. Unsere K\u00fcche legt gro\u00dfen Wert auf Regionalit\u00e4t, Qualit\u00e4t und Geschmack. Abwechslung ist garantiert.","robots":{"index":"index","follow":"follow","max-snippet":"max-snippet:-1","max-image-preview":"max-image-preview:large","max-video-preview":"max-video-preview:-1"},"canonical":"https:\/\/www.zellerhof-lunz.at\/en\/restaurant\/speisen-online\/","og_locale":"en_US","og_type":"article","og_title":"Speisen online &#8211; Zellerhof Lunz","og_description":"Liebe geht durch den Magen. Unsere K\u00fcche legt gro\u00dfen Wert auf Regionalit\u00e4t, Qualit\u00e4t und Geschmack. Abwechslung ist garantiert.","og_url":"https:\/\/www.zellerhof-lunz.at\/en\/restaurant\/speisen-online\/","og_site_name":"Zellerhof Lunz","article_modified_time":"2026-04-24T06:46:56+00:00","og_image":[{"width":1333,"height":2000,"url":"https:\/\/www.zellerhof-lunz.at\/wp2017\/wp-content\/uploads\/2024\/12\/dsc06177.jpg","type":"image\/jpeg"}],"twitter_card":"summary_large_image","twitter_misc":{"Est. reading time":"1 minute"},"schema":{"@context":"https:\/\/schema.org","@graph":[{"@type":"WebPage","@id":"https:\/\/www.zellerhof-lunz.at\/restaurant\/speisen-online\/","url":"https:\/\/www.zellerhof-lunz.at\/restaurant\/speisen-online\/","name":"Speisen online &#8211; Zellerhof Lunz","isPartOf":{"@id":"https:\/\/www.zellerhof-lunz.at\/#website"},"primaryImageOfPage":{"@id":"https:\/\/www.zellerhof-lunz.at\/restaurant\/speisen-online\/#primaryimage"},"image":{"@id":"https:\/\/www.zellerhof-lunz.at\/restaurant\/speisen-online\/#primaryimage"},"thumbnailUrl":"https:\/\/www.zellerhof-lunz.at\/wp2017\/wp-content\/uploads\/2024\/12\/dsc06177-600x900.jpg","datePublished":"2024-12-02T17:11:04+00:00","dateModified":"2026-04-24T06:46:56+00:00","description":"Liebe geht durch den Magen. Unsere K\u00fcche legt gro\u00dfen Wert auf Regionalit\u00e4t, Qualit\u00e4t und Geschmack. Abwechslung ist garantiert.","breadcrumb":{"@id":"https:\/\/www.zellerhof-lunz.at\/restaurant\/speisen-online\/#breadcrumb"},"inLanguage":"en-US","potentialAction":[{"@type":"ReadAction","target":["https:\/\/www.zellerhof-lunz.at\/restaurant\/speisen-online\/"]}]},{"@type":"ImageObject","inLanguage":"en-US","@id":"https:\/\/www.zellerhof-lunz.at\/restaurant\/speisen-online\/#primaryimage","url":"https:\/\/www.zellerhof-lunz.at\/wp2017\/wp-content\/uploads\/2024\/12\/dsc06177-600x900.jpg","contentUrl":"https:\/\/www.zellerhof-lunz.at\/wp2017\/wp-content\/uploads\/2024\/12\/dsc06177-600x900.jpg"},{"@type":"BreadcrumbList","@id":"https:\/\/www.zellerhof-lunz.at\/restaurant\/speisen-online\/#breadcrumb","itemListElement":[{"@type":"ListItem","position":1,"name":"Startseite","item":"https:\/\/www.zellerhof-lunz.at\/"},{"@type":"ListItem","position":2,"name":"Restaurant","item":"https:\/\/www.zellerhof-lunz.at\/restaurant\/"},{"@type":"ListItem","position":3,"name":"Speisen online"}]},{"@type":"WebSite","@id":"https:\/\/www.zellerhof-lunz.at\/#website","url":"https:\/\/www.zellerhof-lunz.at\/","name":"Zellerhof Lunz","description":"Country hotel, restaurant and apartments in Lunz am See","publisher":{"@id":"https:\/\/www.zellerhof-lunz.at\/#organization"},"potentialAction":[{"@type":"SearchAction","target":{"@type":"EntryPoint","urlTemplate":"https:\/\/www.zellerhof-lunz.at\/?s={search_term_string}"},"query-input":{"@type":"PropertyValueSpecification","valueRequired":true,"valueName":"search_term_string"}}],"inLanguage":"en-US"},{"@type":"Organization","@id":"https:\/\/www.zellerhof-lunz.at\/#organization","name":"Zellerhof Lunz","url":"https:\/\/www.zellerhof-lunz.at\/","logo":{"@type":"ImageObject","inLanguage":"en-US","@id":"https:\/\/www.zellerhof-lunz.at\/#\/schema\/logo\/image\/","url":"https:\/\/www.zellerhof-lunz.at\/wp2017\/wp-content\/uploads\/2020\/07\/logozh.png","contentUrl":"https:\/\/www.zellerhof-lunz.at\/wp2017\/wp-content\/uploads\/2020\/07\/logozh.png","width":350,"height":100,"caption":"Zellerhof Lunz"},"image":{"@id":"https:\/\/www.zellerhof-lunz.at\/#\/schema\/logo\/image\/"}}]}},"_links":{"self":[{"href":"https:\/\/www.zellerhof-lunz.at\/en\/wp-json\/wp\/v2\/pages\/6043","targetHints":{"allow":["GET"]}}],"collection":[{"href":"https:\/\/www.zellerhof-lunz.at\/en\/wp-json\/wp\/v2\/pages"}],"about":[{"href":"https:\/\/www.zellerhof-lunz.at\/en\/wp-json\/wp\/v2\/types\/page"}],"author":[{"embeddable":true,"href":"https:\/\/www.zellerhof-lunz.at\/en\/wp-json\/wp\/v2\/users\/2"}],"replies":[{"embeddable":true,"href":"https:\/\/www.zellerhof-lunz.at\/en\/wp-json\/wp\/v2\/comments?post=6043"}],"version-history":[{"count":21,"href":"https:\/\/www.zellerhof-lunz.at\/en\/wp-json\/wp\/v2\/pages\/6043\/revisions"}],"predecessor-version":[{"id":8329,"href":"https:\/\/www.zellerhof-lunz.at\/en\/wp-json\/wp\/v2\/pages\/6043\/revisions\/8329"}],"up":[{"embeddable":true,"href":"https:\/\/www.zellerhof-lunz.at\/en\/wp-json\/wp\/v2\/pages\/22"}],"wp:attachment":[{"href":"https:\/\/www.zellerhof-lunz.at\/en\/wp-json\/wp\/v2\/media?parent=6043"}],"curies":[{"name":"wp","href":"https:\/\/api.w.org\/{rel}","templated":true}]}}