{"id":730,"date":"2017-10-30T14:50:51","date_gmt":"2017-10-30T13:50:51","guid":{"rendered":"https:\/\/www.zellerhof-lunz.at\/wp2017\/?page_id=730"},"modified":"2021-10-07T23:31:55","modified_gmt":"2021-10-07T21:31:55","slug":"kulinarik-genuss","status":"publish","type":"page","link":"https:\/\/www.zellerhof-lunz.at\/en\/apartments\/kulinarik-genuss\/","title":{"rendered":"DINING"},"content":{"rendered":"<div data-elementor-type=\"wp-post\" data-elementor-id=\"730\" class=\"elementor elementor-730\" data-elementor-post-type=\"page\">\n\t\t\t\t\t\t<section class=\"elementor-section elementor-top-section elementor-element elementor-element-1fye54l elementor-section-boxed elementor-section-height-default elementor-section-height-default\" data-id=\"1fye54l\" data-element_type=\"section\">\n\t\t\t\t\t\t<div class=\"elementor-container elementor-column-gap-default\">\n\t\t\t\t\t<div class=\"elementor-column elementor-col-100 elementor-top-column elementor-element elementor-element-ouhd44z\" data-id=\"ouhd44z\" data-element_type=\"column\">\n\t\t\t<div class=\"elementor-widget-wrap elementor-element-populated\">\n\t\t\t\t\t\t<div class=\"elementor-element elementor-element-yt9cho9 elementor-widget elementor-widget-heading\" data-id=\"yt9cho9\" data-element_type=\"widget\" data-widget_type=\"heading.default\">\n\t\t\t\t<div class=\"elementor-widget-container\">\n\t\t\t\t\t<h1 class=\"elementor-heading-title elementor-size-default\">DINING <\/h1>\t\t\t\t<\/div>\n\t\t\t\t<\/div>\n\t\t\t\t<div class=\"elementor-element elementor-element-3d70wex elementor-widget elementor-widget-heading\" data-id=\"3d70wex\" data-element_type=\"widget\" data-widget_type=\"heading.default\">\n\t\t\t\t<div class=\"elementor-widget-container\">\n\t\t\t\t\t<h2 class=\"elementor-heading-title elementor-size-default\">for our guests<\/h2>\t\t\t\t<\/div>\n\t\t\t\t<\/div>\n\t\t\t\t<div class=\"elementor-element elementor-element-1hya49l elementor-widget elementor-widget-text-editor\" data-id=\"1hya49l\" data-element_type=\"widget\" data-widget_type=\"text-editor.default\">\n\t\t\t\t<div class=\"elementor-widget-container\">\n\t\t\t\t\t\t\t\t\t<p>We offer all culinary offerings from breakfast to dinner in the main hotel building.<\/p>\t\t\t\t\t\t\t\t<\/div>\n\t\t\t\t<\/div>\n\t\t\t\t\t<\/div>\n\t\t<\/div>\n\t\t\t\t\t<\/div>\n\t\t<\/section>\n\t\t\t\t<section class=\"elementor-section elementor-top-section elementor-element elementor-element-65vifgx elementor-section-boxed elementor-section-height-default elementor-section-height-default\" data-id=\"65vifgx\" data-element_type=\"section\">\n\t\t\t\t\t\t<div class=\"elementor-container elementor-column-gap-default\">\n\t\t\t\t\t<div class=\"elementor-column elementor-col-33 elementor-top-column elementor-element elementor-element-3b5jntu\" data-id=\"3b5jntu\" data-element_type=\"column\">\n\t\t\t<div class=\"elementor-widget-wrap elementor-element-populated\">\n\t\t\t\t\t\t<div class=\"elementor-element elementor-element-8c3xiki elementor-widget elementor-widget-image\" data-id=\"8c3xiki\" data-element_type=\"widget\" data-widget_type=\"image.default\">\n\t\t\t\t<div class=\"elementor-widget-container\">\n\t\t\t\t\t\t\t\t\t\t\t\t\t\t\t\t<a href=\"https:\/\/www.zellerhof-lunz.at\/wp2017\/wp-content\/uploads\/2017\/06\/2li3669cmichael-liebert.jpg\" data-elementor-open-lightbox=\"yes\" data-e-action-hash=\"#elementor-action%3Aaction%3Dlightbox%26settings%3DeyJpZCI6MjA3LCJ1cmwiOiJodHRwczpcL1wvd3d3LnplbGxlcmhvZi1sdW56LmF0XC93cDIwMTdcL3dwLWNvbnRlbnRcL3VwbG9hZHNcLzIwMTdcLzA2XC8ybGkzNjY5Y21pY2hhZWwtbGllYmVydC5qcGcifQ%3D%3D\">\n\t\t\t\t\t\t\t<img fetchpriority=\"high\" decoding=\"async\" width=\"600\" height=\"400\" src=\"https:\/\/www.zellerhof-lunz.at\/wp2017\/wp-content\/uploads\/2017\/06\/2li3669cmichael-liebert-600x400.jpg\" class=\"attachment-medium_large size-medium_large wp-image-207\" alt=\"\" srcset=\"https:\/\/www.zellerhof-lunz.at\/wp2017\/wp-content\/uploads\/2017\/06\/2li3669cmichael-liebert-600x400.jpg 600w, https:\/\/www.zellerhof-lunz.at\/wp2017\/wp-content\/uploads\/2017\/06\/2li3669cmichael-liebert-300x200.jpg 300w, https:\/\/www.zellerhof-lunz.at\/wp2017\/wp-content\/uploads\/2017\/06\/2li3669cmichael-liebert-1200x800.jpg 1200w, https:\/\/www.zellerhof-lunz.at\/wp2017\/wp-content\/uploads\/2017\/06\/2li3669cmichael-liebert.jpg 2000w\" sizes=\"(max-width: 600px) 100vw, 600px\" \/>\t\t\t\t\t\t\t\t<\/a>\n\t\t\t\t\t\t\t\t\t\t\t\t\t\t\t<\/div>\n\t\t\t\t<\/div>\n\t\t\t\t\t<\/div>\n\t\t<\/div>\n\t\t\t\t<div class=\"elementor-column elementor-col-66 elementor-top-column elementor-element elementor-element-r9g5scr\" data-id=\"r9g5scr\" data-element_type=\"column\">\n\t\t\t<div class=\"elementor-widget-wrap elementor-element-populated\">\n\t\t\t\t\t\t<div class=\"elementor-element elementor-element-zvkcttn elementor-widget elementor-widget-text-editor\" data-id=\"zvkcttn\" data-element_type=\"widget\" data-widget_type=\"text-editor.default\">\n\t\t\t\t<div class=\"elementor-widget-container\">\n\t\t\t\t\t\t\t\t\t<p><strong>Extensive breakfast buffet<\/strong><\/p><p>Start the day with a leisurely breakfast, and also take a little time for yourselves.<\/p><p>Hotel Zellerhof\u2019s large breakfast buffet offers many regional items and delicacies. There\u2019s a reason why people say that every morning starts off well at our hotel, with everyone full of cheer...<\/p>\t\t\t\t\t\t\t\t<\/div>\n\t\t\t\t<\/div>\n\t\t\t\t\t<\/div>\n\t\t<\/div>\n\t\t\t\t\t<\/div>\n\t\t<\/section>\n\t\t\t\t<section class=\"elementor-section elementor-top-section elementor-element elementor-element-q98ho1s elementor-section-boxed elementor-section-height-default elementor-section-height-default\" data-id=\"q98ho1s\" data-element_type=\"section\">\n\t\t\t\t\t\t<div class=\"elementor-container elementor-column-gap-default\">\n\t\t\t\t\t<div class=\"elementor-column elementor-col-100 elementor-top-column elementor-element elementor-element-m6wlta1\" data-id=\"m6wlta1\" data-element_type=\"column\">\n\t\t\t<div class=\"elementor-widget-wrap elementor-element-populated\">\n\t\t\t\t\t\t<div class=\"elementor-element elementor-element-rdysuhr elementor-widget elementor-widget-text-editor\" data-id=\"rdysuhr\" data-element_type=\"widget\" data-widget_type=\"text-editor.default\">\n\t\t\t\t<div class=\"elementor-widget-container\">\n\t\t\t\t\t\t\t\t\t<ul><li>frische Semmeln und verschiedenste Brotsorten von der B\u00e4ckerei Kronsteiner<\/li><li>warm toast, fresh pastries, and homemade Gugelhupf cake<\/li><li>cold cuts and ham, and salmon for special themed buffets etc.<\/li><li>locally made butter and cheese, and fresh milk from the local Leichtfried farm<\/li><li>house-made marmalade, Nutella, honey, and Urltaler fruit juices<\/li><li>various muesli, freshly prepared egg specialities, fresh fruit and vegetables and much more...<\/li><\/ul><p>T\u00e4glich von 07:30 bis 10:00 Uhr. F\u00fcr G\u00e4ste des Landhotels Zellerhof im Zimmerpreis inkludiert.\u00a0G\u00e4ste vom Apartmenthaus Bergsee k\u00f6nnen gegen einen Aufpreis von \u20ac 14,- pro Person das Fr\u00fchst\u00fccksbuffet erg\u00e4nzen.<\/p>\t\t\t\t\t\t\t\t<\/div>\n\t\t\t\t<\/div>\n\t\t\t\t<div class=\"elementor-element elementor-element-wa862pc elementor-view-default elementor-widget elementor-widget-icon\" data-id=\"wa862pc\" data-element_type=\"widget\" data-widget_type=\"icon.default\">\n\t\t\t\t<div class=\"elementor-widget-container\">\n\t\t\t\t\t\t\t<div class=\"elementor-icon-wrapper\">\n\t\t\t<div class=\"elementor-icon\">\n\t\t\t\t\t\t\t<i class=\"fa fa-spoon\" aria-hidden=\"true\"><\/i>\n\t\t\t\t\t\t<\/div>\n\t\t<\/div>\n\t\t\t\t\t\t<\/div>\n\t\t\t\t<\/div>\n\t\t\t\t\t<\/div>\n\t\t<\/div>\n\t\t\t\t\t<\/div>\n\t\t<\/section>\n\t\t\t\t<section class=\"elementor-section elementor-top-section elementor-element elementor-element-mu36akx elementor-section-boxed elementor-section-height-default elementor-section-height-default\" data-id=\"mu36akx\" data-element_type=\"section\">\n\t\t\t\t\t\t<div class=\"elementor-container elementor-column-gap-default\">\n\t\t\t\t\t<div class=\"elementor-column elementor-col-33 elementor-top-column elementor-element elementor-element-reu0ctq\" data-id=\"reu0ctq\" data-element_type=\"column\">\n\t\t\t<div class=\"elementor-widget-wrap elementor-element-populated\">\n\t\t\t\t\t\t<div class=\"elementor-element elementor-element-135yzbq elementor-widget elementor-widget-image\" data-id=\"135yzbq\" data-element_type=\"widget\" data-widget_type=\"image.default\">\n\t\t\t\t<div class=\"elementor-widget-container\">\n\t\t\t\t\t\t\t\t\t\t\t\t\t\t\t\t<a href=\"https:\/\/www.zellerhof-lunz.at\/wp2017\/wp-content\/uploads\/2017\/06\/2li4139cmichael-liebert.jpg\" data-elementor-open-lightbox=\"yes\" data-e-action-hash=\"#elementor-action%3Aaction%3Dlightbox%26settings%3DeyJpZCI6MTgzLCJ1cmwiOiJodHRwczpcL1wvd3d3LnplbGxlcmhvZi1sdW56LmF0XC93cDIwMTdcL3dwLWNvbnRlbnRcL3VwbG9hZHNcLzIwMTdcLzA2XC8ybGk0MTM5Y21pY2hhZWwtbGllYmVydC5qcGcifQ%3D%3D\">\n\t\t\t\t\t\t\t<img decoding=\"async\" width=\"600\" height=\"400\" src=\"https:\/\/www.zellerhof-lunz.at\/wp2017\/wp-content\/uploads\/2017\/06\/2li4139cmichael-liebert-600x400.jpg\" class=\"attachment-medium_large size-medium_large wp-image-183\" alt=\"\" srcset=\"https:\/\/www.zellerhof-lunz.at\/wp2017\/wp-content\/uploads\/2017\/06\/2li4139cmichael-liebert-600x400.jpg 600w, https:\/\/www.zellerhof-lunz.at\/wp2017\/wp-content\/uploads\/2017\/06\/2li4139cmichael-liebert-300x200.jpg 300w, https:\/\/www.zellerhof-lunz.at\/wp2017\/wp-content\/uploads\/2017\/06\/2li4139cmichael-liebert-1200x800.jpg 1200w, https:\/\/www.zellerhof-lunz.at\/wp2017\/wp-content\/uploads\/2017\/06\/2li4139cmichael-liebert.jpg 2000w\" sizes=\"(max-width: 600px) 100vw, 600px\" \/>\t\t\t\t\t\t\t\t<\/a>\n\t\t\t\t\t\t\t\t\t\t\t\t\t\t\t<\/div>\n\t\t\t\t<\/div>\n\t\t\t\t\t<\/div>\n\t\t<\/div>\n\t\t\t\t<div class=\"elementor-column elementor-col-66 elementor-top-column elementor-element elementor-element-a9wqvz3\" data-id=\"a9wqvz3\" data-element_type=\"column\">\n\t\t\t<div class=\"elementor-widget-wrap elementor-element-populated\">\n\t\t\t\t\t\t<div class=\"elementor-element elementor-element-vvyagpb elementor-widget elementor-widget-text-editor\" data-id=\"vvyagpb\" data-element_type=\"widget\" data-widget_type=\"text-editor.default\">\n\t\t\t\t<div class=\"elementor-widget-container\">\n\t\t\t\t\t\t\t\t\t<p><strong>Indulge yourself with our dinner options<\/strong><\/p><p>Quality dishes and delicious delicacies are personally created and presented by our junior chef in the hotel restaurant.\u00a0<span style=\"font-size: 1.125rem;\">Dazu der passende Tropfen Wein und der Gourmeturlaub in Lunz am See verspricht, perfekt zu sein.<\/span><\/p><p>Dabei wird nat\u00fcrlich nur das Beste aus der Region f\u00fcr Sie verwendet.\u00a0<\/p>\t\t\t\t\t\t\t\t<\/div>\n\t\t\t\t<\/div>\n\t\t\t\t\t<\/div>\n\t\t<\/div>\n\t\t\t\t\t<\/div>\n\t\t<\/section>\n\t\t\t\t<section class=\"elementor-section elementor-top-section elementor-element elementor-element-r2xh8en elementor-section-boxed elementor-section-height-default elementor-section-height-default\" data-id=\"r2xh8en\" data-element_type=\"section\">\n\t\t\t\t\t\t<div class=\"elementor-container elementor-column-gap-default\">\n\t\t\t\t\t<div class=\"elementor-column elementor-col-100 elementor-top-column elementor-element elementor-element-dfw9mmb\" data-id=\"dfw9mmb\" data-element_type=\"column\">\n\t\t\t<div class=\"elementor-widget-wrap elementor-element-populated\">\n\t\t\t\t\t\t<div class=\"elementor-element elementor-element-h341067 elementor-widget elementor-widget-text-editor\" data-id=\"h341067\" data-element_type=\"widget\" data-widget_type=\"text-editor.default\">\n\t\t\t\t<div class=\"elementor-widget-container\">\n\t\t\t\t\t\t\t\t\t<ul><li>We are happy to accommodate individual requests and food intolerances.  Please let us know in advance.<\/li><li>We are happy to accept table reservations at check-in or at breakfast.<\/li><\/ul><p>We look forward to your visit to our restaurant!<\/p><p>The Junior Chef and team<\/p>\t\t\t\t\t\t\t\t<\/div>\n\t\t\t\t<\/div>\n\t\t\t\t<div class=\"elementor-element elementor-element-j3sns8h elementor-view-default elementor-widget elementor-widget-icon\" data-id=\"j3sns8h\" data-element_type=\"widget\" data-widget_type=\"icon.default\">\n\t\t\t\t<div class=\"elementor-widget-container\">\n\t\t\t\t\t\t\t<div class=\"elementor-icon-wrapper\">\n\t\t\t<div class=\"elementor-icon\">\n\t\t\t\t\t\t\t<i class=\"fa fa-spoon\" aria-hidden=\"true\"><\/i>\n\t\t\t\t\t\t<\/div>\n\t\t<\/div>\n\t\t\t\t\t\t<\/div>\n\t\t\t\t<\/div>\n\t\t\t\t<div class=\"elementor-element elementor-element-52j5dzt elementor-widget elementor-widget-text-editor\" data-id=\"52j5dzt\" data-element_type=\"widget\" data-widget_type=\"text-editor.default\">\n\t\t\t\t<div class=\"elementor-widget-container\">\n\t\t\t\t\t\t\t\t\t<p><strong>Gluten-free \u2013 Lactose-free \u2013 Vegan<br \/><\/strong>Enjoy a relaxing holiday without worrying about food intolerances and dietary requirements<\/p><p>More and more people today are aware of food intolerances. If you have specific dietary requirements, it\u2019s important that you can rely on your food being suitable for you during your holiday.<\/p><p>At Hotel Zellerhof, you are in good hands and can enjoy your holiday without any worries. If you have any food intolerances or dietary requirements, please let us know when you make your booking so that we can prepare accordingly in advance.<\/p><p>We also cater for vegetarians and vegans \u2013 please let us know your requirements when booking.<\/p>\t\t\t\t\t\t\t\t<\/div>\n\t\t\t\t<\/div>\n\t\t\t\t\t<\/div>\n\t\t<\/div>\n\t\t\t\t\t<\/div>\n\t\t<\/section>\n\t\t\t\t<\/div>","protected":false},"excerpt":{"rendered":"<p>Kulinarisches f\u00fcr unsere Hausg\u00e4ste Alle kulinarischen Angebote vom Fr\u00fchst\u00fcck bis zum Abendessen bieten wir Ihnen in unserem Landhotel an. Reichhaltiges Fr\u00fchst\u00fccksbuffet Starten Sie in den Tag mit einem gem\u00fctlichen Fr\u00fchst\u00fcck gemeinsam mit Ihren Liebsten und g\u00f6nnen Sie sich ein wenig Zeit f\u00fcr sich selbst. Am gro\u00dfen Fr\u00fchst\u00fccksbuffet vom Landhotel Zellerhof erwarten Sie zahlreiche regionale Produkte [&hellip;]<\/p>\n","protected":false},"author":1,"featured_media":0,"parent":21,"menu_order":4,"comment_status":"closed","ping_status":"closed","template":"tpl-apartment.php","meta":{"_acf_changed":false,"footnotes":""},"class_list":["post-730","page","type-page","status-publish","hentry"],"acf":[],"yoast_head":"<!-- This site is optimized with the Yoast SEO plugin v26.8 - https:\/\/yoast.com\/product\/yoast-seo-wordpress\/ -->\n<title>Kulinarik &amp; Genuss &#8211; Zellerhof Lunz<\/title>\n<meta name=\"robots\" content=\"index, follow, max-snippet:-1, max-image-preview:large, max-video-preview:-1\" \/>\n<link rel=\"canonical\" href=\"https:\/\/www.zellerhof-lunz.at\/en\/apartments\/kulinarik-genuss\/\" \/>\n<meta property=\"og:locale\" content=\"en_US\" \/>\n<meta property=\"og:type\" content=\"article\" \/>\n<meta property=\"og:title\" content=\"Kulinarik &amp; Genuss &#8211; Zellerhof Lunz\" \/>\n<meta property=\"og:description\" content=\"Kulinarisches f\u00fcr unsere Hausg\u00e4ste Alle kulinarischen Angebote vom Fr\u00fchst\u00fcck bis zum Abendessen bieten wir Ihnen in unserem Landhotel an. Reichhaltiges Fr\u00fchst\u00fccksbuffet Starten Sie in den Tag mit einem gem\u00fctlichen Fr\u00fchst\u00fcck gemeinsam mit Ihren Liebsten und g\u00f6nnen Sie sich ein wenig Zeit f\u00fcr sich selbst. Am gro\u00dfen Fr\u00fchst\u00fccksbuffet vom Landhotel Zellerhof erwarten Sie zahlreiche regionale Produkte [&hellip;]\" \/>\n<meta property=\"og:url\" content=\"https:\/\/www.zellerhof-lunz.at\/en\/apartments\/kulinarik-genuss\/\" \/>\n<meta property=\"og:site_name\" content=\"Zellerhof Lunz\" \/>\n<meta property=\"article:modified_time\" content=\"2021-10-07T21:31:55+00:00\" \/>\n<meta property=\"og:image\" content=\"https:\/\/www.zellerhof-lunz.at\/wp2017\/wp-content\/uploads\/2017\/06\/2li3669cmichael-liebert-600x400.jpg\" \/>\n<meta name=\"twitter:card\" content=\"summary_large_image\" \/>\n<meta name=\"twitter:label1\" content=\"Est. reading time\" \/>\n\t<meta name=\"twitter:data1\" content=\"2 minutes\" \/>\n<script type=\"application\/ld+json\" class=\"yoast-schema-graph\">{\"@context\":\"https:\/\/schema.org\",\"@graph\":[{\"@type\":\"WebPage\",\"@id\":\"https:\/\/www.zellerhof-lunz.at\/apartments\/kulinarik-genuss\/\",\"url\":\"https:\/\/www.zellerhof-lunz.at\/apartments\/kulinarik-genuss\/\",\"name\":\"Kulinarik & Genuss &#8211; Zellerhof Lunz\",\"isPartOf\":{\"@id\":\"https:\/\/www.zellerhof-lunz.at\/#website\"},\"primaryImageOfPage\":{\"@id\":\"https:\/\/www.zellerhof-lunz.at\/apartments\/kulinarik-genuss\/#primaryimage\"},\"image\":{\"@id\":\"https:\/\/www.zellerhof-lunz.at\/apartments\/kulinarik-genuss\/#primaryimage\"},\"thumbnailUrl\":\"https:\/\/www.zellerhof-lunz.at\/wp2017\/wp-content\/uploads\/2017\/06\/2li3669cmichael-liebert-600x400.jpg\",\"datePublished\":\"2017-10-30T13:50:51+00:00\",\"dateModified\":\"2021-10-07T21:31:55+00:00\",\"breadcrumb\":{\"@id\":\"https:\/\/www.zellerhof-lunz.at\/apartments\/kulinarik-genuss\/#breadcrumb\"},\"inLanguage\":\"en-US\",\"potentialAction\":[{\"@type\":\"ReadAction\",\"target\":[\"https:\/\/www.zellerhof-lunz.at\/apartments\/kulinarik-genuss\/\"]}]},{\"@type\":\"ImageObject\",\"inLanguage\":\"en-US\",\"@id\":\"https:\/\/www.zellerhof-lunz.at\/apartments\/kulinarik-genuss\/#primaryimage\",\"url\":\"https:\/\/www.zellerhof-lunz.at\/wp2017\/wp-content\/uploads\/2017\/06\/2li3669cmichael-liebert-600x400.jpg\",\"contentUrl\":\"https:\/\/www.zellerhof-lunz.at\/wp2017\/wp-content\/uploads\/2017\/06\/2li3669cmichael-liebert-600x400.jpg\"},{\"@type\":\"BreadcrumbList\",\"@id\":\"https:\/\/www.zellerhof-lunz.at\/apartments\/kulinarik-genuss\/#breadcrumb\",\"itemListElement\":[{\"@type\":\"ListItem\",\"position\":1,\"name\":\"Startseite\",\"item\":\"https:\/\/www.zellerhof-lunz.at\/\"},{\"@type\":\"ListItem\",\"position\":2,\"name\":\"Apartment\",\"item\":\"https:\/\/www.zellerhof-lunz.at\/apartments\/\"},{\"@type\":\"ListItem\",\"position\":3,\"name\":\"Kulinarik &#038; Genuss\"}]},{\"@type\":\"WebSite\",\"@id\":\"https:\/\/www.zellerhof-lunz.at\/#website\",\"url\":\"https:\/\/www.zellerhof-lunz.at\/\",\"name\":\"Zellerhof Lunz\",\"description\":\"Landhotel, Restaurant und Apartments in Lunz am See\",\"publisher\":{\"@id\":\"https:\/\/www.zellerhof-lunz.at\/#organization\"},\"potentialAction\":[{\"@type\":\"SearchAction\",\"target\":{\"@type\":\"EntryPoint\",\"urlTemplate\":\"https:\/\/www.zellerhof-lunz.at\/?s={search_term_string}\"},\"query-input\":{\"@type\":\"PropertyValueSpecification\",\"valueRequired\":true,\"valueName\":\"search_term_string\"}}],\"inLanguage\":\"en-US\"},{\"@type\":\"Organization\",\"@id\":\"https:\/\/www.zellerhof-lunz.at\/#organization\",\"name\":\"Zellerhof Lunz\",\"url\":\"https:\/\/www.zellerhof-lunz.at\/\",\"logo\":{\"@type\":\"ImageObject\",\"inLanguage\":\"en-US\",\"@id\":\"https:\/\/www.zellerhof-lunz.at\/#\/schema\/logo\/image\/\",\"url\":\"https:\/\/www.zellerhof-lunz.at\/wp2017\/wp-content\/uploads\/2020\/07\/logozh.png\",\"contentUrl\":\"https:\/\/www.zellerhof-lunz.at\/wp2017\/wp-content\/uploads\/2020\/07\/logozh.png\",\"width\":350,\"height\":100,\"caption\":\"Zellerhof Lunz\"},\"image\":{\"@id\":\"https:\/\/www.zellerhof-lunz.at\/#\/schema\/logo\/image\/\"}}]}<\/script>\n<!-- \/ Yoast SEO plugin. -->","yoast_head_json":{"title":"Kulinarik & Genuss &#8211; Zellerhof Lunz","robots":{"index":"index","follow":"follow","max-snippet":"max-snippet:-1","max-image-preview":"max-image-preview:large","max-video-preview":"max-video-preview:-1"},"canonical":"https:\/\/www.zellerhof-lunz.at\/en\/apartments\/kulinarik-genuss\/","og_locale":"en_US","og_type":"article","og_title":"Kulinarik & Genuss &#8211; Zellerhof Lunz","og_description":"Kulinarisches f\u00fcr unsere Hausg\u00e4ste Alle kulinarischen Angebote vom Fr\u00fchst\u00fcck bis zum Abendessen bieten wir Ihnen in unserem Landhotel an. Reichhaltiges Fr\u00fchst\u00fccksbuffet Starten Sie in den Tag mit einem gem\u00fctlichen Fr\u00fchst\u00fcck gemeinsam mit Ihren Liebsten und g\u00f6nnen Sie sich ein wenig Zeit f\u00fcr sich selbst. Am gro\u00dfen Fr\u00fchst\u00fccksbuffet vom Landhotel Zellerhof erwarten Sie zahlreiche regionale Produkte [&hellip;]","og_url":"https:\/\/www.zellerhof-lunz.at\/en\/apartments\/kulinarik-genuss\/","og_site_name":"Zellerhof Lunz","article_modified_time":"2021-10-07T21:31:55+00:00","og_image":[{"url":"https:\/\/www.zellerhof-lunz.at\/wp2017\/wp-content\/uploads\/2017\/06\/2li3669cmichael-liebert-600x400.jpg","type":"","width":"","height":""}],"twitter_card":"summary_large_image","twitter_misc":{"Est. reading time":"2 minutes"},"schema":{"@context":"https:\/\/schema.org","@graph":[{"@type":"WebPage","@id":"https:\/\/www.zellerhof-lunz.at\/apartments\/kulinarik-genuss\/","url":"https:\/\/www.zellerhof-lunz.at\/apartments\/kulinarik-genuss\/","name":"Kulinarik & Genuss &#8211; Zellerhof Lunz","isPartOf":{"@id":"https:\/\/www.zellerhof-lunz.at\/#website"},"primaryImageOfPage":{"@id":"https:\/\/www.zellerhof-lunz.at\/apartments\/kulinarik-genuss\/#primaryimage"},"image":{"@id":"https:\/\/www.zellerhof-lunz.at\/apartments\/kulinarik-genuss\/#primaryimage"},"thumbnailUrl":"https:\/\/www.zellerhof-lunz.at\/wp2017\/wp-content\/uploads\/2017\/06\/2li3669cmichael-liebert-600x400.jpg","datePublished":"2017-10-30T13:50:51+00:00","dateModified":"2021-10-07T21:31:55+00:00","breadcrumb":{"@id":"https:\/\/www.zellerhof-lunz.at\/apartments\/kulinarik-genuss\/#breadcrumb"},"inLanguage":"en-US","potentialAction":[{"@type":"ReadAction","target":["https:\/\/www.zellerhof-lunz.at\/apartments\/kulinarik-genuss\/"]}]},{"@type":"ImageObject","inLanguage":"en-US","@id":"https:\/\/www.zellerhof-lunz.at\/apartments\/kulinarik-genuss\/#primaryimage","url":"https:\/\/www.zellerhof-lunz.at\/wp2017\/wp-content\/uploads\/2017\/06\/2li3669cmichael-liebert-600x400.jpg","contentUrl":"https:\/\/www.zellerhof-lunz.at\/wp2017\/wp-content\/uploads\/2017\/06\/2li3669cmichael-liebert-600x400.jpg"},{"@type":"BreadcrumbList","@id":"https:\/\/www.zellerhof-lunz.at\/apartments\/kulinarik-genuss\/#breadcrumb","itemListElement":[{"@type":"ListItem","position":1,"name":"Startseite","item":"https:\/\/www.zellerhof-lunz.at\/"},{"@type":"ListItem","position":2,"name":"Apartment","item":"https:\/\/www.zellerhof-lunz.at\/apartments\/"},{"@type":"ListItem","position":3,"name":"Kulinarik &#038; Genuss"}]},{"@type":"WebSite","@id":"https:\/\/www.zellerhof-lunz.at\/#website","url":"https:\/\/www.zellerhof-lunz.at\/","name":"Zellerhof Lunz","description":"Country hotel, restaurant and apartments in Lunz am See","publisher":{"@id":"https:\/\/www.zellerhof-lunz.at\/#organization"},"potentialAction":[{"@type":"SearchAction","target":{"@type":"EntryPoint","urlTemplate":"https:\/\/www.zellerhof-lunz.at\/?s={search_term_string}"},"query-input":{"@type":"PropertyValueSpecification","valueRequired":true,"valueName":"search_term_string"}}],"inLanguage":"en-US"},{"@type":"Organization","@id":"https:\/\/www.zellerhof-lunz.at\/#organization","name":"Zellerhof Lunz","url":"https:\/\/www.zellerhof-lunz.at\/","logo":{"@type":"ImageObject","inLanguage":"en-US","@id":"https:\/\/www.zellerhof-lunz.at\/#\/schema\/logo\/image\/","url":"https:\/\/www.zellerhof-lunz.at\/wp2017\/wp-content\/uploads\/2020\/07\/logozh.png","contentUrl":"https:\/\/www.zellerhof-lunz.at\/wp2017\/wp-content\/uploads\/2020\/07\/logozh.png","width":350,"height":100,"caption":"Zellerhof Lunz"},"image":{"@id":"https:\/\/www.zellerhof-lunz.at\/#\/schema\/logo\/image\/"}}]}},"_links":{"self":[{"href":"https:\/\/www.zellerhof-lunz.at\/en\/wp-json\/wp\/v2\/pages\/730","targetHints":{"allow":["GET"]}}],"collection":[{"href":"https:\/\/www.zellerhof-lunz.at\/en\/wp-json\/wp\/v2\/pages"}],"about":[{"href":"https:\/\/www.zellerhof-lunz.at\/en\/wp-json\/wp\/v2\/types\/page"}],"author":[{"embeddable":true,"href":"https:\/\/www.zellerhof-lunz.at\/en\/wp-json\/wp\/v2\/users\/1"}],"replies":[{"embeddable":true,"href":"https:\/\/www.zellerhof-lunz.at\/en\/wp-json\/wp\/v2\/comments?post=730"}],"version-history":[{"count":15,"href":"https:\/\/www.zellerhof-lunz.at\/en\/wp-json\/wp\/v2\/pages\/730\/revisions"}],"predecessor-version":[{"id":3595,"href":"https:\/\/www.zellerhof-lunz.at\/en\/wp-json\/wp\/v2\/pages\/730\/revisions\/3595"}],"up":[{"embeddable":true,"href":"https:\/\/www.zellerhof-lunz.at\/en\/wp-json\/wp\/v2\/pages\/21"}],"wp:attachment":[{"href":"https:\/\/www.zellerhof-lunz.at\/en\/wp-json\/wp\/v2\/media?parent=730"}],"curies":[{"name":"wp","href":"https:\/\/api.w.org\/{rel}","templated":true}]}}